{"id":78935,"date":"2023-08-28T11:01:17","date_gmt":"2023-08-28T10:01:17","guid":{"rendered":"https:\/\/whisky.ad\/product\/malteser-aquavit-bitter-0-7l-40\/"},"modified":"2023-08-28T11:01:17","modified_gmt":"2023-08-28T10:01:17","slug":"malteser-aquavit-bitter-0-7l-40","status":"publish","type":"product","link":"https:\/\/whisky.ad\/fr\/produit\/malteser-aquavit-bitter-0-7l-40\/","title":{"rendered":"Malteser Aquavit-Bitter 0.7l 40%"},"content":{"rendered":"","protected":false},"excerpt":{"rendered":"<p>La d\u00e9licieuse liqueur aux herbes Malteser \u00e9mane de la c\u00e9l\u00e8bre marque Malteser, connue pour fabriquer un aquavit de qualit\u00e9 sup\u00e9rieure depuis pr\u00e8s d&#8217;un si\u00e8cle. Enracin\u00e9e dans une recette qui remonte \u00e0 sa cr\u00e9ation en 1924, cette liqueur aux herbes compl\u00e8te l&#8217;h\u00e9ritage de la marque. Bien qu&#8217;historiquement connue pour son aquavit, la gamme Malteser s&#8217;est \u00e9largie en 2018 pour inclure cette liqueur \u00e0 base d&#8217;herbes, exclusivement disponible en Allemagne. La bouteille de liqueur aux herbes Malteser est aussi visuellement captivante que son homologue aquavit. L&#8217;\u00e9tiquette arbore une remarquable croix de Malte blanche sur fond rouge vif, un motif repris sur le col de la bouteille. La bouteille elle-m\u00eame, dans des tons sombres et \u00e9l\u00e9gants, d\u00e9gage un air de sophistication. Au-del\u00e0 de son esth\u00e9tique, la liqueur aux herbes Malteser brille par son profil aromatique exceptionnel, fruit d&#8217;une s\u00e9lection m\u00e9ticuleuse d&#8217;herbes et d&#8217;\u00e9pices, au nombre de 20 environ. Ce m\u00e9lange botanique diversifi\u00e9 est \u00e9vident d\u00e8s le d\u00e9bouchage de la liqueur, r\u00e9v\u00e9lant un nez aromatique qui m\u00e8ne sans heurt au palais. En particulier, le piquant prononc\u00e9 captive, avec des notes distinctes de poivre et d&#8217;anis qui occupent le devant de la sc\u00e8ne. La liqueur aux herbes Malteser se pr\u00eate parfaitement \u00e0 la d\u00e9gustation d&#8217;un shot frais, mettant en valeur ses subtilit\u00e9s. Elle peut \u00e9galement s&#8217;associer harmonieusement \u00e0 une bi\u00e8re fra\u00eeche pour une exp\u00e9rience gustative distincte et m\u00e9morable.  <\/p>\n","protected":false},"featured_media":77284,"comment_status":"open","ping_status":"closed","template":"","meta":{"_acf_changed":false},"product_brand":[],"product_cat":[347,348,411],"product_tag":[],"class_list":{"0":"post-78935","1":"product","2":"type-product","3":"status-publish","4":"has-post-thumbnail","6":"product_cat-spirits-fr","7":"product_cat-aquavit-fr","8":"product_cat-bitter-fr","10":"first","11":"instock","12":"taxable","13":"shipping-taxable","14":"purchasable","15":"product-type-simple"},"acf":[],"aioseo_notices":[],"jetpack_sharing_enabled":true,"_links":{"self":[{"href":"https:\/\/whisky.ad\/fr\/wp-json\/wp\/v2\/product\/78935","targetHints":{"allow":["GET"]}}],"collection":[{"href":"https:\/\/whisky.ad\/fr\/wp-json\/wp\/v2\/product"}],"about":[{"href":"https:\/\/whisky.ad\/fr\/wp-json\/wp\/v2\/types\/product"}],"replies":[{"embeddable":true,"href":"https:\/\/whisky.ad\/fr\/wp-json\/wp\/v2\/comments?post=78935"}],"wp:featuredmedia":[{"embeddable":true,"href":"https:\/\/whisky.ad\/fr\/wp-json\/wp\/v2\/media\/77284"}],"wp:attachment":[{"href":"https:\/\/whisky.ad\/fr\/wp-json\/wp\/v2\/media?parent=78935"}],"wp:term":[{"taxonomy":"product_brand","embeddable":true,"href":"https:\/\/whisky.ad\/fr\/wp-json\/wp\/v2\/product_brand?post=78935"},{"taxonomy":"product_cat","embeddable":true,"href":"https:\/\/whisky.ad\/fr\/wp-json\/wp\/v2\/product_cat?post=78935"},{"taxonomy":"product_tag","embeddable":true,"href":"https:\/\/whisky.ad\/fr\/wp-json\/wp\/v2\/product_tag?post=78935"}],"curies":[{"name":"wp","href":"https:\/\/api.w.org\/{rel}","templated":true}]}}