{"id":78932,"date":"2020-01-12T18:15:36","date_gmt":"2020-01-12T17:15:36","guid":{"rendered":"https:\/\/whisky.ad\/product\/mackmyra-vintersol-swedish-single-malt\/"},"modified":"2020-01-12T18:15:36","modified_gmt":"2020-01-12T17:15:36","slug":"mackmyra-vintersol-swedish-single-malt","status":"publish","type":"product","link":"https:\/\/whisky.ad\/fr\/produit\/mackmyra-vintersol-swedish-single-malt\/","title":{"rendered":"Mackmyra Vintersol Swedish Single Malt"},"content":{"rendered":"<p>Volume : 70 cl, Alc:\/vol : 46,1 % Master Blender:Angela D&#8217;Orazio PROFIL AROMATIQUE : &#8211; 1er remplissage Ex-Portwinecasks, 500-700 L &#8211; Ch\u00eane am\u00e9ricain neuf et 1er remplissage, 200-128 L &#8211; 1er remplissage Ex-Bourbon, 100 L &#8211; 1er remplissage Oloroso et ch\u00eane su\u00e9dois, 100-128 L Mackmyra Vintersol (Soleil d&#8217;hiver) est un whisky single malt su\u00e9dois cr\u00e9\u00e9 en collaboration avec le producteur de vin de Porto Quinta Do Vallado, l&#8217;une des Quintas les plus anciennes et les plus c\u00e9l\u00e8bres de la vall\u00e9e du Douro. Le soleil d&#8217;hiver su\u00e9dois ne vient pas aussi souvent que nous le souhaiterions, et nous voulions donc que la saveur des raisins gorg\u00e9s de soleil tienne compagnie \u00e0 ce whisky. Le profil aromatique du whisky provient de sa finition dans des f\u00fbts ayant contenu du vin de Porto, avec des notes de vanille, de chocolat et de poivre. Le whisky qui en r\u00e9sulte est \u00e9l\u00e9gant avec un l\u00e9ger piquant et des notes de raisins secs chauds, de fruits m\u00fbrs au soleil, de baies tropicales, de fondant de poire au beurre, de vanille et de ch\u00eane grill\u00e9. NARIZ \u00c9pic\u00e9 et herbac\u00e9, avec des notes fruit\u00e9es et chaudes de raisin vinifi\u00e9 et une min\u00e9ralit\u00e9. Doux ch\u00eane vanill\u00e9, avec des ar\u00f4mes d&#8217;anis, de gingembre, de raisin sec, de poire caram\u00e9lis\u00e9e et de vanille. BOUCHE Doux, fruit\u00e9 mais \u00e9pic\u00e9 avec des fruits secs, des poires et des raisins secs, du gingembre et de la vanille. Texture cr\u00e9meuse et moyennement riche. FINALE Fruit\u00e9, \u00e9pic\u00e9 et bois\u00e9, avec des raisins chauds.<\/p>\n<p>&nbsp;<\/p>\n<p>&nbsp;<\/p>\n","protected":false},"excerpt":{"rendered":"<p>Volume : 70 cl, Alc:\/vol : 46,1 % Master Blender:Angela D&#8217;Orazio PROFIL AROMATIQUE : &#8211; 1er remplissage Ex-Portwinecasks, 500-700 L &#8211; Ch\u00eane am\u00e9ricain neuf et 1er remplissage, 200-128 L &#8211; 1er remplissage Ex-Bourbon, 100 L &#8211; 1er remplissage Oloroso et ch\u00eane su\u00e9dois, 100-128 L Mackmyra Vintersol (Soleil d&#8217;hiver) est un whisky single malt su\u00e9dois cr\u00e9\u00e9 [&hellip;]<\/p>\n","protected":false},"featured_media":72159,"comment_status":"open","ping_status":"closed","template":"","meta":{"_acf_changed":false},"product_brand":[],"product_cat":[457,523,357],"product_tag":[],"class_list":{"0":"post-78932","1":"product","2":"type-product","3":"status-publish","4":"has-post-thumbnail","6":"product_cat-mackmyra-fr","7":"product_cat-sweden-fr","8":"product_cat-whisky-by-brand-fr","10":"first","11":"outofstock","12":"taxable","13":"shipping-taxable","14":"purchasable","15":"product-type-simple"},"acf":[],"aioseo_notices":[],"jetpack_sharing_enabled":true,"_links":{"self":[{"href":"https:\/\/whisky.ad\/fr\/wp-json\/wp\/v2\/product\/78932","targetHints":{"allow":["GET"]}}],"collection":[{"href":"https:\/\/whisky.ad\/fr\/wp-json\/wp\/v2\/product"}],"about":[{"href":"https:\/\/whisky.ad\/fr\/wp-json\/wp\/v2\/types\/product"}],"replies":[{"embeddable":true,"href":"https:\/\/whisky.ad\/fr\/wp-json\/wp\/v2\/comments?post=78932"}],"wp:featuredmedia":[{"embeddable":true,"href":"https:\/\/whisky.ad\/fr\/wp-json\/wp\/v2\/media\/72159"}],"wp:attachment":[{"href":"https:\/\/whisky.ad\/fr\/wp-json\/wp\/v2\/media?parent=78932"}],"wp:term":[{"taxonomy":"product_brand","embeddable":true,"href":"https:\/\/whisky.ad\/fr\/wp-json\/wp\/v2\/product_brand?post=78932"},{"taxonomy":"product_cat","embeddable":true,"href":"https:\/\/whisky.ad\/fr\/wp-json\/wp\/v2\/product_cat?post=78932"},{"taxonomy":"product_tag","embeddable":true,"href":"https:\/\/whisky.ad\/fr\/wp-json\/wp\/v2\/product_tag?post=78932"}],"curies":[{"name":"wp","href":"https:\/\/api.w.org\/{rel}","templated":true}]}}