{"id":78926,"date":"2020-01-12T19:03:36","date_gmt":"2020-01-12T18:03:36","guid":{"rendered":"https:\/\/whisky.ad\/product\/mackmyra-organic-gin-0-7l-40\/"},"modified":"2020-01-12T19:03:36","modified_gmt":"2020-01-12T18:03:36","slug":"mackmyra-organic-gin-0-7l-40","status":"publish","type":"product","link":"https:\/\/whisky.ad\/fr\/produit\/mackmyra-organic-gin-0-7l-40\/","title":{"rendered":"Mackmyra Organic Gin 0.7L. 40%"},"content":{"rendered":"<h5>700 ml, Alc 40% vol.<\/h5>\n<h5>Le Lab Distillery Organic Gin est un gin moderne et artisanal au go\u00fbt classique qui int\u00e8gre des saveurs su\u00e9doises et des ingr\u00e9dients biologiques soigneusement s\u00e9lectionn\u00e9s, distill\u00e9s dans l&#8217;alambic traditionnel en cuivre de Mackmyra Bruk.<\/h5>\n<h5>Principes botaniques : Geni\u00e8vre, coriandre, citron, fleur de sureau, airelle et mangue. Le gin biologique a \u00e9t\u00e9 con\u00e7u pour \u00eatre utilis\u00e9 dans les cocktails classiques \u00e0 base de gin ou dans les dry martinis. <\/h5>\n<p>Principes botaniques : Geni\u00e8vre, coriandre, citron, fleur de sureau, airelle et mangue.<\/p>\n","protected":false},"excerpt":{"rendered":"<p>700 ml, Alc 40% vol. Le Lab Distillery Organic Gin est un gin moderne et artisanal au go\u00fbt classique qui int\u00e8gre des saveurs su\u00e9doises et des ingr\u00e9dients biologiques soigneusement s\u00e9lectionn\u00e9s, distill\u00e9s dans l&#8217;alambic traditionnel en cuivre de Mackmyra Bruk. Principes botaniques : Geni\u00e8vre, coriandre, citron, fleur de sureau, airelle et mangue. Le gin biologique a [&hellip;]<\/p>\n","protected":false},"featured_media":77449,"comment_status":"open","ping_status":"closed","template":"","meta":{"_acf_changed":false},"product_brand":[],"product_cat":[347,416],"product_tag":[],"class_list":{"0":"post-78926","1":"product","2":"type-product","3":"status-publish","4":"has-post-thumbnail","6":"product_cat-spirits-fr","7":"product_cat-gin-fr","9":"first","10":"instock","11":"taxable","12":"shipping-taxable","13":"purchasable","14":"product-type-simple"},"acf":[],"aioseo_notices":[],"jetpack_sharing_enabled":true,"_links":{"self":[{"href":"https:\/\/whisky.ad\/fr\/wp-json\/wp\/v2\/product\/78926","targetHints":{"allow":["GET"]}}],"collection":[{"href":"https:\/\/whisky.ad\/fr\/wp-json\/wp\/v2\/product"}],"about":[{"href":"https:\/\/whisky.ad\/fr\/wp-json\/wp\/v2\/types\/product"}],"replies":[{"embeddable":true,"href":"https:\/\/whisky.ad\/fr\/wp-json\/wp\/v2\/comments?post=78926"}],"wp:featuredmedia":[{"embeddable":true,"href":"https:\/\/whisky.ad\/fr\/wp-json\/wp\/v2\/media\/77449"}],"wp:attachment":[{"href":"https:\/\/whisky.ad\/fr\/wp-json\/wp\/v2\/media?parent=78926"}],"wp:term":[{"taxonomy":"product_brand","embeddable":true,"href":"https:\/\/whisky.ad\/fr\/wp-json\/wp\/v2\/product_brand?post=78926"},{"taxonomy":"product_cat","embeddable":true,"href":"https:\/\/whisky.ad\/fr\/wp-json\/wp\/v2\/product_cat?post=78926"},{"taxonomy":"product_tag","embeddable":true,"href":"https:\/\/whisky.ad\/fr\/wp-json\/wp\/v2\/product_tag?post=78926"}],"curies":[{"name":"wp","href":"https:\/\/api.w.org\/{rel}","templated":true}]}}