{"id":78923,"date":"2020-01-12T18:39:36","date_gmt":"2020-01-12T17:39:36","guid":{"rendered":"https:\/\/whisky.ad\/product\/mackmyra-moment-prestige-swedish-single-malt\/"},"modified":"2020-01-12T18:39:36","modified_gmt":"2020-01-12T17:39:36","slug":"mackmyra-moment-prestige-swedish-single-malt","status":"publish","type":"product","link":"https:\/\/whisky.ad\/fr\/produit\/mackmyra-moment-prestige-swedish-single-malt\/","title":{"rendered":"Mackmyra Moment Prestige Swedish Single Malt"},"content":{"rendered":"<p>NOTE D&#8217;INFORMATION Notes fruit\u00e9es et vineuses, \u00e9pices herbac\u00e9es, vanille, ch\u00eane grill\u00e9, fond de poire, raisins chauds, poivre blanc, anis, gingembre et cardamome. GO\u00dbT Ch\u00eane et notes prononc\u00e9es de raisin blanc et de pamplemousse. Notes \u00e9pic\u00e9es et herbac\u00e9es d&#8217;eucaplyptus, d&#8217;anis et de vanille. La texture est moyennement \u00e9paisse. L&#8217;arri\u00e8re-go\u00fbt est long avec des notes vineuses tangibles de champage qui \u00e9voluent vers des notes s\u00e8ches de ch\u00eane.<\/p>\n<p><img loading=\"lazy\" decoding=\"async\" class=\"alignnone size-medium wp-image-7064\" src=\"https:\/\/mackmyra.com\/wp-content\/uploads\/prestigeprestige-750x333.jpg\" sizes=\"auto, (max-width: 750px) 100vw, 750px\" srcset=\"https:\/\/mackmyra.com\/wp-content\/uploads\/prestigeprestige-750x333.jpg 750w, https:\/\/mackmyra.com\/wp-content\/uploads\/prestigeprestige-768x341.jpg 768w, https:\/\/mackmyra.com\/wp-content\/uploads\/prestigeprestige-1140x507.jpg 1140w, https:\/\/mackmyra.com\/wp-content\/uploads\/prestigeprestige.jpg 1350w\" alt=\"\" width=\"750\" height=\"333\"><\/p>\n<p>NEZ Des notes fruit\u00e9es et vineuses, des \u00e9pices v\u00e9g\u00e9tales, de la vanille, du ch\u00eane grill\u00e9, du fondant de poire, des raisins chauds, du poivre blanc, de l&#8217;anis, du gingembre et de la cardamome. GO\u00dbT Ch\u00eane et notes prononc\u00e9es de raisin blanc et de pamplemousse. Notes \u00e9pic\u00e9es et herbac\u00e9es d&#8217;eucaplyptus, d&#8217;anis et de vanille. La texture est moyennement \u00e9paisse. L&#8217;arri\u00e8re-go\u00fbt est long avec des notes vineuses tangibles de champage qui \u00e9voluent vers des notes s\u00e8ches de ch\u00eane.<\/p>\n","protected":false},"excerpt":{"rendered":"<p>NOTE D&#8217;INFORMATION Notes fruit\u00e9es et vineuses, \u00e9pices herbac\u00e9es, vanille, ch\u00eane grill\u00e9, fond de poire, raisins chauds, poivre blanc, anis, gingembre et cardamome. GO\u00dbT Ch\u00eane et notes prononc\u00e9es de raisin blanc et de pamplemousse. Notes \u00e9pic\u00e9es et herbac\u00e9es d&#8217;eucaplyptus, d&#8217;anis et de vanille. La texture est moyennement \u00e9paisse. L&#8217;arri\u00e8re-go\u00fbt est long avec des notes vineuses tangibles [&hellip;]<\/p>\n","protected":false},"featured_media":75850,"comment_status":"open","ping_status":"closed","template":"","meta":{"_acf_changed":false},"product_brand":[],"product_cat":[357,457,523],"product_tag":[],"class_list":{"0":"post-78923","1":"product","2":"type-product","3":"status-publish","4":"has-post-thumbnail","6":"product_cat-whisky-by-brand-fr","7":"product_cat-mackmyra-fr","8":"product_cat-sweden-fr","10":"first","11":"instock","12":"taxable","13":"shipping-taxable","14":"purchasable","15":"product-type-simple"},"acf":[],"aioseo_notices":[],"jetpack_sharing_enabled":true,"_links":{"self":[{"href":"https:\/\/whisky.ad\/fr\/wp-json\/wp\/v2\/product\/78923","targetHints":{"allow":["GET"]}}],"collection":[{"href":"https:\/\/whisky.ad\/fr\/wp-json\/wp\/v2\/product"}],"about":[{"href":"https:\/\/whisky.ad\/fr\/wp-json\/wp\/v2\/types\/product"}],"replies":[{"embeddable":true,"href":"https:\/\/whisky.ad\/fr\/wp-json\/wp\/v2\/comments?post=78923"}],"wp:featuredmedia":[{"embeddable":true,"href":"https:\/\/whisky.ad\/fr\/wp-json\/wp\/v2\/media\/75850"}],"wp:attachment":[{"href":"https:\/\/whisky.ad\/fr\/wp-json\/wp\/v2\/media?parent=78923"}],"wp:term":[{"taxonomy":"product_brand","embeddable":true,"href":"https:\/\/whisky.ad\/fr\/wp-json\/wp\/v2\/product_brand?post=78923"},{"taxonomy":"product_cat","embeddable":true,"href":"https:\/\/whisky.ad\/fr\/wp-json\/wp\/v2\/product_cat?post=78923"},{"taxonomy":"product_tag","embeddable":true,"href":"https:\/\/whisky.ad\/fr\/wp-json\/wp\/v2\/product_tag?post=78923"}],"curies":[{"name":"wp","href":"https:\/\/api.w.org\/{rel}","templated":true}]}}