{"id":78920,"date":"2020-01-12T18:45:05","date_gmt":"2020-01-12T17:45:05","guid":{"rendered":"https:\/\/whisky.ad\/product\/mackmyra-moment-karibien-swedish-single-malt\/"},"modified":"2020-01-12T18:45:05","modified_gmt":"2020-01-12T17:45:05","slug":"mackmyra-moment-karibien-swedish-single-malt","status":"publish","type":"product","link":"https:\/\/whisky.ad\/fr\/produit\/mackmyra-moment-karibien-swedish-single-malt\/","title":{"rendered":"Mackmyra Moment Karibien Swedish Single Malt"},"content":{"rendered":"<p>Volume : 70 cl, Alc:\/vol : 44,4 % PROFIL AROMATIQUE : F\u00fbts de rhum, 350 L Ex-bourbon, 200 L Oloroso, 128 L Cherrycask, 200L Moment Karibien est maintenant arriv\u00e9, la suite tr\u00e8s attendue de Mackmyra Vinterdr\u00f6m. Moment Karibien est un \u00e9l\u00e9gant whisky single-malt, partiellement affin\u00e9 dans des f\u00fbts ayant contenu du rhum Plantation Barbados &amp; Jamaica, mais \u00e9galement aromatis\u00e9 avec du whisky provenant d&#8217;ex-f\u00fbts Oloroso et d&#8217;ex-f\u00fbts de cerises. Environ 75 % du whisky a \u00e9t\u00e9 \u00e9lev\u00e9 dans des f\u00fbts de rhum. Il en r\u00e9sulte un whisky \u00e9pic\u00e9 et fruit\u00e9, avec des notes chaudes de rhum et de ch\u00eane vanill\u00e9. Le whisky provenant des diff\u00e9rents f\u00fbts qui composent Moment Karibien a au moins 8 ans et au plus 12 ans d&#8217;\u00e2ge. La maturation a lieu \u00e0 50 m\u00e8tres sous terre, dans la mine de Bod\u00e5s. Le whisky a \u00e9t\u00e9 produit en \u00e9dition limit\u00e9e \u00e0 4 137 bouteilles. NEZ Fruit\u00e9, \u00e9pic\u00e9 et beurr\u00e9, avec des notes de vanille, de caramel et de ch\u00eane grill\u00e9. \u00c9voquant les baies, il pr\u00e9sente des ar\u00f4mes de rhum, de fruits secs et de poire. GO\u00dbT \u00c9pic\u00e9 et fruit\u00e9 avec des notes chaudes de rhum, d&#8217;Oloroso et de ch\u00eane vanill\u00e9. La texture est l\u00e9g\u00e8rement huileuse. APER\u00c7U Fruit\u00e9 et bois\u00e9 avec une pointe de vanille.<\/p>\n","protected":false},"excerpt":{"rendered":"<p>Volume : 70 cl, Alc:\/vol : 44,4 % PROFIL AROMATIQUE : F\u00fbts de rhum, 350 L Ex-bourbon, 200 L Oloroso, 128 L Cherrycask, 200L Moment Karibien est maintenant arriv\u00e9, la suite tr\u00e8s attendue de Mackmyra Vinterdr\u00f6m. Moment Karibien est un \u00e9l\u00e9gant whisky single-malt, partiellement affin\u00e9 dans des f\u00fbts ayant contenu du rhum Plantation Barbados &amp; [&hellip;]<\/p>\n","protected":false},"featured_media":79185,"comment_status":"open","ping_status":"closed","template":"","meta":{"_acf_changed":false},"product_brand":[],"product_cat":[357,457,523],"product_tag":[],"class_list":{"0":"post-78920","1":"product","2":"type-product","3":"status-publish","4":"has-post-thumbnail","6":"product_cat-whisky-by-brand-fr","7":"product_cat-mackmyra-fr","8":"product_cat-sweden-fr","10":"first","11":"instock","12":"taxable","13":"shipping-taxable","14":"purchasable","15":"product-type-simple"},"acf":[],"aioseo_notices":[],"jetpack_sharing_enabled":true,"_links":{"self":[{"href":"https:\/\/whisky.ad\/fr\/wp-json\/wp\/v2\/product\/78920","targetHints":{"allow":["GET"]}}],"collection":[{"href":"https:\/\/whisky.ad\/fr\/wp-json\/wp\/v2\/product"}],"about":[{"href":"https:\/\/whisky.ad\/fr\/wp-json\/wp\/v2\/types\/product"}],"replies":[{"embeddable":true,"href":"https:\/\/whisky.ad\/fr\/wp-json\/wp\/v2\/comments?post=78920"}],"wp:featuredmedia":[{"embeddable":true,"href":"https:\/\/whisky.ad\/fr\/wp-json\/wp\/v2\/media\/79185"}],"wp:attachment":[{"href":"https:\/\/whisky.ad\/fr\/wp-json\/wp\/v2\/media?parent=78920"}],"wp:term":[{"taxonomy":"product_brand","embeddable":true,"href":"https:\/\/whisky.ad\/fr\/wp-json\/wp\/v2\/product_brand?post=78920"},{"taxonomy":"product_cat","embeddable":true,"href":"https:\/\/whisky.ad\/fr\/wp-json\/wp\/v2\/product_cat?post=78920"},{"taxonomy":"product_tag","embeddable":true,"href":"https:\/\/whisky.ad\/fr\/wp-json\/wp\/v2\/product_tag?post=78920"}],"curies":[{"name":"wp","href":"https:\/\/api.w.org\/{rel}","templated":true}]}}