{"id":78913,"date":"2020-01-12T18:55:18","date_gmt":"2020-01-12T17:55:18","guid":{"rendered":"https:\/\/whisky.ad\/product\/mackmyra-bee-honey-whisky\/"},"modified":"2023-12-11T17:14:27","modified_gmt":"2023-12-11T16:14:27","slug":"mackmyra-bee-honey-whisky","status":"publish","type":"product","link":"https:\/\/whisky.ad\/fr\/produit\/mackmyra-bee-honey-whisky\/","title":{"rendered":"Mackmyra Bee Honey Whisky"},"content":{"rendered":"<p>0,5L 22% Liqueur de whisky et de miel fabriqu\u00e9e \u00e0 partir d&#8217;ingr\u00e9dients purement su\u00e9dois Bee est une liqueur su\u00e9doise au whisky et au miel, fabriqu\u00e9e \u00e0 partir de whisky su\u00e9dois, de vodka de malt et de miel biologique. Le miel est produit dans les environs de G\u00e4vle et de Valbo, principalement \u00e0 partir de pissenlits, de tilleuls et de fleurs de for\u00eat, avec des notes de framboise. La couleur est jaune ambr\u00e9 et le nez est fruit\u00e9, baies et complexe avec des notes de miel, de bois de f\u00fbt, de vanille et de caf\u00e9. La bouche est d\u00e9licieuse et douce comme le miel, avec des ar\u00f4mes de sucre demerara, de vanille et de caramel au beurre, avec de l\u00e9g\u00e8res notes de f\u00fbt en arri\u00e8re-plan. L&#8217;arri\u00e8re-go\u00fbt est l\u00e9g\u00e8rement mielleux avec des notes d&#8217;amande, de caf\u00e9 et d&#8217;agrumes. Le taux d&#8217;alcool\u00e9mie est fix\u00e9 \u00e0 22 %, ce qui permet d&#8217;\u00e9quilibrer parfaitement les douces notes de miel. La Bee se d\u00e9guste avec une boisson fra\u00eeche ou pour terminer en douceur un bon d\u00eener. NEZ Le nez est fruit\u00e9, baies et complexe avec des notes de miel, de bois de f\u00fbt, de vanille et de caf\u00e9. BOUCHE La bouche est d\u00e9licieuse et douce comme le miel, avec des ar\u00f4mes de sucre demerara, de vanille et de caramel au beurre, avec de l\u00e9g\u00e8res notes de f\u00fbt en arri\u00e8re-plan. L&#8217;arri\u00e8re-go\u00fbt est l\u00e9g\u00e8rement mielleux avec des notes d&#8217;amande, de caf\u00e9 et d&#8217;agrumes.<\/p>\n<p>&nbsp;<\/p>\n","protected":false},"excerpt":{"rendered":"<p>0,5L 22% Liqueur de whisky et de miel fabriqu\u00e9e \u00e0 partir d&#8217;ingr\u00e9dients purement su\u00e9dois Bee est une liqueur su\u00e9doise au whisky et au miel, fabriqu\u00e9e \u00e0 partir de whisky su\u00e9dois, de vodka de malt et de miel biologique. Le miel est produit dans les environs de G\u00e4vle et de Valbo, principalement \u00e0 partir de pissenlits, [&hellip;]<\/p>\n","protected":false},"featured_media":75859,"comment_status":"open","ping_status":"closed","template":"","meta":{"_acf_changed":false},"product_brand":[],"product_cat":[347,424],"product_tag":[],"class_list":{"0":"post-78913","1":"product","2":"type-product","3":"status-publish","4":"has-post-thumbnail","6":"product_cat-spirits-fr","7":"product_cat-liqueur-fr","9":"first","10":"instock","11":"taxable","12":"shipping-taxable","13":"purchasable","14":"product-type-simple"},"acf":[],"aioseo_notices":[],"jetpack_sharing_enabled":true,"_links":{"self":[{"href":"https:\/\/whisky.ad\/fr\/wp-json\/wp\/v2\/product\/78913","targetHints":{"allow":["GET"]}}],"collection":[{"href":"https:\/\/whisky.ad\/fr\/wp-json\/wp\/v2\/product"}],"about":[{"href":"https:\/\/whisky.ad\/fr\/wp-json\/wp\/v2\/types\/product"}],"replies":[{"embeddable":true,"href":"https:\/\/whisky.ad\/fr\/wp-json\/wp\/v2\/comments?post=78913"}],"wp:featuredmedia":[{"embeddable":true,"href":"https:\/\/whisky.ad\/fr\/wp-json\/wp\/v2\/media\/75859"}],"wp:attachment":[{"href":"https:\/\/whisky.ad\/fr\/wp-json\/wp\/v2\/media?parent=78913"}],"wp:term":[{"taxonomy":"product_brand","embeddable":true,"href":"https:\/\/whisky.ad\/fr\/wp-json\/wp\/v2\/product_brand?post=78913"},{"taxonomy":"product_cat","embeddable":true,"href":"https:\/\/whisky.ad\/fr\/wp-json\/wp\/v2\/product_cat?post=78913"},{"taxonomy":"product_tag","embeddable":true,"href":"https:\/\/whisky.ad\/fr\/wp-json\/wp\/v2\/product_tag?post=78913"}],"curies":[{"name":"wp","href":"https:\/\/api.w.org\/{rel}","templated":true}]}}