{"id":78910,"date":"2019-12-30T16:19:41","date_gmt":"2019-12-30T15:19:41","guid":{"rendered":"https:\/\/whisky.ad\/product\/luigi-righetti-campo-tordi-corvina-2017\/"},"modified":"2024-01-12T11:32:04","modified_gmt":"2024-01-12T10:32:04","slug":"luigi-righetti-campo-tordi-corvina-2017","status":"publish","type":"product","link":"https:\/\/whisky.ad\/fr\/produit\/luigi-righetti-campo-tordi-corvina-2017\/","title":{"rendered":"Luigi Righetti \u2013 Campo Tordi Corvina 2017"},"content":{"rendered":"<div id=\"main-wrapper\" class=\"content-wrap ls-overflow-visible\">\n<div id=\"wrapper\" class=\"ls-overflow-visible\">\n<div class=\"page-container ls-overflow-visible\">\n<div id=\"cg-page-wrap\" class=\"hfeed site ls-overflow-visible\">\n<div class=\"content-area ls-overflow-visible\">\n<article id=\"post-71900\" class=\"post-71900 page type-page status-publish hentry ls-overflow-visible\">\n<div class=\"entry-content ls-overflow-visible\">\n<div class=\"container\">\n<div class=\"vc_row wpb_row vc_row-fluid\">\n<div class=\"wpb_column vc_column_container vc_col-sm-6\">\n<div class=\"vc_column-inner \">\n<div class=\"wpb_wrapper\">\n<div class=\"wpb_text_column wpb_content_element \">\n<div class=\"wpb_wrapper\">\n<p><strong>Vivino 3.5\/5<\/strong><\/p>\n<p>-Categor\u00edas: Corvina, Italia, Vino tinto, Luigi Righetti, V\u00e9neto, Vinos -Pa\u00eds \/ Regi\u00f3n: Italia \/ V\u00e9neto -Tipo: Vino tinto -Variedad: Corvina -Vintage: 2017 -Dolor practicada: Extra seco \u2013 Cuerpo: ligero \/ de cuerpo medio -Closura: corcho -C\u00f3mo beber: beber ahora y durante los pr\u00f3ximos 18 meses Descripci\u00f3n: formado por 100% corvina, la variedad primaria en vinos como Valpolicella Classico y Amarone della Valpolicella. El resultado es una expresi\u00f3n m\u00e1s fresca y frutera de la uva de Corvina. Busque notas de fruta roja brillante con una fina almendra amarga al final. Taninos ligeros, acidez equilibrada.<\/p>\n<\/div>\n<\/div>\n<\/div>\n<\/div>\n<\/div>\n<\/div>\n<\/div>\n<\/div>\n<\/article>\n<\/div>\n<\/div>\n<\/div>\n<\/div>\n<\/div>\n","protected":false},"excerpt":{"rendered":"<p>-Cat\u00e9gories : Corvina, Italie, Vin rouge, Luigi Righetti, V\u00e9n\u00e9tie, Vins -Pays\/R\u00e9gion : Italie \/ V\u00e9n\u00e9tie -Type : Vin rouge -C\u00e9page : Corvina &#8211; Mill\u00e9sime : 2017 -Pratique douleur : Extra sec \u2013 Corps : corps l\u00e9ger\/moyen &#8211; Fermeture : bouchon -Comment boire : \u00e0 boire maintenant et pendant les 18 prochains mois Description : \u00e9labor\u00e9 \u00e0 100 % \u00e0 partir de Corvina, le c\u00e9page principal des vins tels que le Valpolicella Classico et l&#8217;Amarone della Valpolicella. Le r\u00e9sultat est une expression plus fra\u00eeche et fruit\u00e9e du c\u00e9page Corvina. Recherchez des notes de fruits rouge vif avec une fine amande am\u00e8re en finale. Tanins l\u00e9gers, acidit\u00e9 \u00e9quilibr\u00e9e.<\/p>\n","protected":false},"featured_media":75637,"comment_status":"open","ping_status":"closed","template":"","meta":{"_acf_changed":false},"product_brand":[],"product_cat":[389,517],"product_tag":[519],"class_list":{"0":"post-78910","1":"product","2":"type-product","3":"status-publish","4":"has-post-thumbnail","6":"product_cat-wine-fr","7":"product_cat-veneto-fr","8":"product_tag-red-fr","10":"first","11":"instock","12":"sale","13":"taxable","14":"shipping-taxable","15":"purchasable","16":"product-type-simple"},"acf":[],"aioseo_notices":[],"jetpack_sharing_enabled":true,"_links":{"self":[{"href":"https:\/\/whisky.ad\/fr\/wp-json\/wp\/v2\/product\/78910","targetHints":{"allow":["GET"]}}],"collection":[{"href":"https:\/\/whisky.ad\/fr\/wp-json\/wp\/v2\/product"}],"about":[{"href":"https:\/\/whisky.ad\/fr\/wp-json\/wp\/v2\/types\/product"}],"replies":[{"embeddable":true,"href":"https:\/\/whisky.ad\/fr\/wp-json\/wp\/v2\/comments?post=78910"}],"wp:featuredmedia":[{"embeddable":true,"href":"https:\/\/whisky.ad\/fr\/wp-json\/wp\/v2\/media\/75637"}],"wp:attachment":[{"href":"https:\/\/whisky.ad\/fr\/wp-json\/wp\/v2\/media?parent=78910"}],"wp:term":[{"taxonomy":"product_brand","embeddable":true,"href":"https:\/\/whisky.ad\/fr\/wp-json\/wp\/v2\/product_brand?post=78910"},{"taxonomy":"product_cat","embeddable":true,"href":"https:\/\/whisky.ad\/fr\/wp-json\/wp\/v2\/product_cat?post=78910"},{"taxonomy":"product_tag","embeddable":true,"href":"https:\/\/whisky.ad\/fr\/wp-json\/wp\/v2\/product_tag?post=78910"}],"curies":[{"name":"wp","href":"https:\/\/api.w.org\/{rel}","templated":true}]}}