{"id":78908,"date":"2019-12-30T14:31:42","date_gmt":"2019-12-30T13:31:42","guid":{"rendered":"https:\/\/whisky.ad\/product\/luigi-righetti-amarone-della-valpolicella-classico-2015\/"},"modified":"2024-01-12T11:25:45","modified_gmt":"2024-01-12T10:25:45","slug":"luigi-righetti-amarone-della-valpolicella-classico-2015","status":"publish","type":"product","link":"https:\/\/whisky.ad\/fr\/produit\/luigi-righetti-amarone-della-valpolicella-classico-2015\/","title":{"rendered":"Luigi Righetti \u2013 Amarone della Valpolicella Classico 2015"},"content":{"rendered":"<p><strong>Entre el 5% m\u00e9s important de tots els vins del m\u00f3n (Vivino)<\/strong><\/p>\n<p><strong>Note de 88\/100 sur l&#8217;outil de recherche de vin agr\u00e9g\u00e9<\/strong><\/p>\n<p>-Cat\u00e9gories : Corvina, Italie, Luigi Righetti, Vin rouge, Vins de V\u00e9n\u00e9tie. -Pays\/R\u00e9gion : Italie \/ V\u00e9n\u00e9tie -Type : Vin rouge -C\u00e9page : corvina -Mill\u00e9sime : 2015 -Douceur per\u00e7ue : sec -Corps : cors\u00e9 -Fermeture : li\u00e8ge -Quand boire : \u00e0 boire maintenant et dans les 4 prochaines ann\u00e9es <strong>Remarque de go\u00fbt<\/strong> : rouge rubis, cors\u00e9, un nez tr\u00e8s complexe qui met en valeur les fruits secs, la cerise noire, les \u00e9pices douces et une touche anis\u00e9e. Ce vin a des saveurs extr\u00eamement riches, avec une finale et un arri\u00e8re-go\u00fbt longs et doux. Bien \u00e9quilibr\u00e9, avec une bonne acidit\u00e9, du ch\u00eane doux et de l&#8217;alcool. Le r\u00e9sultat du s\u00e9chage des raisins pendant 3 \u00e0 5 mois avant le pressurage. Il ne reste qu&#8217;un vin de fruits tr\u00e8s extrait avec 15% d&#8217;alcool. <strong>Accords<\/strong> : steak, fromage et p\u00e2tes<\/p>\n","protected":false},"excerpt":{"rendered":"<p>Parmi les 5 % des meilleurs vins du monde (Vivino) Score 88\/100 sur l&#8217;outil de recherche de vins agr\u00e9g\u00e9 -Cat\u00e9gories : Corvina, Italie, Luigi Righetti, Vin rouge, Vins de V\u00e9n\u00e9tie. -Pays\/R\u00e9gion : Italie \/ V\u00e9n\u00e9tie -Type : Vin rouge -C\u00e9page : corvina &#8211; Mill\u00e9sime : 2015 -Douceur per\u00e7ue : sec -Corps : cors\u00e9 &#8211; Fermeture : bouchon -Quand boire : \u00e0 boire maintenant et dans les 4 prochaines ann\u00e9es Note de d\u00e9gustation : rouge rubis, cors\u00e9, un nez tr\u00e8s complexe qui met en valeur les fruits secs, la cerise noire, les \u00e9pices douces et une touche anis\u00e9e. Ce vin a des saveurs extr\u00eamement riches, avec une finale et un arri\u00e8re-go\u00fbt longs et doux. Bien \u00e9quilibr\u00e9, avec une bonne acidit\u00e9, du ch\u00eane doux et de l&#8217;alcool. Le r\u00e9sultat du s\u00e9chage des raisins pendant 3 \u00e0 5 mois avant le pressurage. Il ne reste qu&#8217;un vin de fruits tr\u00e8s extrait avec 15% d&#8217;alcool. Accords : steak, fromage et p\u00e2tes<\/p>\n","protected":false},"featured_media":75610,"comment_status":"open","ping_status":"closed","template":"","meta":{"_acf_changed":false},"product_brand":[],"product_cat":[389,517],"product_tag":[],"class_list":{"0":"post-78908","1":"product","2":"type-product","3":"status-publish","4":"has-post-thumbnail","6":"product_cat-wine-fr","7":"product_cat-veneto-fr","9":"first","10":"outofstock","11":"taxable","12":"shipping-taxable","13":"purchasable","14":"product-type-simple"},"acf":[],"aioseo_notices":[],"jetpack_sharing_enabled":true,"_links":{"self":[{"href":"https:\/\/whisky.ad\/fr\/wp-json\/wp\/v2\/product\/78908","targetHints":{"allow":["GET"]}}],"collection":[{"href":"https:\/\/whisky.ad\/fr\/wp-json\/wp\/v2\/product"}],"about":[{"href":"https:\/\/whisky.ad\/fr\/wp-json\/wp\/v2\/types\/product"}],"replies":[{"embeddable":true,"href":"https:\/\/whisky.ad\/fr\/wp-json\/wp\/v2\/comments?post=78908"}],"wp:featuredmedia":[{"embeddable":true,"href":"https:\/\/whisky.ad\/fr\/wp-json\/wp\/v2\/media\/75610"}],"wp:attachment":[{"href":"https:\/\/whisky.ad\/fr\/wp-json\/wp\/v2\/media?parent=78908"}],"wp:term":[{"taxonomy":"product_brand","embeddable":true,"href":"https:\/\/whisky.ad\/fr\/wp-json\/wp\/v2\/product_brand?post=78908"},{"taxonomy":"product_cat","embeddable":true,"href":"https:\/\/whisky.ad\/fr\/wp-json\/wp\/v2\/product_cat?post=78908"},{"taxonomy":"product_tag","embeddable":true,"href":"https:\/\/whisky.ad\/fr\/wp-json\/wp\/v2\/product_tag?post=78908"}],"curies":[{"name":"wp","href":"https:\/\/api.w.org\/{rel}","templated":true}]}}