{"id":78905,"date":"2023-08-28T13:57:46","date_gmt":"2023-08-28T12:57:46","guid":{"rendered":"https:\/\/whisky.ad\/product\/loiten-aquavit-0-7l-40\/"},"modified":"2023-08-28T13:57:46","modified_gmt":"2023-08-28T12:57:46","slug":"loiten-aquavit-0-7l-40","status":"publish","type":"product","link":"https:\/\/whisky.ad\/fr\/produit\/loiten-aquavit-0-7l-40\/","title":{"rendered":"Loiten Aquavit 0.7l 40%"},"content":{"rendered":"","protected":false},"excerpt":{"rendered":"<p>L\u00f8iten Aquavit est la quintessence de l&#8217;aquavit norv\u00e9gien de midi, r\u00e9put\u00e9 pour son jeu caract\u00e9ristique d&#8217;agrumes et d&#8217;\u00e9pices, magistralement \u00e9quilibr\u00e9. Au fil du voyage, un l\u00e9ger courant d&#8217;anis danse sur le palais, accompagn\u00e9 d&#8217;une subtile touche de douceur, r\u00e9sultat des six mois de maturation en f\u00fbts de ch\u00eane avant la mise en bouteille. Aspect : La robe est d&#8217;un dor\u00e9 l\u00e9ger et d\u00e9licat. Ar\u00f4me : Le parfum pr\u00e9sente un ensemble \u00e9l\u00e9gant, offrant une symphonie complexe de citron et d&#8217;\u00e9corce d&#8217;orange. Profil gustatif : Le palais accueille une douceur harmonieuse et un \u00e9quilibre, o\u00f9 les notes d&#8217;agrumes occupent le devant de la sc\u00e8ne, compl\u00e9t\u00e9es par une d\u00e9licate touche d&#8217;anis. Recommandations de d\u00e9gustation : Un compagnon naturel de la table de d\u00e9jeuner danoise ou norv\u00e9gienne, \u00e0 d\u00e9guster l\u00e9g\u00e8rement frais, mais pas au point d&#8217;\u00eatre glac\u00e9. Les origines de L\u00f8ken Burneri remontent \u00e0 1855, date de sa cr\u00e9ation en tant que coop\u00e9rative r\u00e9pondant aux besoins de distillation des paysans de la municipalit\u00e9 norv\u00e9gienne de L\u00f8ten. Par la suite, la distillerie L\u00f8iten Burneri a vu le jour \u00e0 Oslo, m\u00ealant les mati\u00e8res premi\u00e8res \u00e0 un \u00e9ventail d&#8217;\u00e9pices et d&#8217;herbes pour cr\u00e9er leur go\u00fbt caract\u00e9ristique. Il est remarquable que les recettes \u00e9labor\u00e9es \u00e0 cette \u00e9poque soient encore aujourd&#8217;hui \u00e0 la base de leur offre. <\/p>\n","protected":false},"featured_media":77287,"comment_status":"open","ping_status":"closed","template":"","meta":{"_acf_changed":false},"product_brand":[],"product_cat":[347,348],"product_tag":[],"class_list":{"0":"post-78905","1":"product","2":"type-product","3":"status-publish","4":"has-post-thumbnail","6":"product_cat-spirits-fr","7":"product_cat-aquavit-fr","9":"first","10":"instock","11":"taxable","12":"shipping-taxable","13":"purchasable","14":"product-type-simple"},"acf":[],"aioseo_notices":[],"jetpack_sharing_enabled":true,"_links":{"self":[{"href":"https:\/\/whisky.ad\/fr\/wp-json\/wp\/v2\/product\/78905","targetHints":{"allow":["GET"]}}],"collection":[{"href":"https:\/\/whisky.ad\/fr\/wp-json\/wp\/v2\/product"}],"about":[{"href":"https:\/\/whisky.ad\/fr\/wp-json\/wp\/v2\/types\/product"}],"replies":[{"embeddable":true,"href":"https:\/\/whisky.ad\/fr\/wp-json\/wp\/v2\/comments?post=78905"}],"wp:featuredmedia":[{"embeddable":true,"href":"https:\/\/whisky.ad\/fr\/wp-json\/wp\/v2\/media\/77287"}],"wp:attachment":[{"href":"https:\/\/whisky.ad\/fr\/wp-json\/wp\/v2\/media?parent=78905"}],"wp:term":[{"taxonomy":"product_brand","embeddable":true,"href":"https:\/\/whisky.ad\/fr\/wp-json\/wp\/v2\/product_brand?post=78905"},{"taxonomy":"product_cat","embeddable":true,"href":"https:\/\/whisky.ad\/fr\/wp-json\/wp\/v2\/product_cat?post=78905"},{"taxonomy":"product_tag","embeddable":true,"href":"https:\/\/whisky.ad\/fr\/wp-json\/wp\/v2\/product_tag?post=78905"}],"curies":[{"name":"wp","href":"https:\/\/api.w.org\/{rel}","templated":true}]}}