{"id":78902,"date":"2023-08-30T18:33:19","date_gmt":"2023-08-30T17:33:19","guid":{"rendered":"https:\/\/whisky.ad\/product\/loch-lomond-unpeated-single-grain-whisky-0-7l-46\/"},"modified":"2023-08-30T18:33:19","modified_gmt":"2023-08-30T17:33:19","slug":"loch-lomond-unpeated-single-grain-whisky-0-7l-46","status":"publish","type":"product","link":"https:\/\/whisky.ad\/fr\/produit\/loch-lomond-unpeated-single-grain-whisky-0-7l-46\/","title":{"rendered":"Loch Lomond Unpeated Single Grain Whisky 0.7l 46%"},"content":{"rendered":"","protected":false},"excerpt":{"rendered":"<p>Chez Loch Lomond, le single grain est distill\u00e9 \u00e0 l&#8217;aide d&#8217;un alambic continu et d&#8217;orge malt\u00e9e \u00e0 100 %, un choix peu commun pour un whisky single grain qui utilise g\u00e9n\u00e9ralement d&#8217;autres c\u00e9r\u00e9ales comme le seigle ou le ma\u00efs. Ce proc\u00e9d\u00e9 unique produit un spiritueux velout\u00e9 et doux, dot\u00e9 d&#8217;une complexit\u00e9 inhabituelle que l&#8217;on ne trouve pas couramment dans le whisky single grain. Attendez-vous \u00e0 une palette de saveurs subtiles comprenant des notes de pomme verte rafra\u00eechissante, de vanille velout\u00e9e et de doux fruits du verger.  <\/p>\n<div class=\"flex flex-grow flex-col gap-3 max-w-full\">\n<div class=\"min-h-[20px] flex flex-col items-start gap-3 overflow-x-auto whitespace-pre-wrap break-words\">\n<div class=\"markdown prose w-full break-words dark:prose-invert light\">\n<p>Profil de d\u00e9gustation AROME Le parfum des champs d&#8217;orge fra\u00eechement r\u00e9colt\u00e9s, accompagn\u00e9 d&#8217;une note malt\u00e9e, combinant des notes biscuit\u00e9es avec des pommes cuites, compl\u00e9t\u00e9es par un soup\u00e7on subtil d&#8217;\u00e9corce de citron. BOUCHE Invitation \u00e0 la fra\u00eecheur et \u00e0 la fragilit\u00e9. Des notes de jus d&#8217;ananas et de zeste de citron s&#8217;entrem\u00ealent, pour aboutir \u00e0 une d\u00e9licieuse douceur vanill\u00e9e en fin de bouche. APR\u00c8S-TEMPS Une exp\u00e9rience tendre, o\u00f9 les douces notes fruit\u00e9es convergent avec une succulente douceur, laissant une impression juteuse et satisfaisante.<\/p>\n<\/div>\n<\/div>\n<\/div>\n","protected":false},"featured_media":77521,"comment_status":"open","ping_status":"closed","template":"","meta":{"_acf_changed":false},"product_brand":[],"product_cat":[490,317,357,453],"product_tag":[],"class_list":{"0":"post-78902","1":"product","2":"type-product","3":"status-publish","4":"has-post-thumbnail","6":"product_cat-whisky-par-pays-region","7":"product_cat-ecosse","8":"product_cat-whisky-by-brand-fr","9":"product_cat-loch-lomond-fr","11":"first","12":"instock","13":"taxable","14":"shipping-taxable","15":"purchasable","16":"product-type-simple"},"acf":[],"aioseo_notices":[],"jetpack_sharing_enabled":true,"_links":{"self":[{"href":"https:\/\/whisky.ad\/fr\/wp-json\/wp\/v2\/product\/78902","targetHints":{"allow":["GET"]}}],"collection":[{"href":"https:\/\/whisky.ad\/fr\/wp-json\/wp\/v2\/product"}],"about":[{"href":"https:\/\/whisky.ad\/fr\/wp-json\/wp\/v2\/types\/product"}],"replies":[{"embeddable":true,"href":"https:\/\/whisky.ad\/fr\/wp-json\/wp\/v2\/comments?post=78902"}],"wp:featuredmedia":[{"embeddable":true,"href":"https:\/\/whisky.ad\/fr\/wp-json\/wp\/v2\/media\/77521"}],"wp:attachment":[{"href":"https:\/\/whisky.ad\/fr\/wp-json\/wp\/v2\/media?parent=78902"}],"wp:term":[{"taxonomy":"product_brand","embeddable":true,"href":"https:\/\/whisky.ad\/fr\/wp-json\/wp\/v2\/product_brand?post=78902"},{"taxonomy":"product_cat","embeddable":true,"href":"https:\/\/whisky.ad\/fr\/wp-json\/wp\/v2\/product_cat?post=78902"},{"taxonomy":"product_tag","embeddable":true,"href":"https:\/\/whisky.ad\/fr\/wp-json\/wp\/v2\/product_tag?post=78902"}],"curies":[{"name":"wp","href":"https:\/\/api.w.org\/{rel}","templated":true}]}}