{"id":78899,"date":"2023-08-30T18:58:40","date_gmt":"2023-08-30T17:58:40","guid":{"rendered":"https:\/\/whisky.ad\/product\/loch-lomond-steam-fire-single-malt-whisky-0-7l-46\/"},"modified":"2024-01-06T15:27:38","modified_gmt":"2024-01-06T14:27:38","slug":"loch-lomond-steam-fire-single-malt-whisky-0-7l-46","status":"publish","type":"product","link":"https:\/\/whisky.ad\/fr\/produit\/loch-lomond-steam-fire-single-malt-whisky-0-7l-46\/","title":{"rendered":"Loch Lomond Steam &amp; Fire Single Malt Whisky 0.7l 46%"},"content":{"rendered":"","protected":false},"excerpt":{"rendered":"<div class=\"flex flex-grow flex-col gap-3 max-w-full\">\n<div class=\"min-h-[20px] flex flex-col items-start gap-3 overflow-x-auto whitespace-pre-wrap break-words\">\n<div class=\"markdown prose w-full break-words dark:prose-invert light\">\n<p>\u00c9labor\u00e9 avec ferveur et inventivit\u00e9, ce Whisky Single Malt d&#8217;exception subit un processus de finition en f\u00fbts de ch\u00eane am\u00e9ricain fortement carbonis\u00e9s, un traitement qui accentue les nuances abondantes de l&#8217;essence de cassonade fondue, ainsi qu&#8217;une somptueuse texture velout\u00e9e assaisonn\u00e9e de touches d&#8217;orange et de noir. chocolat. Le whisky single malt Steam &amp; Fire se lance dans un voyage de maturation qui comprend trois vari\u00e9t\u00e9s diff\u00e9rentes de f\u00fbts de ch\u00eane am\u00e9ricain et se termine par 10 derniers mois dans des f\u00fbts tr\u00e8s carbonis\u00e9s, m\u00e9ticuleusement cuits dans notre c\u00e9l\u00e8bre tonnellerie, qui m\u00e9rite ses propres compliments. Cette expression incarne les prouesses de notre distillerie en mati\u00e8re d&#8217;alchimie et d&#8217;ing\u00e9nierie, une manifestation de notre exploration, de notre exp\u00e9rimentation et de notre ma\u00eetrise incessantes en tant qu&#8217;artisans, distillateurs et tonneliers. Loch Lomond Steam &amp; Fire pr\u00e9sente non seulement notre processus de distillation aux multiples facettes, mais \u00e9galement les f\u00fbts fabriqu\u00e9s sur mesure et carbonis\u00e9s \u00e0 la main qui quittent notre tonnellerie traditionnelle, r\u00e9sultant en un whisky ind\u00e9niablement distinctif et imaginatif. \u00c9labor\u00e9 \u00e0 partir de spiritueux distill\u00e9s \u00e0 la fois dans notre extraordinaire alambic \u00e0 col droit et dans notre alambic \u00e0 col de cygne plus conventionnel, le spiritueux obtenu est vieilli en f\u00fbts de ch\u00eane am\u00e9ricain, pour aboutir \u00e0 une finition en f\u00fbts fortement carbonis\u00e9s, soumis aux flammes de courtoisie de notre tonnellerie interne. Ce processus de carbonisation lui conf\u00e8re une complexit\u00e9 sans pr\u00e9c\u00e9dent, amplifiant la pr\u00e9sence des caract\u00e9ristiques de la cassonade fondue, tout en lui conf\u00e9rant une bouche luxueusement beurr\u00e9e accompagn\u00e9e de notes d&#8217;orange et de chocolat noir. Notes de d\u00e9gustation AR\u00d4ME Toffee, pomme, dulce de sucre, vanille et cannelle. BOUCHE Sensation soyeuse en bouche, avec des notes d&#8217;orange, de p\u00eache, de confiture, de caf\u00e9, de cassonade fondue et de guimauve grill\u00e9e. FINAL<\/p>\n<p>La finale persiste de moyenne \u00e0 longue, caract\u00e9ris\u00e9e par un profil sec avec des notes de riche chocolat noir et de douces volutes de fum\u00e9e.<\/p>\n<p>REF: <a href=\"https:\/\/www.whiskybase.com\/whiskies\/whisky\/236920\/loch-lomond-steam-fire\">WHISKYBASE<\/a><\/p>\n<\/div>\n<\/div>\n<\/div>\n","protected":false},"featured_media":77524,"comment_status":"open","ping_status":"closed","template":"","meta":{"_acf_changed":false},"product_brand":[],"product_cat":[357,453,490,317],"product_tag":[],"class_list":{"0":"post-78899","1":"product","2":"type-product","3":"status-publish","4":"has-post-thumbnail","6":"product_cat-whisky-by-brand-fr","7":"product_cat-loch-lomond-fr","8":"product_cat-whisky-par-pays-region","9":"product_cat-ecosse","11":"first","12":"instock","13":"taxable","14":"shipping-taxable","15":"purchasable","16":"product-type-simple"},"acf":[],"aioseo_notices":[],"jetpack_sharing_enabled":true,"_links":{"self":[{"href":"https:\/\/whisky.ad\/fr\/wp-json\/wp\/v2\/product\/78899","targetHints":{"allow":["GET"]}}],"collection":[{"href":"https:\/\/whisky.ad\/fr\/wp-json\/wp\/v2\/product"}],"about":[{"href":"https:\/\/whisky.ad\/fr\/wp-json\/wp\/v2\/types\/product"}],"replies":[{"embeddable":true,"href":"https:\/\/whisky.ad\/fr\/wp-json\/wp\/v2\/comments?post=78899"}],"wp:featuredmedia":[{"embeddable":true,"href":"https:\/\/whisky.ad\/fr\/wp-json\/wp\/v2\/media\/77524"}],"wp:attachment":[{"href":"https:\/\/whisky.ad\/fr\/wp-json\/wp\/v2\/media?parent=78899"}],"wp:term":[{"taxonomy":"product_brand","embeddable":true,"href":"https:\/\/whisky.ad\/fr\/wp-json\/wp\/v2\/product_brand?post=78899"},{"taxonomy":"product_cat","embeddable":true,"href":"https:\/\/whisky.ad\/fr\/wp-json\/wp\/v2\/product_cat?post=78899"},{"taxonomy":"product_tag","embeddable":true,"href":"https:\/\/whisky.ad\/fr\/wp-json\/wp\/v2\/product_tag?post=78899"}],"curies":[{"name":"wp","href":"https:\/\/api.w.org\/{rel}","templated":true}]}}