{"id":78896,"date":"2023-11-15T12:35:43","date_gmt":"2023-11-15T11:35:43","guid":{"rendered":"https:\/\/whisky.ad\/product\/loch-lomond-peated-single-grain-whisky-0-7l-46\/"},"modified":"2024-01-05T16:35:08","modified_gmt":"2024-01-05T15:35:08","slug":"loch-lomond-peated-single-grain-whisky-0-7l-46","status":"publish","type":"product","link":"https:\/\/whisky.ad\/fr\/produit\/loch-lomond-peated-single-grain-whisky-0-7l-46\/","title":{"rendered":"Loch Lomond Peated Single Grain Whisky 0.7l 46%"},"content":{"rendered":"","protected":false},"excerpt":{"rendered":"<p>Loch Lomond Peated <a title=\"Single Grain Scotch Whisky\" href=\"https:\/\/www.lochlomondwhiskies.com\/collections\/single-grain-whisky\">Single Grain Scotch Whisky<\/a> est fabriqu\u00e9 exclusivement \u00e0 partir d&#8217;orge malt\u00e9e fortement tourb\u00e9e dans la malterie de la distillerie Loch Lomond. Il est ensuite \u00e9lev\u00e9 dans une combinaison de f\u00fbts de bourbon de premier et de second remplissage, ce qui lui conf\u00e8re un doux caract\u00e8re fruit\u00e9, une vanille cr\u00e9meuse et des volutes de fum\u00e9e.<\/p>\n","protected":false},"featured_media":77641,"comment_status":"open","ping_status":"closed","template":"","meta":{"_acf_changed":false},"product_brand":[],"product_cat":[317,357,453],"product_tag":[],"class_list":{"0":"post-78896","1":"product","2":"type-product","3":"status-publish","4":"has-post-thumbnail","6":"product_cat-ecosse","7":"product_cat-whisky-by-brand-fr","8":"product_cat-loch-lomond-fr","10":"first","11":"instock","12":"taxable","13":"shipping-taxable","14":"purchasable","15":"product-type-simple"},"acf":[],"aioseo_notices":[],"jetpack_sharing_enabled":true,"_links":{"self":[{"href":"https:\/\/whisky.ad\/fr\/wp-json\/wp\/v2\/product\/78896","targetHints":{"allow":["GET"]}}],"collection":[{"href":"https:\/\/whisky.ad\/fr\/wp-json\/wp\/v2\/product"}],"about":[{"href":"https:\/\/whisky.ad\/fr\/wp-json\/wp\/v2\/types\/product"}],"replies":[{"embeddable":true,"href":"https:\/\/whisky.ad\/fr\/wp-json\/wp\/v2\/comments?post=78896"}],"wp:featuredmedia":[{"embeddable":true,"href":"https:\/\/whisky.ad\/fr\/wp-json\/wp\/v2\/media\/77641"}],"wp:attachment":[{"href":"https:\/\/whisky.ad\/fr\/wp-json\/wp\/v2\/media?parent=78896"}],"wp:term":[{"taxonomy":"product_brand","embeddable":true,"href":"https:\/\/whisky.ad\/fr\/wp-json\/wp\/v2\/product_brand?post=78896"},{"taxonomy":"product_cat","embeddable":true,"href":"https:\/\/whisky.ad\/fr\/wp-json\/wp\/v2\/product_cat?post=78896"},{"taxonomy":"product_tag","embeddable":true,"href":"https:\/\/whisky.ad\/fr\/wp-json\/wp\/v2\/product_tag?post=78896"}],"curies":[{"name":"wp","href":"https:\/\/api.w.org\/{rel}","templated":true}]}}