{"id":78893,"date":"2023-07-18T13:00:15","date_gmt":"2023-07-18T12:00:15","guid":{"rendered":"https:\/\/whisky.ad\/product\/loch-lomond-54-year-old-single-malt\/"},"modified":"2023-07-18T13:00:15","modified_gmt":"2023-07-18T12:00:15","slug":"loch-lomond-54-year-old-single-malt","status":"publish","type":"product","link":"https:\/\/whisky.ad\/fr\/produit\/loch-lomond-54-year-old-single-malt\/","title":{"rendered":"Loch Lomond 54 YEAR OLD SINGLE MALT"},"content":{"rendered":"<p>Le Loch Lomond 54 ans d&#8217;\u00e2ge est l<strong>e plus ancien single malt commercialis\u00e9 \u00e0 ce jour<\/strong> et l&#8217;un des plus rares. Seules 55 bouteilles de cette \u00e9dition limit\u00e9e ont \u00e9t\u00e9 produites. Le whisky a d&#8217;abord \u00e9t\u00e9 \u00e9lev\u00e9 dans une t\u00eate de moine en ch\u00eane am\u00e9ricain avant d&#8217;\u00eatre remis en bouteille dans une t\u00eate de moine en ch\u00eane europ\u00e9en en 1994. Une maturation en douceur pendant 54 ans a permis de cr\u00e9er un whisky d&#8217;une richesse raffin\u00e9e et d&#8217;un caract\u00e8re exceptionnel. Distill\u00e9 en 1967, un an seulement apr\u00e8s que les embl\u00e9matiques alambics \u00e0 col droit de la distillerie ont commenc\u00e9 \u00e0 produire en 1966, le whisky Loch Lomond 54 ans d&#8217;\u00e2ge a \u00e9t\u00e9 \u00e9labor\u00e9 de mani\u00e8re experte \u00e0 partir d&#8217;orge malt\u00e9e non tourb\u00e9e et recueilli \u00e0 haute teneur. Il a d&#8217;abord m\u00fbri dans une t\u00eate de cochon en ch\u00eane am\u00e9ricain avant d&#8217;\u00eatre rebascul\u00e9 dans une t\u00eate de cochon de sherry en ch\u00eane europ\u00e9en en 1994. La maturation en douceur pendant 54 ans a cr\u00e9\u00e9 un whisky d&#8217;une richesse raffin\u00e9e et d&#8217;un caract\u00e8re exceptionnel qui a permis \u00e0 l&#8217;\u00e9l\u00e9gance et \u00e0 la qualit\u00e9 du style Loch Lomond de s&#8217;exprimer. Seulement 55 bouteilles disponibles dans le monde entier. <\/p>\n<p><a href=\"https:\/\/whisky.ad\/wp-content\/uploads\/2023\/07\/Loch-Lomond-Single-Malt-54YO-Presenter.pdf\">https:\/\/whisky.ad\/wp-content\/uploads\/2023\/07\/Loch-Lomond-Single-Malt-54YO-Presenter.pdf<\/a><\/p>\n","protected":false},"excerpt":{"rendered":"<h3>Prix sur demande<\/h3>\n","protected":false},"featured_media":76840,"comment_status":"open","ping_status":"closed","template":"","meta":{"_acf_changed":false},"product_brand":[],"product_cat":[317,341,357],"product_tag":[],"class_list":{"0":"post-78893","1":"product","2":"type-product","3":"status-publish","4":"has-post-thumbnail","6":"product_cat-ecosse","7":"product_cat-rare-de-collection","8":"product_cat-whisky-by-brand-fr","10":"first","11":"instock","12":"taxable","13":"shipping-taxable","14":"product-type-simple"},"acf":[],"aioseo_notices":[],"jetpack_sharing_enabled":true,"_links":{"self":[{"href":"https:\/\/whisky.ad\/fr\/wp-json\/wp\/v2\/product\/78893","targetHints":{"allow":["GET"]}}],"collection":[{"href":"https:\/\/whisky.ad\/fr\/wp-json\/wp\/v2\/product"}],"about":[{"href":"https:\/\/whisky.ad\/fr\/wp-json\/wp\/v2\/types\/product"}],"replies":[{"embeddable":true,"href":"https:\/\/whisky.ad\/fr\/wp-json\/wp\/v2\/comments?post=78893"}],"wp:featuredmedia":[{"embeddable":true,"href":"https:\/\/whisky.ad\/fr\/wp-json\/wp\/v2\/media\/76840"}],"wp:attachment":[{"href":"https:\/\/whisky.ad\/fr\/wp-json\/wp\/v2\/media?parent=78893"}],"wp:term":[{"taxonomy":"product_brand","embeddable":true,"href":"https:\/\/whisky.ad\/fr\/wp-json\/wp\/v2\/product_brand?post=78893"},{"taxonomy":"product_cat","embeddable":true,"href":"https:\/\/whisky.ad\/fr\/wp-json\/wp\/v2\/product_cat?post=78893"},{"taxonomy":"product_tag","embeddable":true,"href":"https:\/\/whisky.ad\/fr\/wp-json\/wp\/v2\/product_tag?post=78893"}],"curies":[{"name":"wp","href":"https:\/\/api.w.org\/{rel}","templated":true}]}}