{"id":78881,"date":"2023-07-25T20:37:35","date_gmt":"2023-07-25T19:37:35","guid":{"rendered":"https:\/\/whisky.ad\/product\/loch-lomond-30-yo-single-malt-0-7l-47\/"},"modified":"2024-01-02T14:44:16","modified_gmt":"2024-01-02T13:44:16","slug":"loch-lomond-30-yo-single-malt-0-7l-47","status":"publish","type":"product","link":"https:\/\/whisky.ad\/fr\/produit\/loch-lomond-30-yo-single-malt-0-7l-47\/","title":{"rendered":"Loch Lomond 30 YO Single Malt 0.7l 47%"},"content":{"rendered":"","protected":false},"excerpt":{"rendered":"<div class=\"flex flex-grow flex-col gap-3\">\n<div class=\"min-h-[20px] flex items-start overflow-x-auto whitespace-pre-wrap break-words flex-col gap-4\">\n<div class=\"markdown prose w-full break-words dark:prose-invert light\">\n<p>Un excepcional whisky escoc\u00e9s de 30 a\u00f1os, meticulosamente madurado en las mejores barricas de roble americano y elegantemente acabado en barricas de jerez oloroso, lo que a\u00f1ade una cautivadora capa de complejidad al producto final. Este exquisito whisky de 30 a\u00f1os se elabora con aguardiente sin madurar procedente de los exclusivos alambiques de cuello recto de la destiler\u00eda, lo que le confiere un profundo car\u00e1cter afrutado que deleita con notas de kiwi, grosella y lima.<\/p>\n<p>REF: <a href=\"https:\/\/www.whiskybase.com\/whiskies\/whisky\/232826\/loch-lomond-30-year-old\">WHISKYBASE<\/a><\/p>\n<\/div>\n<\/div>\n<\/div>\n","protected":false},"featured_media":76927,"comment_status":"open","ping_status":"closed","template":"","meta":{"_acf_changed":false},"product_brand":[],"product_cat":[341,357,453,490,317],"product_tag":[],"class_list":{"0":"post-78881","1":"product","2":"type-product","3":"status-publish","4":"has-post-thumbnail","6":"product_cat-rare-de-collection","7":"product_cat-whisky-by-brand-fr","8":"product_cat-loch-lomond-fr","9":"product_cat-whisky-par-pays-region","10":"product_cat-ecosse","12":"first","13":"instock","14":"taxable","15":"shipping-taxable","16":"purchasable","17":"product-type-simple"},"acf":[],"aioseo_notices":[],"jetpack_sharing_enabled":true,"_links":{"self":[{"href":"https:\/\/whisky.ad\/fr\/wp-json\/wp\/v2\/product\/78881","targetHints":{"allow":["GET"]}}],"collection":[{"href":"https:\/\/whisky.ad\/fr\/wp-json\/wp\/v2\/product"}],"about":[{"href":"https:\/\/whisky.ad\/fr\/wp-json\/wp\/v2\/types\/product"}],"replies":[{"embeddable":true,"href":"https:\/\/whisky.ad\/fr\/wp-json\/wp\/v2\/comments?post=78881"}],"wp:featuredmedia":[{"embeddable":true,"href":"https:\/\/whisky.ad\/fr\/wp-json\/wp\/v2\/media\/76927"}],"wp:attachment":[{"href":"https:\/\/whisky.ad\/fr\/wp-json\/wp\/v2\/media?parent=78881"}],"wp:term":[{"taxonomy":"product_brand","embeddable":true,"href":"https:\/\/whisky.ad\/fr\/wp-json\/wp\/v2\/product_brand?post=78881"},{"taxonomy":"product_cat","embeddable":true,"href":"https:\/\/whisky.ad\/fr\/wp-json\/wp\/v2\/product_cat?post=78881"},{"taxonomy":"product_tag","embeddable":true,"href":"https:\/\/whisky.ad\/fr\/wp-json\/wp\/v2\/product_tag?post=78881"}],"curies":[{"name":"wp","href":"https:\/\/api.w.org\/{rel}","templated":true}]}}