{"id":78875,"date":"2023-07-25T19:51:53","date_gmt":"2023-07-25T18:51:53","guid":{"rendered":"https:\/\/whisky.ad\/product\/loch-lomond-18-yo-single-malt-0-7l-46\/"},"modified":"2023-07-25T19:51:53","modified_gmt":"2023-07-25T18:51:53","slug":"loch-lomond-18-yo-single-malt-0-7l-46","status":"publish","type":"product","link":"https:\/\/whisky.ad\/fr\/produit\/loch-lomond-18-yo-single-malt-0-7l-46\/","title":{"rendered":"Loch Lomond 18 YO Single Malt 0.7l 46%"},"content":{"rendered":"","protected":false},"excerpt":{"rendered":"<div class=\"flex flex-grow flex-col gap-3\">\n<div class=\"min-h-[20px] flex items-start overflow-x-auto whitespace-pre-wrap break-words flex-col gap-4\">\n<div class=\"markdown prose w-full break-words dark:prose-invert light\">\n<p>Le Single Malt Loch Lomond 18 ans d&#8217;\u00e2ge est une parfaite repr\u00e9sentation du style caract\u00e9ristique, avec des notes app\u00e9tissantes de pomme cuite et de caramel riche, culminant dans une douce fum\u00e9e de bois qui illustre le style typique des whiskies Loch Lomond. Vieilli dans trois types de f\u00fbts de ch\u00eane am\u00e9ricain, le Loch Lomond 18 ans est embouteill\u00e9 \u00e0 46 % et non filtr\u00e9 \u00e0 froid pour pr\u00e9server l&#8217;essence naturelle du whisky. Cette expression est m\u00e9ticuleusement \u00e9labor\u00e9e gr\u00e2ce \u00e0 l&#8217;expertise de Michael Henry, le ma\u00eetre assembleur, dont la signature sur chaque bouteille constitue une assurance personnelle de qualit\u00e9. Notes de d\u00e9gustation : Nez : Le nez m\u00eale harmonieusement des ar\u00f4mes de pomme verte et de pamplemousse, avec l&#8217;essence de ch\u00e8vrefeuille et la richesse du ch\u00eane m\u00fbr. Go\u00fbt : D&#8217;\u00e9l\u00e9gantes notes bois\u00e9es de ch\u00eane grill\u00e9 et de bo\u00eete \u00e0 cigares se transforment gracieusement en fruits verts, avec de d\u00e9licieuses saveurs de pomme et de groseille \u00e0 maquereau. Finale : La finale est remarquablement longue, o\u00f9 le jeu d\u00e9licieux du th\u00e9 s\u00e9ch\u00e9 et de la feuille de tabac trouve un \u00e9quilibre avec la tourbe m\u00e9dicinale douce et la fum\u00e9e de bois l\u00e9g\u00e8re. Ce whisky captivant offre une exp\u00e9rience vraiment inoubliable.<\/p>\n<\/div>\n<\/div>\n<\/div>\n","protected":false},"featured_media":76921,"comment_status":"open","ping_status":"closed","template":"","meta":{"_acf_changed":false},"product_brand":[],"product_cat":[490,317,357,453],"product_tag":[],"class_list":{"0":"post-78875","1":"product","2":"type-product","3":"status-publish","4":"has-post-thumbnail","6":"product_cat-whisky-par-pays-region","7":"product_cat-ecosse","8":"product_cat-whisky-by-brand-fr","9":"product_cat-loch-lomond-fr","11":"first","12":"instock","13":"taxable","14":"shipping-taxable","15":"purchasable","16":"product-type-simple"},"acf":[],"aioseo_notices":[],"jetpack_sharing_enabled":true,"_links":{"self":[{"href":"https:\/\/whisky.ad\/fr\/wp-json\/wp\/v2\/product\/78875","targetHints":{"allow":["GET"]}}],"collection":[{"href":"https:\/\/whisky.ad\/fr\/wp-json\/wp\/v2\/product"}],"about":[{"href":"https:\/\/whisky.ad\/fr\/wp-json\/wp\/v2\/types\/product"}],"replies":[{"embeddable":true,"href":"https:\/\/whisky.ad\/fr\/wp-json\/wp\/v2\/comments?post=78875"}],"wp:featuredmedia":[{"embeddable":true,"href":"https:\/\/whisky.ad\/fr\/wp-json\/wp\/v2\/media\/76921"}],"wp:attachment":[{"href":"https:\/\/whisky.ad\/fr\/wp-json\/wp\/v2\/media?parent=78875"}],"wp:term":[{"taxonomy":"product_brand","embeddable":true,"href":"https:\/\/whisky.ad\/fr\/wp-json\/wp\/v2\/product_brand?post=78875"},{"taxonomy":"product_cat","embeddable":true,"href":"https:\/\/whisky.ad\/fr\/wp-json\/wp\/v2\/product_cat?post=78875"},{"taxonomy":"product_tag","embeddable":true,"href":"https:\/\/whisky.ad\/fr\/wp-json\/wp\/v2\/product_tag?post=78875"}],"curies":[{"name":"wp","href":"https:\/\/api.w.org\/{rel}","templated":true}]}}