{"id":78872,"date":"2023-07-25T19:45:35","date_gmt":"2023-07-25T18:45:35","guid":{"rendered":"https:\/\/whisky.ad\/product\/loch-lomond-14-yo-single-malt-0-7l-46\/"},"modified":"2023-07-25T19:45:35","modified_gmt":"2023-07-25T18:45:35","slug":"loch-lomond-14-yo-single-malt-0-7l-46","status":"publish","type":"product","link":"https:\/\/whisky.ad\/fr\/produit\/loch-lomond-14-yo-single-malt-0-7l-46\/","title":{"rendered":"Loch Lomond 14 YO Single Malt 0.7l 46%"},"content":{"rendered":"","protected":false},"excerpt":{"rendered":"<div class=\"flex flex-grow flex-col gap-3\">\n<div class=\"min-h-[20px] flex items-start overflow-x-auto whitespace-pre-wrap break-words flex-col gap-4\">\n<div class=\"markdown prose w-full break-words dark:prose-invert light\">\n<p>Le Loch Lomond Single Malt de 14 ans d&#8217;\u00e2ge est m\u00e9ticuleusement \u00e9labor\u00e9, en commen\u00e7ant par la distillation de l&#8217;alcool dans les alambics uniques \u00e0 col droit, suivie d&#8217;un processus de vieillissement dans trois vari\u00e9t\u00e9s de f\u00fbts de ch\u00eane am\u00e9ricain. Le whisky subit ensuite une touche finale distinctive dans des f\u00fbts de ch\u00eane fran\u00e7ais du Limousin, ce qui lui conf\u00e8re un caract\u00e8re \u00e9pic\u00e9 captivant. Les notes d\u00e9lectables de pommes \u00e9pic\u00e9es et de caramel \u00e0 la vanille occupent le devant de la sc\u00e8ne, compl\u00e9t\u00e9es par un l\u00e9ger soup\u00e7on de fum\u00e9e en fin de bouche. Embouteill\u00e9 \u00e0 46 % et non filtr\u00e9 \u00e0 froid pour pr\u00e9server l&#8217;essence naturelle du whisky, cette expression promet une exp\u00e9rience de d\u00e9gustation in\u00e9gal\u00e9e. Notes de d\u00e9gustation : Nez : Le nez r\u00e9v\u00e8le des ar\u00f4mes invitants de noix de coco, de pomme verte et de poire, magnifiquement accompagn\u00e9s de notes de cannelle et de clou de girofle, ainsi que d&#8217;une touche de zeste de citron. Go\u00fbt : Le palais se d\u00e9lecte de la richesse sucr\u00e9e du caramel et du fondant \u00e0 la vanille, \u00e9quilibr\u00e9e par des notes de pamplemousse, d&#8217;agrumes, d&#8217;ananas et de ch\u00eane grill\u00e9. Finale : La finale est remarquablement longue, avec une l\u00e9g\u00e8re touche de fum\u00e9e, ainsi que des \u00e9pices de ch\u00eane r\u00e9chauffantes de clou de girofle et d&#8217;anis. Ce whisky exquis laisse une impression durable et m\u00e9morable.<\/p>\n<\/div>\n<\/div>\n<\/div>\n","protected":false},"featured_media":76918,"comment_status":"open","ping_status":"closed","template":"","meta":{"_acf_changed":false},"product_brand":[],"product_cat":[317,357,453],"product_tag":[],"class_list":{"0":"post-78872","1":"product","2":"type-product","3":"status-publish","4":"has-post-thumbnail","6":"product_cat-ecosse","7":"product_cat-whisky-by-brand-fr","8":"product_cat-loch-lomond-fr","10":"first","11":"instock","12":"taxable","13":"shipping-taxable","14":"purchasable","15":"product-type-simple"},"acf":[],"aioseo_notices":[],"jetpack_sharing_enabled":true,"_links":{"self":[{"href":"https:\/\/whisky.ad\/fr\/wp-json\/wp\/v2\/product\/78872","targetHints":{"allow":["GET"]}}],"collection":[{"href":"https:\/\/whisky.ad\/fr\/wp-json\/wp\/v2\/product"}],"about":[{"href":"https:\/\/whisky.ad\/fr\/wp-json\/wp\/v2\/types\/product"}],"replies":[{"embeddable":true,"href":"https:\/\/whisky.ad\/fr\/wp-json\/wp\/v2\/comments?post=78872"}],"wp:featuredmedia":[{"embeddable":true,"href":"https:\/\/whisky.ad\/fr\/wp-json\/wp\/v2\/media\/76918"}],"wp:attachment":[{"href":"https:\/\/whisky.ad\/fr\/wp-json\/wp\/v2\/media?parent=78872"}],"wp:term":[{"taxonomy":"product_brand","embeddable":true,"href":"https:\/\/whisky.ad\/fr\/wp-json\/wp\/v2\/product_brand?post=78872"},{"taxonomy":"product_cat","embeddable":true,"href":"https:\/\/whisky.ad\/fr\/wp-json\/wp\/v2\/product_cat?post=78872"},{"taxonomy":"product_tag","embeddable":true,"href":"https:\/\/whisky.ad\/fr\/wp-json\/wp\/v2\/product_tag?post=78872"}],"curies":[{"name":"wp","href":"https:\/\/api.w.org\/{rel}","templated":true}]}}