{"id":78869,"date":"2023-07-25T17:36:52","date_gmt":"2023-07-25T16:36:52","guid":{"rendered":"https:\/\/whisky.ad\/product\/loch-lomond-12-yo-single-malt-inchmurrin-0-7l-46\/"},"modified":"2023-07-25T17:36:52","modified_gmt":"2023-07-25T16:36:52","slug":"loch-lomond-12-yo-single-malt-inchmurrin-0-7l-46","status":"publish","type":"product","link":"https:\/\/whisky.ad\/fr\/produit\/loch-lomond-12-yo-single-malt-inchmurrin-0-7l-46\/","title":{"rendered":"Loch Lomond 12 YO Single Malt Inchmurrin 0.7l 46%"},"content":{"rendered":"","protected":false},"excerpt":{"rendered":"<div class=\"flex flex-grow flex-col gap-3\">\n<div class=\"min-h-[20px] flex items-start overflow-x-auto whitespace-pre-wrap break-words flex-col gap-4\">\n<div class=\"markdown prose w-full break-words dark:prose-invert light\">\n<p>Vieilli dans trois types de f\u00fbts de ch\u00eane am\u00e9ricain, le single malt Loch Lomond Inchmurrin 12 ans d&#8217;\u00e2ge met en valeur les \u00e9l\u00e9ments fruit\u00e9s et sucr\u00e9s du style caract\u00e9ristique de la distillerie, avec de d\u00e9licieuses notes de p\u00eache, d&#8217;abricot, de caramel et de vanille. Notes de d\u00e9gustation : Nez : Le nez est distinctement fruit\u00e9, avec une goutte de poire pro\u00e9minente et une douceur de caramel. De l\u00e9g\u00e8res notes de foin fra\u00eechement coup\u00e9 sous le soleil d&#8217;\u00e9t\u00e9 ajoutent \u00e0 son attrait. Go\u00fbt : Les notes d&#8217;agrumes de l&#8217;orange de S\u00e9ville prennent le dessus : Les notes d&#8217;agrumes de l&#8217;orange de S\u00e9ville prennent le dessus, s&#8217;intensifiant progressivement avant de passer gracieusement \u00e0 des saveurs de p\u00eache et d&#8217;abricot. Le caract\u00e8re fruit\u00e9 c\u00e8de ensuite la place \u00e0 un m\u00e9lange d\u00e9lectable de caramel cr\u00e9meux et de vanille. Finale : La finale est de longueur moyenne, laissant derri\u00e8re elle une touche poivr\u00e9e qui conclut d\u00e9licieusement ce whisky exceptionnel. <\/p>\n<\/div>\n<\/div>\n<\/div>\n","protected":false},"featured_media":76912,"comment_status":"open","ping_status":"closed","template":"","meta":{"_acf_changed":false},"product_brand":[],"product_cat":[317,357,453],"product_tag":[],"class_list":{"0":"post-78869","1":"product","2":"type-product","3":"status-publish","4":"has-post-thumbnail","6":"product_cat-ecosse","7":"product_cat-whisky-by-brand-fr","8":"product_cat-loch-lomond-fr","10":"first","11":"instock","12":"taxable","13":"shipping-taxable","14":"purchasable","15":"product-type-simple"},"acf":[],"aioseo_notices":[],"jetpack_sharing_enabled":true,"_links":{"self":[{"href":"https:\/\/whisky.ad\/fr\/wp-json\/wp\/v2\/product\/78869","targetHints":{"allow":["GET"]}}],"collection":[{"href":"https:\/\/whisky.ad\/fr\/wp-json\/wp\/v2\/product"}],"about":[{"href":"https:\/\/whisky.ad\/fr\/wp-json\/wp\/v2\/types\/product"}],"replies":[{"embeddable":true,"href":"https:\/\/whisky.ad\/fr\/wp-json\/wp\/v2\/comments?post=78869"}],"wp:featuredmedia":[{"embeddable":true,"href":"https:\/\/whisky.ad\/fr\/wp-json\/wp\/v2\/media\/76912"}],"wp:attachment":[{"href":"https:\/\/whisky.ad\/fr\/wp-json\/wp\/v2\/media?parent=78869"}],"wp:term":[{"taxonomy":"product_brand","embeddable":true,"href":"https:\/\/whisky.ad\/fr\/wp-json\/wp\/v2\/product_brand?post=78869"},{"taxonomy":"product_cat","embeddable":true,"href":"https:\/\/whisky.ad\/fr\/wp-json\/wp\/v2\/product_cat?post=78869"},{"taxonomy":"product_tag","embeddable":true,"href":"https:\/\/whisky.ad\/fr\/wp-json\/wp\/v2\/product_tag?post=78869"}],"curies":[{"name":"wp","href":"https:\/\/api.w.org\/{rel}","templated":true}]}}