{"id":78865,"date":"2023-11-16T12:03:49","date_gmt":"2023-11-16T11:03:49","guid":{"rendered":"https:\/\/whisky.ad\/product\/lismore18yo-single-malt-whiskyglenfarclas-0-7l-43\/"},"modified":"2023-11-16T12:03:49","modified_gmt":"2023-11-16T11:03:49","slug":"lismore18yo-single-malt-whiskyglenfarclas-0-7l-43","status":"publish","type":"product","link":"https:\/\/whisky.ad\/fr\/produit\/lismore18yo-single-malt-whiskyglenfarclas-0-7l-43\/","title":{"rendered":"Lismore18yo Single Malt Whisky(Glenfarclas) 0.7l 43%"},"content":{"rendered":"","protected":false},"excerpt":{"rendered":"<p><strong>Lismore Highlands 18yo Single Malt Whisky 0.7l 43%<\/strong><\/p>\n<p>Whisky \u00e9cossais single malt de 18 ans d&#8217;\u00e2ge de la distillerie Glenfarclas, embouteill\u00e9 pour la gamme Lismore. Notes de d\u00e9gustation Nez : L\u00e9g\u00e8rement floral au d\u00e9but, suivi de notes \u00e9paisses de chocolat et de caramel. Bouche : cacahu\u00e8tes grill\u00e9es au miel, vieux ch\u00eane et caramel m\u00e2ch\u00e9. Finale : une douceur fruit\u00e9e se d\u00e9veloppe en fin de bouche.<\/p>\n","protected":false},"featured_media":79055,"comment_status":"open","ping_status":"closed","template":"","meta":{"_acf_changed":false},"product_brand":[],"product_cat":[447,317],"product_tag":[],"class_list":{"0":"post-78865","1":"product","2":"type-product","3":"status-publish","4":"has-post-thumbnail","6":"product_cat-lismore-fr","7":"product_cat-ecosse","9":"first","10":"instock","11":"purchasable","12":"product-type-simple"},"acf":[],"aioseo_notices":[],"jetpack_sharing_enabled":true,"_links":{"self":[{"href":"https:\/\/whisky.ad\/fr\/wp-json\/wp\/v2\/product\/78865","targetHints":{"allow":["GET"]}}],"collection":[{"href":"https:\/\/whisky.ad\/fr\/wp-json\/wp\/v2\/product"}],"about":[{"href":"https:\/\/whisky.ad\/fr\/wp-json\/wp\/v2\/types\/product"}],"replies":[{"embeddable":true,"href":"https:\/\/whisky.ad\/fr\/wp-json\/wp\/v2\/comments?post=78865"}],"wp:featuredmedia":[{"embeddable":true,"href":"https:\/\/whisky.ad\/fr\/wp-json\/wp\/v2\/media\/79055"}],"wp:attachment":[{"href":"https:\/\/whisky.ad\/fr\/wp-json\/wp\/v2\/media?parent=78865"}],"wp:term":[{"taxonomy":"product_brand","embeddable":true,"href":"https:\/\/whisky.ad\/fr\/wp-json\/wp\/v2\/product_brand?post=78865"},{"taxonomy":"product_cat","embeddable":true,"href":"https:\/\/whisky.ad\/fr\/wp-json\/wp\/v2\/product_cat?post=78865"},{"taxonomy":"product_tag","embeddable":true,"href":"https:\/\/whisky.ad\/fr\/wp-json\/wp\/v2\/product_tag?post=78865"}],"curies":[{"name":"wp","href":"https:\/\/api.w.org\/{rel}","templated":true}]}}