{"id":78861,"date":"2023-08-30T19:24:57","date_gmt":"2023-08-30T18:24:57","guid":{"rendered":"https:\/\/whisky.ad\/product\/loch-lomond-10-yo-single-malt-whisky-ltd-ed-0-7l-40\/"},"modified":"2023-08-30T19:24:57","modified_gmt":"2023-08-30T18:24:57","slug":"loch-lomond-10-yo-single-malt-whisky-ltd-ed-0-7l-40","status":"publish","type":"product","link":"https:\/\/whisky.ad\/fr\/produit\/loch-lomond-10-yo-single-malt-whisky-ltd-ed-0-7l-40\/","title":{"rendered":"Loch Lomond 10 YO Single Malt Whisky Ltd Ed. 0.7l 40%"},"content":{"rendered":"","protected":false},"excerpt":{"rendered":"<div class=\"flex flex-grow flex-col gap-3 max-w-full\">\n<div class=\"min-h-[20px] flex flex-col items-start gap-3 overflow-x-auto whitespace-pre-wrap break-words\">\n<div class=\"markdown prose w-full break-words dark:prose-invert light\">\n<p>Situ\u00e9e \u00e0 l&#8217;extr\u00e9mit\u00e9 nord du Loch Lomond, pr\u00e8s de Tarbet, la distillerie Loch Lomond a \u00e9t\u00e9 cr\u00e9\u00e9e en 1814. Toutefois, la version actuelle de la distillerie a vu le jour en 1965, gr\u00e2ce aux anciens propri\u00e9taires de la distillerie Littlemill, situ\u00e9e \u00e0 quelques kilom\u00e8tres de Glasgow. La garde de la distillerie est confi\u00e9e au ma\u00eetre assembleur Michael Henry. Ayant grandi \u00e0 proximit\u00e9 de deux distilleries, Michael a d\u00e9velopp\u00e9 son ardeur pour l&#8217;art de la distillation et du brassage du whisky au cours de ses ann\u00e9es de formation. Depuis 2014, il occupe le poste de ma\u00eetre-m\u00e9langeur \u00e0 la distillerie Loch Lomond. Dans le cadre d&#8217;un partenariat avec &#8220;The Open&#8221;, le championnat international de golf le plus prestigieux, la distillerie Loch Lomond a pris sa place. S&#8217;\u00e9tendant sur les cinq continents avec des \u00e9preuves qualificatives, ce championnat c\u00e9l\u00e8bre son 150e anniversaire. L&#8217;illustre &#8220;Home of Golf&#8221;, le Old Course de St. Andrews, sert de cadre \u00e0 cet hommage, comm\u00e9mor\u00e9 par cet embouteillage. Vieilli dans des f\u00fbts de ch\u00eane am\u00e9ricain pendant une d\u00e9cennie, ce whisky t\u00e9moigne d&#8217;une transformation remarquable. Notes de d\u00e9gustation : Apparence : Ambre radieux. Ar\u00f4me : fruit\u00e9 et complexe, caract\u00e9ris\u00e9 par la pomme, la vanille et le ch\u00eane. Bouche : Une sensation cr\u00e9meuse et harmonieuse, caract\u00e9ris\u00e9e par la pomme, la vanille et le ch\u00eane : Une sensation cr\u00e9meuse et harmonieuse, agr\u00e9ment\u00e9e de pommes succulentes, de vanille et d&#8217;une d\u00e9licate essence de ch\u00eane. Finale : Longue et persistante. <\/p>\n<\/div>\n<\/div>\n<\/div>\n","protected":false},"featured_media":77527,"comment_status":"open","ping_status":"closed","template":"","meta":{"_acf_changed":false},"product_brand":[],"product_cat":[317,357,453],"product_tag":[],"class_list":{"0":"post-78861","1":"product","2":"type-product","3":"status-publish","4":"has-post-thumbnail","6":"product_cat-ecosse","7":"product_cat-whisky-by-brand-fr","8":"product_cat-loch-lomond-fr","10":"first","11":"instock","12":"taxable","13":"shipping-taxable","14":"purchasable","15":"product-type-simple"},"acf":[],"aioseo_notices":[],"jetpack_sharing_enabled":true,"_links":{"self":[{"href":"https:\/\/whisky.ad\/fr\/wp-json\/wp\/v2\/product\/78861","targetHints":{"allow":["GET"]}}],"collection":[{"href":"https:\/\/whisky.ad\/fr\/wp-json\/wp\/v2\/product"}],"about":[{"href":"https:\/\/whisky.ad\/fr\/wp-json\/wp\/v2\/types\/product"}],"replies":[{"embeddable":true,"href":"https:\/\/whisky.ad\/fr\/wp-json\/wp\/v2\/comments?post=78861"}],"wp:featuredmedia":[{"embeddable":true,"href":"https:\/\/whisky.ad\/fr\/wp-json\/wp\/v2\/media\/77527"}],"wp:attachment":[{"href":"https:\/\/whisky.ad\/fr\/wp-json\/wp\/v2\/media?parent=78861"}],"wp:term":[{"taxonomy":"product_brand","embeddable":true,"href":"https:\/\/whisky.ad\/fr\/wp-json\/wp\/v2\/product_brand?post=78861"},{"taxonomy":"product_cat","embeddable":true,"href":"https:\/\/whisky.ad\/fr\/wp-json\/wp\/v2\/product_cat?post=78861"},{"taxonomy":"product_tag","embeddable":true,"href":"https:\/\/whisky.ad\/fr\/wp-json\/wp\/v2\/product_tag?post=78861"}],"curies":[{"name":"wp","href":"https:\/\/api.w.org\/{rel}","templated":true}]}}