{"id":78858,"date":"2023-06-14T14:01:26","date_gmt":"2023-06-14T13:01:26","guid":{"rendered":"https:\/\/whisky.ad\/product\/littlemill-testament-1976\/"},"modified":"2023-06-14T14:01:26","modified_gmt":"2023-06-14T13:01:26","slug":"littlemill-testament-1976","status":"publish","type":"product","link":"https:\/\/whisky.ad\/fr\/produit\/littlemill-testament-1976\/","title":{"rendered":"Littlemill Testament 1976"},"content":{"rendered":"","protected":false},"excerpt":{"rendered":"<p>Littlemill Testament repr\u00e9sente l&#8217;apog\u00e9e des produits Littlemill, en pr\u00e9sentant le liquide le plus ancien issu d&#8217;une distillation unique datant du 4 octobre 1976. La s\u00e9lection des f\u00fbts pour ce whisky exceptionnel fait l&#8217;objet d&#8217;une attention m\u00e9ticuleuse de la part de notre estim\u00e9 ma\u00eetre assembleur, Michael Henry, qui a suivi attentivement le processus de maturation de ces f\u00fbts. Remis en bouteille en 1996, les f\u00fbts d&#8217;origine ont \u00e9t\u00e9 plac\u00e9s dans des Hogsheads en ch\u00eane am\u00e9ricain, et Michael Henry a personnellement s\u00e9lectionn\u00e9 trois de ces f\u00fbts. Ils ont ensuite \u00e9t\u00e9 assembl\u00e9s par cuvage dans deux f\u00fbts de sherry Oloroso de premier remplissage pour une maturation suppl\u00e9mentaire de quatre mois. Enfin, le whisky a \u00e9t\u00e9 cuv\u00e9 une derni\u00e8re fois pendant deux mois avant d&#8217;\u00eatre mis en bouteille. Notes de d\u00e9gustation : Nez : D\u00e9lectez-vous du croquant de la pomme verte et du zeste de pamplemousse, accompagn\u00e9s de notes parfum\u00e9es de fleur de sureau et de gingembre. En bouche : Une explosion de fra\u00eecheur avec des fruits \u00e9clatants, dont l&#8217;ananas acidul\u00e9 et la p\u00eache juteuse, rehauss\u00e9s par les notes vives du citron vert. Une d\u00e9licieuse douceur de sucre brun fondu se m\u00eale \u00e0 des notes d&#8217;\u00e9corces s\u00e9ch\u00e9es et de vanille cr\u00e9meuse. Finale : La finale s&#8217;attarde, offrant une combinaison app\u00e9tissante de fruits, dont la groseille \u00e0 maquereau et la past\u00e8que. Des \u00e9pices douces et chaudes comme la cannelle et la noix de muscade ajoutent de la profondeur et de la complexit\u00e9 \u00e0 l&#8217;exp\u00e9rience globale. Chaque bouteille de Littlemill Testament est num\u00e9rot\u00e9e individuellement et pr\u00e9sent\u00e9e comme une \u00e9dition limit\u00e9e, avec l&#8217;assurance de son exclusivit\u00e9 m\u00e9ticuleusement grav\u00e9e sur la bouteille. Ce whisky t\u00e9moigne du savoir-faire et du d\u00e9vouement qui ont pr\u00e9sid\u00e9 \u00e0 sa cr\u00e9ation, offrant aux amateurs de whisky une exp\u00e9rience remarquable et digne d&#8217;\u00eatre collectionn\u00e9e.<\/p>\n","protected":false},"featured_media":76801,"comment_status":"open","ping_status":"closed","template":"","meta":{"_acf_changed":false},"product_brand":[],"product_cat":[341],"product_tag":[],"class_list":{"0":"post-78858","1":"product","2":"type-product","3":"status-publish","4":"has-post-thumbnail","6":"product_cat-rare-de-collection","8":"first","9":"instock","10":"taxable","11":"shipping-taxable","12":"product-type-simple"},"acf":[],"aioseo_notices":[],"jetpack_sharing_enabled":true,"_links":{"self":[{"href":"https:\/\/whisky.ad\/fr\/wp-json\/wp\/v2\/product\/78858","targetHints":{"allow":["GET"]}}],"collection":[{"href":"https:\/\/whisky.ad\/fr\/wp-json\/wp\/v2\/product"}],"about":[{"href":"https:\/\/whisky.ad\/fr\/wp-json\/wp\/v2\/types\/product"}],"replies":[{"embeddable":true,"href":"https:\/\/whisky.ad\/fr\/wp-json\/wp\/v2\/comments?post=78858"}],"wp:featuredmedia":[{"embeddable":true,"href":"https:\/\/whisky.ad\/fr\/wp-json\/wp\/v2\/media\/76801"}],"wp:attachment":[{"href":"https:\/\/whisky.ad\/fr\/wp-json\/wp\/v2\/media?parent=78858"}],"wp:term":[{"taxonomy":"product_brand","embeddable":true,"href":"https:\/\/whisky.ad\/fr\/wp-json\/wp\/v2\/product_brand?post=78858"},{"taxonomy":"product_cat","embeddable":true,"href":"https:\/\/whisky.ad\/fr\/wp-json\/wp\/v2\/product_cat?post=78858"},{"taxonomy":"product_tag","embeddable":true,"href":"https:\/\/whisky.ad\/fr\/wp-json\/wp\/v2\/product_tag?post=78858"}],"curies":[{"name":"wp","href":"https:\/\/api.w.org\/{rel}","templated":true}]}}