{"id":78855,"date":"2023-08-18T17:44:58","date_gmt":"2023-08-18T16:44:58","guid":{"rendered":"https:\/\/whisky.ad\/product\/littlemill-45yo-vanguard-collection-chapter-i\/"},"modified":"2024-01-06T18:04:45","modified_gmt":"2024-01-06T17:04:45","slug":"littlemill-45yo-vanguard-collection-chapter-i","status":"publish","type":"product","link":"https:\/\/whisky.ad\/fr\/produit\/littlemill-45yo-vanguard-collection-chapter-i\/","title":{"rendered":"LittleMill 45yo Vanguard Collection Chapter I"},"content":{"rendered":"","protected":false},"excerpt":{"rendered":"<p>Le premier d&#8217;une s\u00e9rie annuelle de quatre parties \u00e0 collectionner c\u00e9l\u00e9brant les pionniers et les innovateurs qui ont fa\u00e7onn\u00e9 Littlemill et l&#8217;industrie du whisky dans son ensemble. Chaque sortie sera r\u00e9alis\u00e9e avec un artiste partenaire et s&#8217;appuiera sur les r\u00e9serves les plus anciennes de Littlemill, offrant ainsi aux collectionneurs une opportunit\u00e9 unique de poss\u00e9der un incroyable morceau de l&#8217;histoire du whisky. Le chapitre 1 marque une c\u00e9l\u00e9bration de Robert Muir et de la premi\u00e8re licence de distillation enregistr\u00e9e, qui ouvrirait la voie \u00e0 toutes les autres distilleries \u00e0 venir, entreprise en collaboration avec le c\u00e9l\u00e8bre artiste et calligraphe Vic Lee. Seules 250 bouteilles seront disponibles, dans une magnifique carafe en cristal Glencairn avec une miniature de 50 ml et un livre cartonn\u00e9 couvrant ce liquide incroyablement sp\u00e9cial et son histoire. La s\u00e9lection et la finition minutieuses de cette version tr\u00e8s sp\u00e9ciale incarnent le v\u00e9ritable caract\u00e8re de Littlemill. Il est fascinant de penser que ce whisky a \u00e9t\u00e9 choisi pour \u00eatre conserv\u00e9 et vieilli doucement par la suite dans des f\u00fbts de ch\u00eane am\u00e9ricain de recharge pendant quatre d\u00e9cennies, avant d&#8217;\u00eatre s\u00e9lectionn\u00e9 et re-f\u00fbt\u00e9 pour une finition finale de cinq ans dans des f\u00fbts de Sherry Oloroso de premier remplissage, mis en bouteille en f\u00fbt. r\u00e9sistance et couleur naturelle \u00e0 50,5%. NEZ Miel, fleur de sureau, ananas, kiwi, noisettes torr\u00e9fi\u00e9es, cannelle et muscade. PALAIS Sensation soyeuse en bouche, cassonade fondue, vanille, cr\u00e8me br\u00fbl\u00e9e, pomme croquante, poire m\u00fbre, jus de citron vert fra\u00eechement press\u00e9, fruits secs \u2013 sultane et \u00e9corces d&#8217;agrumes. Acabado Long avec des notes de pamplemousse grill\u00e9 et de sucres caram\u00e9lis\u00e9s sucr\u00e9s, le tout \u00e9quilibr\u00e9 par des agrumes piquants. R\u00c9F : WHISKYBASE<a href=\"https:\/\/www.whiskybase.com\/whiskies\/whisky\/242161\/littlemill-1977\"><\/a>     <\/p>\n","protected":false},"featured_media":80164,"comment_status":"open","ping_status":"closed","template":"","meta":{"_acf_changed":false},"product_brand":[],"product_cat":[317,341,357,450],"product_tag":[],"class_list":{"0":"post-78855","1":"product","2":"type-product","3":"status-publish","4":"has-post-thumbnail","6":"product_cat-ecosse","7":"product_cat-rare-de-collection","8":"product_cat-whisky-by-brand-fr","9":"product_cat-littlemill-fr","10":"product_shipping_class-free-fr","12":"first","13":"instock","14":"purchasable","15":"product-type-simple"},"acf":[],"aioseo_notices":[],"jetpack_sharing_enabled":true,"_links":{"self":[{"href":"https:\/\/whisky.ad\/fr\/wp-json\/wp\/v2\/product\/78855","targetHints":{"allow":["GET"]}}],"collection":[{"href":"https:\/\/whisky.ad\/fr\/wp-json\/wp\/v2\/product"}],"about":[{"href":"https:\/\/whisky.ad\/fr\/wp-json\/wp\/v2\/types\/product"}],"replies":[{"embeddable":true,"href":"https:\/\/whisky.ad\/fr\/wp-json\/wp\/v2\/comments?post=78855"}],"wp:featuredmedia":[{"embeddable":true,"href":"https:\/\/whisky.ad\/fr\/wp-json\/wp\/v2\/media\/80164"}],"wp:attachment":[{"href":"https:\/\/whisky.ad\/fr\/wp-json\/wp\/v2\/media?parent=78855"}],"wp:term":[{"taxonomy":"product_brand","embeddable":true,"href":"https:\/\/whisky.ad\/fr\/wp-json\/wp\/v2\/product_brand?post=78855"},{"taxonomy":"product_cat","embeddable":true,"href":"https:\/\/whisky.ad\/fr\/wp-json\/wp\/v2\/product_cat?post=78855"},{"taxonomy":"product_tag","embeddable":true,"href":"https:\/\/whisky.ad\/fr\/wp-json\/wp\/v2\/product_tag?post=78855"}],"curies":[{"name":"wp","href":"https:\/\/api.w.org\/{rel}","templated":true}]}}