{"id":78852,"date":"2023-11-18T11:34:28","date_gmt":"2023-11-18T10:34:28","guid":{"rendered":"https:\/\/whisky.ad\/product\/glen-kirk-speyside-single-malt-whiskytomintoul-07l-40\/"},"modified":"2023-11-18T11:34:28","modified_gmt":"2023-11-18T10:34:28","slug":"glen-kirk-speyside-single-malt-whiskytomintoul-07l-40","status":"publish","type":"product","link":"https:\/\/whisky.ad\/fr\/produit\/glen-kirk-speyside-single-malt-whiskytomintoul-07l-40\/","title":{"rendered":"Glen Kirk Speyside Single Malt Whisky(Tomintoul) 0,7l 40%"},"content":{"rendered":"","protected":false},"excerpt":{"rendered":"<p>Glen Kirk Speyside Single Malt (Tomintoul) 0.7L. 40 % Glen Kirk est produit et mis en bouteille dans la distillerie de Tomintoul, nich\u00e9e dans la r\u00e9gion tr\u00e8s pris\u00e9e du Speyside, dans les Highlands, \u00e0 seulement 17 kilom\u00e8tres du ch\u00e2teau de Balmoral. R\u00e9put\u00e9e pour \u00eatre la premi\u00e8re r\u00e9gion d&#8217;\u00c9cosse pour l&#8217;\u00e9laboration des meilleurs single malts, la r\u00e9gion du Speyside est c\u00e9l\u00e9br\u00e9e pour ses saveurs complexes et sa qualit\u00e9 exceptionnelle. Vieilli en f\u00fbts de ch\u00eane. <\/p>\n<div class=\"flex flex-grow flex-col max-w-full\">\n<div class=\"min-h-[20px] text-message flex flex-col items-start gap-3 whitespace-pre-wrap break-words [.text-message+&amp;]:mt-5 overflow-x-auto\" data-message-author-role=\"assistant\" data-message-id=\"79d22d39-0912-4a81-b7ff-427267983bfb\">\n<div class=\"markdown prose w-full break-words dark:prose-invert dark\">\n<p>Nez : Un m\u00e9lange de miel, de ch\u00eane, d&#8217;\u00e9thanol et de douces notes florales. Bouche : Elle r\u00e9v\u00e8le du miel sucr\u00e9, des \u00e9pices, du ch\u00eane, de la vanille et des notes herbac\u00e9es. Finale : Principalement sucr\u00e9e, elle se termine par une touche d&#8217;agrumes.<\/p>\n<\/div>\n<\/div>\n<\/div>\n","protected":false},"featured_media":77680,"comment_status":"open","ping_status":"closed","template":"","meta":{"_acf_changed":false},"product_brand":[],"product_cat":[317,426],"product_tag":[],"class_list":{"0":"post-78852","1":"product","2":"type-product","3":"status-publish","4":"has-post-thumbnail","6":"product_cat-ecosse","7":"product_cat-glenkirk-fr","9":"first","10":"instock","11":"purchasable","12":"product-type-simple"},"acf":[],"aioseo_notices":[],"jetpack_sharing_enabled":true,"_links":{"self":[{"href":"https:\/\/whisky.ad\/fr\/wp-json\/wp\/v2\/product\/78852","targetHints":{"allow":["GET"]}}],"collection":[{"href":"https:\/\/whisky.ad\/fr\/wp-json\/wp\/v2\/product"}],"about":[{"href":"https:\/\/whisky.ad\/fr\/wp-json\/wp\/v2\/types\/product"}],"replies":[{"embeddable":true,"href":"https:\/\/whisky.ad\/fr\/wp-json\/wp\/v2\/comments?post=78852"}],"wp:featuredmedia":[{"embeddable":true,"href":"https:\/\/whisky.ad\/fr\/wp-json\/wp\/v2\/media\/77680"}],"wp:attachment":[{"href":"https:\/\/whisky.ad\/fr\/wp-json\/wp\/v2\/media?parent=78852"}],"wp:term":[{"taxonomy":"product_brand","embeddable":true,"href":"https:\/\/whisky.ad\/fr\/wp-json\/wp\/v2\/product_brand?post=78852"},{"taxonomy":"product_cat","embeddable":true,"href":"https:\/\/whisky.ad\/fr\/wp-json\/wp\/v2\/product_cat?post=78852"},{"taxonomy":"product_tag","embeddable":true,"href":"https:\/\/whisky.ad\/fr\/wp-json\/wp\/v2\/product_tag?post=78852"}],"curies":[{"name":"wp","href":"https:\/\/api.w.org\/{rel}","templated":true}]}}