{"id":78849,"date":"2023-06-14T14:09:30","date_gmt":"2023-06-14T13:09:30","guid":{"rendered":"https:\/\/whisky.ad\/product\/littlemill-45yo-250th-ann\/"},"modified":"2023-06-14T14:09:30","modified_gmt":"2023-06-14T13:09:30","slug":"littlemill-45yo-250th-ann","status":"publish","type":"product","link":"https:\/\/whisky.ad\/fr\/produit\/littlemill-45yo-250th-ann\/","title":{"rendered":"Littlemill 45YO 250th. Ann."},"content":{"rendered":"","protected":false},"excerpt":{"rendered":"<p>Le Littlemill 250th Anniversary Release est une c\u00e9l\u00e9bration de 250 ans de savoir-faire artisanal. Cette \u00e9dition comm\u00e9more un moment important de l&#8217;histoire o\u00f9 le whisky et la photographie se sont crois\u00e9s, fa\u00e7onnant le cours du temps. Elle rend hommage aux pionniers qui partagent la m\u00eame passion, la m\u00eame patience et les m\u00eames connaissances n\u00e9cessaires pour pr\u00e9server ces formes d&#8217;art. Pour marquer cette \u00e9tape rare, le Master Blender Michael Henry s&#8217;est lanc\u00e9 dans une collaboration avec le c\u00e9l\u00e8bre photographe autrichien Stefan Sappert. S&#8217;inspirant de l&#8217;expertise de Stefan et de ses appareils photographiques victoriens traditionnels, la pr\u00e9sentation de cette \u00e9dition est vraiment exceptionnelle. Dans le cadre de cette collaboration exclusive, Stefan a cr\u00e9\u00e9 250 photographies argentiques sur plaque de verre noire, capturant la vue pittoresque des rives de la Clyde vers la distillerie Littlemill d&#8217;origine. Chaque photographie est une \u0153uvre d&#8217;art unique, sign\u00e9e et num\u00e9rot\u00e9e. Le coffret Littlemill 250th Anniversary rend hommage \u00e0 Stefan et aux proc\u00e9d\u00e9s photographiques traditionnels de la fin du XIXe si\u00e8cle. De d\u00e9licates entailles dans le cristal refl\u00e8tent le dessin de l&#8217;ouverture d&#8217;un objectif d&#8217;appareil photo, capturant ainsi l&#8217;essence de la riche histoire de Littlemill, vieille de 250 ans. Chaque carafe, souffl\u00e9e \u00e0 la main par les artisans de Glencairn, est unique \u00e0 l&#8217;\u00e9dition 250e anniversaire de Littlemill. Ce whisky de malt exceptionnel des Lowlands t\u00e9moigne de son caract\u00e8re exceptionnel. Distill\u00e9 en 1976, il a \u00e9t\u00e9 personnellement s\u00e9lectionn\u00e9 par Michael Henry pour une derni\u00e8re finition de six mois dans des t\u00eates de poule de sherry Oloroso de premier remplissage. Il en r\u00e9sulte un whisky d\u00e9licatement floral \u00e0 la bouche soyeuse. En bouche, vous appr\u00e9cierez les notes de cr\u00e8me caramel et de fruits verts app\u00e9tissants, suivies d&#8217;une longue et chaleureuse \u00e9treinte d&#8217;\u00e9pices de gingembre, de cannelle et de noix de muscade en fin de bouche. Le Littlemill 250th Anniversary Release incarne l&#8217;art, l&#8217;histoire et le savoir-faire qui ont d\u00e9fini Littlemill au cours des 250 derni\u00e8res ann\u00e9es. Il s&#8217;agit d&#8217;un whisky vraiment remarquable qui invite les amateurs de whisky \u00e0 savourer et \u00e0 c\u00e9l\u00e9brer cet \u00e9v\u00e9nement capital.  <\/p>\n","protected":false},"featured_media":76810,"comment_status":"open","ping_status":"closed","template":"","meta":{"_acf_changed":false},"product_brand":[],"product_cat":[341],"product_tag":[],"class_list":{"0":"post-78849","1":"product","2":"type-product","3":"status-publish","4":"has-post-thumbnail","6":"product_cat-rare-de-collection","8":"first","9":"instock","10":"taxable","11":"shipping-taxable","12":"product-type-simple"},"acf":[],"aioseo_notices":[],"jetpack_sharing_enabled":true,"_links":{"self":[{"href":"https:\/\/whisky.ad\/fr\/wp-json\/wp\/v2\/product\/78849","targetHints":{"allow":["GET"]}}],"collection":[{"href":"https:\/\/whisky.ad\/fr\/wp-json\/wp\/v2\/product"}],"about":[{"href":"https:\/\/whisky.ad\/fr\/wp-json\/wp\/v2\/types\/product"}],"replies":[{"embeddable":true,"href":"https:\/\/whisky.ad\/fr\/wp-json\/wp\/v2\/comments?post=78849"}],"wp:featuredmedia":[{"embeddable":true,"href":"https:\/\/whisky.ad\/fr\/wp-json\/wp\/v2\/media\/76810"}],"wp:attachment":[{"href":"https:\/\/whisky.ad\/fr\/wp-json\/wp\/v2\/media?parent=78849"}],"wp:term":[{"taxonomy":"product_brand","embeddable":true,"href":"https:\/\/whisky.ad\/fr\/wp-json\/wp\/v2\/product_brand?post=78849"},{"taxonomy":"product_cat","embeddable":true,"href":"https:\/\/whisky.ad\/fr\/wp-json\/wp\/v2\/product_cat?post=78849"},{"taxonomy":"product_tag","embeddable":true,"href":"https:\/\/whisky.ad\/fr\/wp-json\/wp\/v2\/product_tag?post=78849"}],"curies":[{"name":"wp","href":"https:\/\/api.w.org\/{rel}","templated":true}]}}