{"id":78843,"date":"2023-06-14T13:48:10","date_gmt":"2023-06-14T12:48:10","guid":{"rendered":"https:\/\/whisky.ad\/product\/littlemill-29yo-2019-release\/"},"modified":"2023-06-14T13:48:10","modified_gmt":"2023-06-14T12:48:10","slug":"littlemill-29yo-2019-release","status":"publish","type":"product","link":"https:\/\/whisky.ad\/fr\/produit\/littlemill-29yo-2019-release\/","title":{"rendered":"Littlemill 29YO 2019 Release"},"content":{"rendered":"","protected":false},"excerpt":{"rendered":"<p>Littlemill Aged 29 Years &#8211; The 2019 Release est le dernier n\u00e9 de la tr\u00e8s recherch\u00e9e collection Private Cellar de Littlemill. Ce whisky \u00e9cossais single malt exquis, qui sera d\u00e9voil\u00e9 en septembre, est m\u00e9ticuleusement \u00e9labor\u00e9 \u00e0 partir d&#8217;un liquide soigneusement s\u00e9lectionn\u00e9 provenant des derniers f\u00fbts de la distillerie embl\u00e9matique Littlemill. Reconnue comme la plus ancienne distillerie agr\u00e9\u00e9e d&#8217;\u00c9cosse, Littlemill a cess\u00e9 ses activit\u00e9s en 1994 et a tragiquement succomb\u00e9 \u00e0 un incendie d\u00e9vastateur en 2004. En cons\u00e9quence, ce whisky est devenu exceptionnellement rare et tr\u00e8s convoit\u00e9 par les amateurs et les collectionneurs. Le Littlemill Aged 29 Years repr\u00e9sente le troisi\u00e8me volet de la Private Cellar Collection, une gamme qui met en valeur le style &#8220;floral&#8221; traditionnel des Lowlands pour lequel Littlemill \u00e9tait r\u00e9put\u00e9. Pour cette version particuli\u00e8re, le ma\u00eetre assembleur Michael Henry a mis l&#8217;accent sur le d\u00e9veloppement du caract\u00e8re bois\u00e9, ce qui a donn\u00e9 lieu \u00e0 une expression vraiment exceptionnelle. Seules 600 bouteilles de ce whisky extraordinaire seront disponibles dans le monde entier. Le whisky est \u00e9l\u00e9gamment pr\u00e9sent\u00e9 dans une carafe en cristal Glencairn sur mesure, qui comporte une gravure exquise de la rivi\u00e8re Clyde et une \u00e9toile argent\u00e9e symbolisant l&#8217;emplacement historique de la distillerie. Situ\u00e9e \u00e0 Bowling, sur les rives de la rivi\u00e8re Clyde, la proximit\u00e9 de Littlemill avec les grandes villes comme Glasgow et \u00c9dimbourg, facilit\u00e9e par l&#8217;ach\u00e8vement du canal Forth et Clyde dans les ann\u00e9es 1790, a jou\u00e9 un r\u00f4le essentiel dans son succ\u00e8s. Le coffret de pr\u00e9sentation magnifiquement con\u00e7u qui accompagne le whisky comprend une miniature de 5 cl du liquide, un morceau d&#8217;un f\u00fbt original de Littlemill et un livret qui retrace l&#8217;histoire captivante de la distillerie. \u00c0 l&#8217;int\u00e9rieur, vous trouverez \u00e9galement des notes de d\u00e9gustation r\u00e9dig\u00e9es personnellement par le ma\u00eetre assembleur Michael Henry. La production de whisky de Littlemill a perdur\u00e9 jusqu&#8217;\u00e0 la fermeture de la distillerie en 1994, suivie de sa destruction tragique lors de l&#8217;incendie de 2004, ne laissant aucun espoir de production future. La production est limit\u00e9e \u00e0 500 bouteilles num\u00e9rot\u00e9es individuellement, chacune \u00e9tant m\u00e9ticuleusement grav\u00e9e pour indiquer son exclusivit\u00e9 et son caract\u00e8re de collection. <\/p>\n","protected":false},"featured_media":76789,"comment_status":"open","ping_status":"closed","template":"","meta":{"_acf_changed":false},"product_brand":[],"product_cat":[341],"product_tag":[],"class_list":{"0":"post-78843","1":"product","2":"type-product","3":"status-publish","4":"has-post-thumbnail","6":"product_cat-rare-de-collection","8":"first","9":"instock","10":"taxable","11":"shipping-taxable","12":"product-type-simple"},"acf":[],"aioseo_notices":[],"jetpack_sharing_enabled":true,"_links":{"self":[{"href":"https:\/\/whisky.ad\/fr\/wp-json\/wp\/v2\/product\/78843","targetHints":{"allow":["GET"]}}],"collection":[{"href":"https:\/\/whisky.ad\/fr\/wp-json\/wp\/v2\/product"}],"about":[{"href":"https:\/\/whisky.ad\/fr\/wp-json\/wp\/v2\/types\/product"}],"replies":[{"embeddable":true,"href":"https:\/\/whisky.ad\/fr\/wp-json\/wp\/v2\/comments?post=78843"}],"wp:featuredmedia":[{"embeddable":true,"href":"https:\/\/whisky.ad\/fr\/wp-json\/wp\/v2\/media\/76789"}],"wp:attachment":[{"href":"https:\/\/whisky.ad\/fr\/wp-json\/wp\/v2\/media?parent=78843"}],"wp:term":[{"taxonomy":"product_brand","embeddable":true,"href":"https:\/\/whisky.ad\/fr\/wp-json\/wp\/v2\/product_brand?post=78843"},{"taxonomy":"product_cat","embeddable":true,"href":"https:\/\/whisky.ad\/fr\/wp-json\/wp\/v2\/product_cat?post=78843"},{"taxonomy":"product_tag","embeddable":true,"href":"https:\/\/whisky.ad\/fr\/wp-json\/wp\/v2\/product_tag?post=78843"}],"curies":[{"name":"wp","href":"https:\/\/api.w.org\/{rel}","templated":true}]}}