{"id":78840,"date":"2023-06-14T13:41:09","date_gmt":"2023-06-14T12:41:09","guid":{"rendered":"https:\/\/whisky.ad\/product\/littlemill-27yo-2017-release\/"},"modified":"2023-06-14T13:41:09","modified_gmt":"2023-06-14T12:41:09","slug":"littlemill-27yo-2017-release","status":"publish","type":"product","link":"https:\/\/whisky.ad\/fr\/produit\/littlemill-27yo-2017-release\/","title":{"rendered":"Littlemill 27YO 2017 Release"},"content":{"rendered":"","protected":false},"excerpt":{"rendered":"<p>Le Littlemill Private Release 2017 \u00e9tait une \u00e9dition sp\u00e9ciale de whisky en quantit\u00e9 limit\u00e9e. Elle a \u00e9t\u00e9 con\u00e7ue par le ma\u00eetre assembleur Michael Henry comme un hommage au caract\u00e8re original de la distillerie Littlemill. L&#8217;objectif \u00e9tait de capturer l&#8217;esprit plus l\u00e9ger et floral qui rappelle le processus de triple distillation utilis\u00e9 \u00e0 l&#8217;\u00e9poque de Duncan Thomas. Pour cette \u00e9dition, huit f\u00fbts issus des distillations de 1990 ont \u00e9t\u00e9 s\u00e9lectionn\u00e9s. Ces f\u00fbts ont \u00e9t\u00e9 choisis en fonction de leur caract\u00e8re floral prononc\u00e9 et de leurs subtiles notes de bois. Les distillations ont eu lieu entre le 11 et le 29 mai 1990. Les f\u00fbts ont \u00e9t\u00e9 remplis \u00e0 un taux de 68,8 %, ce qui leur a permis de pr\u00e9server davantage le caract\u00e8re original de la distillerie pendant qu&#8217;ils vieillissaient dans des f\u00fbts de bourbon de remplissage. L&#8217;utilisation de f\u00fbts de bourbon recharg\u00e9s a \u00e9galement conf\u00e9r\u00e9 au whisky une influence bois\u00e9e plus douce. Une fois les f\u00fbts choisis, ils ont \u00e9t\u00e9 mari\u00e9s ensemble dans des f\u00fbts de bourbon frais pendant une p\u00e9riode de 12 mois avant d&#8217;\u00eatre mis en bouteille. Le whisky a \u00e9t\u00e9 commercialis\u00e9 en 500 bouteilles num\u00e9rot\u00e9es individuellement en \u00e9dition limit\u00e9e. Chaque bouteille a \u00e9t\u00e9 grav\u00e9e pour signifier son caract\u00e8re unique et exclusif.  <\/p>\n","protected":false},"featured_media":76783,"comment_status":"open","ping_status":"closed","template":"","meta":{"_acf_changed":false},"product_brand":[],"product_cat":[341],"product_tag":[],"class_list":{"0":"post-78840","1":"product","2":"type-product","3":"status-publish","4":"has-post-thumbnail","6":"product_cat-rare-de-collection","8":"first","9":"instock","10":"taxable","11":"shipping-taxable","12":"product-type-simple"},"acf":[],"aioseo_notices":[],"jetpack_sharing_enabled":true,"_links":{"self":[{"href":"https:\/\/whisky.ad\/fr\/wp-json\/wp\/v2\/product\/78840","targetHints":{"allow":["GET"]}}],"collection":[{"href":"https:\/\/whisky.ad\/fr\/wp-json\/wp\/v2\/product"}],"about":[{"href":"https:\/\/whisky.ad\/fr\/wp-json\/wp\/v2\/types\/product"}],"replies":[{"embeddable":true,"href":"https:\/\/whisky.ad\/fr\/wp-json\/wp\/v2\/comments?post=78840"}],"wp:featuredmedia":[{"embeddable":true,"href":"https:\/\/whisky.ad\/fr\/wp-json\/wp\/v2\/media\/76783"}],"wp:attachment":[{"href":"https:\/\/whisky.ad\/fr\/wp-json\/wp\/v2\/media?parent=78840"}],"wp:term":[{"taxonomy":"product_brand","embeddable":true,"href":"https:\/\/whisky.ad\/fr\/wp-json\/wp\/v2\/product_brand?post=78840"},{"taxonomy":"product_cat","embeddable":true,"href":"https:\/\/whisky.ad\/fr\/wp-json\/wp\/v2\/product_cat?post=78840"},{"taxonomy":"product_tag","embeddable":true,"href":"https:\/\/whisky.ad\/fr\/wp-json\/wp\/v2\/product_tag?post=78840"}],"curies":[{"name":"wp","href":"https:\/\/api.w.org\/{rel}","templated":true}]}}