{"id":78838,"date":"2023-06-14T10:15:18","date_gmt":"2023-06-14T09:15:18","guid":{"rendered":"https:\/\/whisky.ad\/product\/littlemill-25yo-2015-release\/"},"modified":"2023-06-14T10:15:18","modified_gmt":"2023-06-14T09:15:18","slug":"littlemill-25yo-2015-release","status":"publish","type":"product","link":"https:\/\/whisky.ad\/fr\/produit\/littlemill-25yo-2015-release\/","title":{"rendered":"Littlemill 25YO 2015 Release"},"content":{"rendered":"","protected":false},"excerpt":{"rendered":"<p>Voici la tr\u00e8s attendue version 2015, une cr\u00e9ation remarquable de deux ma\u00eetres assembleurs renomm\u00e9s, John Petersen et Michael Henry. Avec une grande pr\u00e9cision, ils ont m\u00e9ticuleusement \u00e9valu\u00e9 les f\u00fbts restants de 1989 et 1990 dans l&#8217;entrep\u00f4t de la distillerie. Apr\u00e8s m\u00fbre r\u00e9flexion, ils ont s\u00e9lectionn\u00e9 10 f\u00fbts qui illustrent la qualit\u00e9 sup\u00e9rieure et le style distinct du whisky synonyme de la distillerie Littlemill. Ces f\u00fbts ont \u00e9t\u00e9 combin\u00e9s avec art, ce qui a donn\u00e9 naissance \u00e0 un extraordinaire whisky single malt des Lowlands de 25 ans d&#8217;\u00e2ge. Le liquide de 1989 a \u00e9t\u00e9 gracieusement mis en f\u00fbt le 17 d\u00e9cembre 1989, \u00e0 une temp\u00e9rature de 68,5 degr\u00e9s, tandis que le liquide de 1990 a \u00e9t\u00e9 soigneusement mis en f\u00fbt entre le 1er et le 4 avril 1990, \u00e0 des temp\u00e9ratures allant de 68,6 \u00e0 68,7 degr\u00e9s. Vieilli \u00e0 l&#8217;origine dans une combinaison des meilleurs f\u00fbts de ch\u00eane am\u00e9ricains et europ\u00e9ens, cet embouteillage inaugural a fait l&#8217;objet d&#8217;un processus de mariage m\u00e9ticuleux. En outre, il a \u00e9t\u00e9 compl\u00e9t\u00e9 par une p\u00e9riode de finition dans d&#8217;exquis f\u00fbts de Sherry Oloroso europ\u00e9ens de premier remplissage, ce qui lui conf\u00e8re une couche suppl\u00e9mentaire de complexit\u00e9 et de caract\u00e8re. Cette \u00e9dition limit\u00e9e comprend 1 500 bouteilles d\u00e9licieusement grav\u00e9es, chacune num\u00e9rot\u00e9e individuellement, ce qui t\u00e9moigne de son exclusivit\u00e9. <\/p>\n","protected":false},"featured_media":76771,"comment_status":"open","ping_status":"closed","template":"","meta":{"_acf_changed":false},"product_brand":[],"product_cat":[341],"product_tag":[],"class_list":{"0":"post-78838","1":"product","2":"type-product","3":"status-publish","4":"has-post-thumbnail","6":"product_cat-rare-de-collection","8":"first","9":"instock","10":"taxable","11":"shipping-taxable","12":"product-type-simple"},"acf":[],"aioseo_notices":[],"jetpack_sharing_enabled":true,"_links":{"self":[{"href":"https:\/\/whisky.ad\/fr\/wp-json\/wp\/v2\/product\/78838","targetHints":{"allow":["GET"]}}],"collection":[{"href":"https:\/\/whisky.ad\/fr\/wp-json\/wp\/v2\/product"}],"about":[{"href":"https:\/\/whisky.ad\/fr\/wp-json\/wp\/v2\/types\/product"}],"replies":[{"embeddable":true,"href":"https:\/\/whisky.ad\/fr\/wp-json\/wp\/v2\/comments?post=78838"}],"wp:featuredmedia":[{"embeddable":true,"href":"https:\/\/whisky.ad\/fr\/wp-json\/wp\/v2\/media\/76771"}],"wp:attachment":[{"href":"https:\/\/whisky.ad\/fr\/wp-json\/wp\/v2\/media?parent=78838"}],"wp:term":[{"taxonomy":"product_brand","embeddable":true,"href":"https:\/\/whisky.ad\/fr\/wp-json\/wp\/v2\/product_brand?post=78838"},{"taxonomy":"product_cat","embeddable":true,"href":"https:\/\/whisky.ad\/fr\/wp-json\/wp\/v2\/product_cat?post=78838"},{"taxonomy":"product_tag","embeddable":true,"href":"https:\/\/whisky.ad\/fr\/wp-json\/wp\/v2\/product_tag?post=78838"}],"curies":[{"name":"wp","href":"https:\/\/api.w.org\/{rel}","templated":true}]}}