{"id":78835,"date":"2023-06-14T09:12:42","date_gmt":"2023-06-14T08:12:42","guid":{"rendered":"https:\/\/whisky.ad\/product\/littlemill-1992-vintage\/"},"modified":"2023-06-14T09:12:42","modified_gmt":"2023-06-14T08:12:42","slug":"littlemill-1992-vintage","status":"publish","type":"product","link":"https:\/\/whisky.ad\/fr\/produit\/littlemill-1992-vintage\/","title":{"rendered":"Littlemill 1992 Vintage"},"content":{"rendered":"","protected":false},"excerpt":{"rendered":"<p>Voici le Littlemill 1992 Vintage, un produit sp\u00e9cial \u00e9labor\u00e9 par le ma\u00eetre assembleur Michael Henry. Pour rendre hommage au caract\u00e8re authentique de la distillerie Littlemill d&#8217;origine, trois f\u00fbts de 1992 ont \u00e9t\u00e9 soigneusement s\u00e9lectionn\u00e9s. Ces f\u00fbts capturent l&#8217;essence de l&#8217;h\u00e9ritage de la distillerie &#8211; un spiritueux d\u00e9licat et floral qui fait \u00e9cho \u00e0 la m\u00e9thode de triple distillation adopt\u00e9e \u00e0 l&#8217;\u00e9poque de Duncan Thomas. Cette \u00e9dition limit\u00e9e se compose de 300 bouteilles grav\u00e9es de mani\u00e8re exquise, chacune \u00e9tant num\u00e9rot\u00e9e individuellement pour comm\u00e9morer son exclusivit\u00e9.   <\/p>\n","protected":false},"featured_media":76765,"comment_status":"open","ping_status":"closed","template":"","meta":{"_acf_changed":false},"product_brand":[],"product_cat":[341,357],"product_tag":[],"class_list":{"0":"post-78835","1":"product","2":"type-product","3":"status-publish","4":"has-post-thumbnail","6":"product_cat-rare-de-collection","7":"product_cat-whisky-by-brand-fr","9":"first","10":"instock","11":"taxable","12":"shipping-taxable","13":"product-type-simple"},"acf":[],"aioseo_notices":[],"jetpack_sharing_enabled":true,"_links":{"self":[{"href":"https:\/\/whisky.ad\/fr\/wp-json\/wp\/v2\/product\/78835","targetHints":{"allow":["GET"]}}],"collection":[{"href":"https:\/\/whisky.ad\/fr\/wp-json\/wp\/v2\/product"}],"about":[{"href":"https:\/\/whisky.ad\/fr\/wp-json\/wp\/v2\/types\/product"}],"replies":[{"embeddable":true,"href":"https:\/\/whisky.ad\/fr\/wp-json\/wp\/v2\/comments?post=78835"}],"wp:featuredmedia":[{"embeddable":true,"href":"https:\/\/whisky.ad\/fr\/wp-json\/wp\/v2\/media\/76765"}],"wp:attachment":[{"href":"https:\/\/whisky.ad\/fr\/wp-json\/wp\/v2\/media?parent=78835"}],"wp:term":[{"taxonomy":"product_brand","embeddable":true,"href":"https:\/\/whisky.ad\/fr\/wp-json\/wp\/v2\/product_brand?post=78835"},{"taxonomy":"product_cat","embeddable":true,"href":"https:\/\/whisky.ad\/fr\/wp-json\/wp\/v2\/product_cat?post=78835"},{"taxonomy":"product_tag","embeddable":true,"href":"https:\/\/whisky.ad\/fr\/wp-json\/wp\/v2\/product_tag?post=78835"}],"curies":[{"name":"wp","href":"https:\/\/api.w.org\/{rel}","templated":true}]}}