{"id":78832,"date":"2023-11-16T12:01:24","date_gmt":"2023-11-16T11:01:24","guid":{"rendered":"https:\/\/whisky.ad\/product\/lismore-highlands-21yo-single-malt-whiskyglenfarclas-0-7l-43\/"},"modified":"2023-12-11T12:00:09","modified_gmt":"2023-12-11T11:00:09","slug":"lismore-highlands-21yo-single-malt-whiskyglenfarclas-0-7l-43","status":"publish","type":"product","link":"https:\/\/whisky.ad\/fr\/produit\/lismore-highlands-21yo-single-malt-whiskyglenfarclas-0-7l-43\/","title":{"rendered":"Lismore Highlands 21yo Single Malt Whisky(Glenfarclas) 0.7l 43%"},"content":{"rendered":"","protected":false},"excerpt":{"rendered":"<p>Whisky \u00e9cossais single malt de 21 ans d&#8217;\u00e2ge de la gamme Lismore. Il provient de la distillerie Glenfarclas dans la r\u00e9gion du Speyside &#8211; un malt d\u00e9licieux ! Notes de d\u00e9gustation : Nez : brioches de Chelsea, sucre brun et quelques l\u00e9g\u00e8res notes de ch\u00eane poivr\u00e9. En bouche : Cr\u00e8me p\u00e2tissi\u00e8re, cannelle et fruits du sherry. Orange sanguine et raisins secs. Finale : Caramel \u00e0 la vanille et fruits secs. <\/p>\n","protected":false},"featured_media":79169,"comment_status":"open","ping_status":"closed","template":"","meta":{"_acf_changed":false},"product_brand":[],"product_cat":[357,447,317],"product_tag":[],"class_list":{"0":"post-78832","1":"product","2":"type-product","3":"status-publish","4":"has-post-thumbnail","6":"product_cat-whisky-by-brand-fr","7":"product_cat-lismore-fr","8":"product_cat-ecosse","10":"first","11":"instock","12":"taxable","13":"shipping-taxable","14":"purchasable","15":"product-type-simple"},"acf":[],"aioseo_notices":[],"jetpack_sharing_enabled":true,"_links":{"self":[{"href":"https:\/\/whisky.ad\/fr\/wp-json\/wp\/v2\/product\/78832","targetHints":{"allow":["GET"]}}],"collection":[{"href":"https:\/\/whisky.ad\/fr\/wp-json\/wp\/v2\/product"}],"about":[{"href":"https:\/\/whisky.ad\/fr\/wp-json\/wp\/v2\/types\/product"}],"replies":[{"embeddable":true,"href":"https:\/\/whisky.ad\/fr\/wp-json\/wp\/v2\/comments?post=78832"}],"wp:featuredmedia":[{"embeddable":true,"href":"https:\/\/whisky.ad\/fr\/wp-json\/wp\/v2\/media\/79169"}],"wp:attachment":[{"href":"https:\/\/whisky.ad\/fr\/wp-json\/wp\/v2\/media?parent=78832"}],"wp:term":[{"taxonomy":"product_brand","embeddable":true,"href":"https:\/\/whisky.ad\/fr\/wp-json\/wp\/v2\/product_brand?post=78832"},{"taxonomy":"product_cat","embeddable":true,"href":"https:\/\/whisky.ad\/fr\/wp-json\/wp\/v2\/product_cat?post=78832"},{"taxonomy":"product_tag","embeddable":true,"href":"https:\/\/whisky.ad\/fr\/wp-json\/wp\/v2\/product_tag?post=78832"}],"curies":[{"name":"wp","href":"https:\/\/api.w.org\/{rel}","templated":true}]}}