{"id":78829,"date":"2023-11-16T12:05:54","date_gmt":"2023-11-16T11:05:54","guid":{"rendered":"https:\/\/whisky.ad\/product\/lismore-highlands-12yo-single-malt-whiskyglenfarclas-0-7l-40\/"},"modified":"2023-12-11T11:55:50","modified_gmt":"2023-12-11T10:55:50","slug":"lismore-highlands-12yo-single-malt-whiskyglenfarclas-0-7l-40","status":"publish","type":"product","link":"https:\/\/whisky.ad\/fr\/produit\/lismore-highlands-12yo-single-malt-whiskyglenfarclas-0-7l-40\/","title":{"rendered":"Lismore Highlands 12yo Single Malt Whisky(Glenfarclas) 0.7l 40%"},"content":{"rendered":"","protected":false},"excerpt":{"rendered":"<p>Un savoureux single malt de 12 ans d&#8217;\u00e2ge de la distillerie \u00e9cossaise Glenfarclas dans le Speyside, embouteill\u00e9 pour la gamme Lismore. Notes de d\u00e9gustation Nez : Herbac\u00e9 et herbac\u00e9, avec une note sous-jacente de gousse de vanille. Bouche : sucre br\u00fbl\u00e9 et grains de caf\u00e9 : Sucre br\u00fbl\u00e9 et grains de caf\u00e9. Une l\u00e9g\u00e8re touche des notes herbac\u00e9es susmentionn\u00e9es. Finale : malt lourd et sucre d&#8217;orge.<\/p>\n","protected":false},"featured_media":79156,"comment_status":"open","ping_status":"closed","template":"","meta":{"_acf_changed":false},"product_brand":[],"product_cat":[317,447],"product_tag":[],"class_list":{"0":"post-78829","1":"product","2":"type-product","3":"status-publish","4":"has-post-thumbnail","6":"product_cat-ecosse","7":"product_cat-lismore-fr","9":"first","10":"instock","11":"taxable","12":"shipping-taxable","13":"purchasable","14":"product-type-simple"},"acf":[],"aioseo_notices":[],"jetpack_sharing_enabled":true,"_links":{"self":[{"href":"https:\/\/whisky.ad\/fr\/wp-json\/wp\/v2\/product\/78829","targetHints":{"allow":["GET"]}}],"collection":[{"href":"https:\/\/whisky.ad\/fr\/wp-json\/wp\/v2\/product"}],"about":[{"href":"https:\/\/whisky.ad\/fr\/wp-json\/wp\/v2\/types\/product"}],"replies":[{"embeddable":true,"href":"https:\/\/whisky.ad\/fr\/wp-json\/wp\/v2\/comments?post=78829"}],"wp:featuredmedia":[{"embeddable":true,"href":"https:\/\/whisky.ad\/fr\/wp-json\/wp\/v2\/media\/79156"}],"wp:attachment":[{"href":"https:\/\/whisky.ad\/fr\/wp-json\/wp\/v2\/media?parent=78829"}],"wp:term":[{"taxonomy":"product_brand","embeddable":true,"href":"https:\/\/whisky.ad\/fr\/wp-json\/wp\/v2\/product_brand?post=78829"},{"taxonomy":"product_cat","embeddable":true,"href":"https:\/\/whisky.ad\/fr\/wp-json\/wp\/v2\/product_cat?post=78829"},{"taxonomy":"product_tag","embeddable":true,"href":"https:\/\/whisky.ad\/fr\/wp-json\/wp\/v2\/product_tag?post=78829"}],"curies":[{"name":"wp","href":"https:\/\/api.w.org\/{rel}","templated":true}]}}