{"id":78822,"date":"2023-11-16T12:16:33","date_gmt":"2023-11-16T11:16:33","guid":{"rendered":"https:\/\/whisky.ad\/product\/lismore-8yo-special-reserve-whisky-0-7l-40\/"},"modified":"2023-12-11T11:19:43","modified_gmt":"2023-12-11T10:19:43","slug":"lismore-8yo-special-reserve-whisky-0-7l-40","status":"publish","type":"product","link":"https:\/\/whisky.ad\/fr\/produit\/lismore-8yo-special-reserve-whisky-0-7l-40\/","title":{"rendered":"Lismore 8yo Special Reserve Whisky 0.7l 40%"},"content":{"rendered":"","protected":false},"excerpt":{"rendered":"<p>Lismore 8yo Special Bottling Un whisky \u00e9cossais blended de 8 ans d&#8217;\u00e2ge de la gamme Lismore. D&#8217;un bon rapport qualit\u00e9-prix, ces whiskies Lismore&#8230; Notes de d\u00e9gustation Nez : Caramel, cannelle et un c\u0153ur de malt grill\u00e9. Bouche : Cannelle et sucre br\u00fbl\u00e9 : Cannelle et sucre br\u00fbl\u00e9, avec une touche de Sherry. Finale : Poivre blanc et glace \u00e0 la vanille.<\/p>\n","protected":false},"featured_media":79177,"comment_status":"open","ping_status":"closed","template":"","meta":{"_acf_changed":false},"product_brand":[],"product_cat":[317,357,447],"product_tag":[],"class_list":{"0":"post-78822","1":"product","2":"type-product","3":"status-publish","4":"has-post-thumbnail","6":"product_cat-ecosse","7":"product_cat-whisky-by-brand-fr","8":"product_cat-lismore-fr","10":"first","11":"instock","12":"taxable","13":"shipping-taxable","14":"purchasable","15":"product-type-simple"},"acf":[],"aioseo_notices":[],"jetpack_sharing_enabled":true,"_links":{"self":[{"href":"https:\/\/whisky.ad\/fr\/wp-json\/wp\/v2\/product\/78822","targetHints":{"allow":["GET"]}}],"collection":[{"href":"https:\/\/whisky.ad\/fr\/wp-json\/wp\/v2\/product"}],"about":[{"href":"https:\/\/whisky.ad\/fr\/wp-json\/wp\/v2\/types\/product"}],"replies":[{"embeddable":true,"href":"https:\/\/whisky.ad\/fr\/wp-json\/wp\/v2\/comments?post=78822"}],"wp:featuredmedia":[{"embeddable":true,"href":"https:\/\/whisky.ad\/fr\/wp-json\/wp\/v2\/media\/79177"}],"wp:attachment":[{"href":"https:\/\/whisky.ad\/fr\/wp-json\/wp\/v2\/media?parent=78822"}],"wp:term":[{"taxonomy":"product_brand","embeddable":true,"href":"https:\/\/whisky.ad\/fr\/wp-json\/wp\/v2\/product_brand?post=78822"},{"taxonomy":"product_cat","embeddable":true,"href":"https:\/\/whisky.ad\/fr\/wp-json\/wp\/v2\/product_cat?post=78822"},{"taxonomy":"product_tag","embeddable":true,"href":"https:\/\/whisky.ad\/fr\/wp-json\/wp\/v2\/product_tag?post=78822"}],"curies":[{"name":"wp","href":"https:\/\/api.w.org\/{rel}","templated":true}]}}