{"id":78820,"date":"2023-11-16T12:15:06","date_gmt":"2023-11-16T11:15:06","guid":{"rendered":"https:\/\/whisky.ad\/product\/lismore-18yo-special-reserve-whisky-0-7l-40\/"},"modified":"2023-12-11T12:08:03","modified_gmt":"2023-12-11T11:08:03","slug":"lismore-18yo-special-reserve-whisky-0-7l-40","status":"publish","type":"product","link":"https:\/\/whisky.ad\/fr\/produit\/lismore-18yo-special-reserve-whisky-0-7l-40\/","title":{"rendered":"Lismore 18yo Special Reserve Whisky 0.7l 40%"},"content":{"rendered":"","protected":false},"excerpt":{"rendered":"<p>Whisky \u00e9cossais blended de 18 ans d&#8217;\u00e2ge de la distillerie Lismore. Les embouteillages pr\u00e9c\u00e9dents de Lismore \u00e9taient des single malts de la distillerie Glenfarclas, alors que leur Special Reserve 18 Year Old est un blend (\u00e9galement compos\u00e9 de whiskies de Glenfarclas) Notes de d\u00e9gustation : Nez : Ch\u00eane grill\u00e9, raisins secs et une pinc\u00e9e de clou de girofle. Bouche : Cannelle et encore des raisins secs, rejoints par du caramel et du chocolat. Finale : un soup\u00e7on de grains de caf\u00e9 et d&#8217;Oloroso. <\/p>\n","protected":false},"featured_media":79181,"comment_status":"open","ping_status":"closed","template":"","meta":{"_acf_changed":false},"product_brand":[],"product_cat":[317,357,447],"product_tag":[],"class_list":{"0":"post-78820","1":"product","2":"type-product","3":"status-publish","4":"has-post-thumbnail","6":"product_cat-ecosse","7":"product_cat-whisky-by-brand-fr","8":"product_cat-lismore-fr","10":"first","11":"instock","12":"purchasable","13":"product-type-simple"},"acf":[],"aioseo_notices":[],"jetpack_sharing_enabled":true,"_links":{"self":[{"href":"https:\/\/whisky.ad\/fr\/wp-json\/wp\/v2\/product\/78820","targetHints":{"allow":["GET"]}}],"collection":[{"href":"https:\/\/whisky.ad\/fr\/wp-json\/wp\/v2\/product"}],"about":[{"href":"https:\/\/whisky.ad\/fr\/wp-json\/wp\/v2\/types\/product"}],"replies":[{"embeddable":true,"href":"https:\/\/whisky.ad\/fr\/wp-json\/wp\/v2\/comments?post=78820"}],"wp:featuredmedia":[{"embeddable":true,"href":"https:\/\/whisky.ad\/fr\/wp-json\/wp\/v2\/media\/79181"}],"wp:attachment":[{"href":"https:\/\/whisky.ad\/fr\/wp-json\/wp\/v2\/media?parent=78820"}],"wp:term":[{"taxonomy":"product_brand","embeddable":true,"href":"https:\/\/whisky.ad\/fr\/wp-json\/wp\/v2\/product_brand?post=78820"},{"taxonomy":"product_cat","embeddable":true,"href":"https:\/\/whisky.ad\/fr\/wp-json\/wp\/v2\/product_cat?post=78820"},{"taxonomy":"product_tag","embeddable":true,"href":"https:\/\/whisky.ad\/fr\/wp-json\/wp\/v2\/product_tag?post=78820"}],"curies":[{"name":"wp","href":"https:\/\/api.w.org\/{rel}","templated":true}]}}