{"id":78817,"date":"2023-11-16T12:16:01","date_gmt":"2023-11-16T11:16:01","guid":{"rendered":"https:\/\/whisky.ad\/product\/lismore-12yo-special-reserve-whisky-0-7l-40\/"},"modified":"2023-12-11T11:15:55","modified_gmt":"2023-12-11T10:15:55","slug":"lismore-12yo-special-reserve-whisky-0-7l-40","status":"publish","type":"product","link":"https:\/\/whisky.ad\/fr\/produit\/lismore-12yo-special-reserve-whisky-0-7l-40\/","title":{"rendered":"Lismore 12yo Special Reserve Whisky 0.7l 40%"},"content":{"rendered":"","protected":false},"excerpt":{"rendered":"<p>Un blended whisky \u00e9cossais de 12 ans d&#8217;\u00e2ge, embouteill\u00e9 dans le cadre de la s\u00e9lection plut\u00f4t \u00e9tendue de Lismore. D&#8217;un bon rapport qualit\u00e9-prix, ces expressions&#8230; Notes de d\u00e9gustation : Nez : Fruits secs, assez malt\u00e9, une pinc\u00e9e de cacao. En bouche : Nid d&#8217;abeille, pomme enrob\u00e9e de caramel et quelques \u00e9pices rac\u00e9es. Finale : La douceur fruit\u00e9e persiste assez longtemps en fin de bouche. <\/p>\n","protected":false},"featured_media":79173,"comment_status":"open","ping_status":"closed","template":"","meta":{"_acf_changed":false},"product_brand":[],"product_cat":[317,357,447],"product_tag":[],"class_list":{"0":"post-78817","1":"product","2":"type-product","3":"status-publish","4":"has-post-thumbnail","6":"product_cat-ecosse","7":"product_cat-whisky-by-brand-fr","8":"product_cat-lismore-fr","10":"first","11":"instock","12":"taxable","13":"shipping-taxable","14":"purchasable","15":"product-type-simple"},"acf":[],"aioseo_notices":[],"jetpack_sharing_enabled":true,"_links":{"self":[{"href":"https:\/\/whisky.ad\/fr\/wp-json\/wp\/v2\/product\/78817","targetHints":{"allow":["GET"]}}],"collection":[{"href":"https:\/\/whisky.ad\/fr\/wp-json\/wp\/v2\/product"}],"about":[{"href":"https:\/\/whisky.ad\/fr\/wp-json\/wp\/v2\/types\/product"}],"replies":[{"embeddable":true,"href":"https:\/\/whisky.ad\/fr\/wp-json\/wp\/v2\/comments?post=78817"}],"wp:featuredmedia":[{"embeddable":true,"href":"https:\/\/whisky.ad\/fr\/wp-json\/wp\/v2\/media\/79173"}],"wp:attachment":[{"href":"https:\/\/whisky.ad\/fr\/wp-json\/wp\/v2\/media?parent=78817"}],"wp:term":[{"taxonomy":"product_brand","embeddable":true,"href":"https:\/\/whisky.ad\/fr\/wp-json\/wp\/v2\/product_brand?post=78817"},{"taxonomy":"product_cat","embeddable":true,"href":"https:\/\/whisky.ad\/fr\/wp-json\/wp\/v2\/product_cat?post=78817"},{"taxonomy":"product_tag","embeddable":true,"href":"https:\/\/whisky.ad\/fr\/wp-json\/wp\/v2\/product_tag?post=78817"}],"curies":[{"name":"wp","href":"https:\/\/api.w.org\/{rel}","templated":true}]}}