{"id":78814,"date":"2023-12-09T15:32:20","date_gmt":"2023-12-09T14:32:20","guid":{"rendered":"https:\/\/whisky.ad\/product\/bladnoch-the-samhla-collection-the-prior\/"},"modified":"2024-01-05T12:07:28","modified_gmt":"2024-01-05T11:07:28","slug":"bladnoch-the-samhla-collection-the-prior","status":"publish","type":"product","link":"https:\/\/whisky.ad\/fr\/produit\/bladnoch-the-samhla-collection-the-prior\/","title":{"rendered":"Bladnoch the Samhla Collection: The Prior"},"content":{"rendered":"","protected":false},"excerpt":{"rendered":"<h5>Price and availability on demand<\/h5>\n<p>https:\/\/whisky.ad\/contact\/<\/p>\n<div class=\"simple-text\">\n<p>Hommage \u00e0 notre chapitre actuel, le mill\u00e9sime 1990 est issu d&#8217;un extraordinaire bouchon Pedro Xim\u00e9nez, fabriqu\u00e9 \u00e0 partir de ch\u00eane espagnol. Distill\u00e9 en 1990, cette ann\u00e9e a marqu\u00e9 le d\u00e9but du voyage entrepreneurial de David Prior, qui l&#8217;a finalement conduit \u00e0 son r\u00f4le actuel de gardien de notre ch\u00e8re distillerie \u00e9cossaise. En devenant propri\u00e9taire en 2015, David a envisag\u00e9 de revitaliser la distillerie pour en faire le noyau de la communaut\u00e9 locale. Nos r\u00e9alisations refl\u00e8tent son leadership visionnaire, qui a permis \u00e0 l&#8217;\u00e9quipe de traverser les \u00e9preuves et de jeter les bases de l&#8217;\u00e9tablissement prosp\u00e8re que nous ch\u00e9rissons aujourd&#8217;hui. <\/p>\n<\/div>\n<ul>\n<li>\n<h5>NEZ\/AR\u00d4ME<\/h5>\n<p>Riche en b\u00e2tons de r\u00e9glisse, abricots secs et dattes noires.<\/li>\n<li>\n<h5>GO\u00dbT\/APPR\u00c9CIATION<\/h5>\n<p>Dattes fonc\u00e9es aux amandes et clous de girofle subtils.<\/li>\n<li>\n<h5>Acabado<\/h5>\n<p>Long et visqueux avec un l\u00e9ger go\u00fbt de poivre.<\/li>\n<\/ul>\n","protected":false},"featured_media":79140,"comment_status":"open","ping_status":"closed","template":"","meta":{"_acf_changed":false},"product_brand":[],"product_cat":[317,318,341,514,629],"product_tag":[],"class_list":{"0":"post-78814","1":"product","2":"type-product","3":"status-publish","4":"has-post-thumbnail","6":"product_cat-ecosse","7":"product_cat-bladnoch-fr","8":"product_cat-rare-de-collection","9":"product_cat-the-samhla-collection-fr","10":"product_cat-lowland-fr","12":"first","13":"instock","14":"taxable","15":"shipping-taxable","16":"purchasable","17":"product-type-simple"},"acf":[],"aioseo_notices":[],"jetpack_sharing_enabled":true,"_links":{"self":[{"href":"https:\/\/whisky.ad\/fr\/wp-json\/wp\/v2\/product\/78814","targetHints":{"allow":["GET"]}}],"collection":[{"href":"https:\/\/whisky.ad\/fr\/wp-json\/wp\/v2\/product"}],"about":[{"href":"https:\/\/whisky.ad\/fr\/wp-json\/wp\/v2\/types\/product"}],"replies":[{"embeddable":true,"href":"https:\/\/whisky.ad\/fr\/wp-json\/wp\/v2\/comments?post=78814"}],"wp:featuredmedia":[{"embeddable":true,"href":"https:\/\/whisky.ad\/fr\/wp-json\/wp\/v2\/media\/79140"}],"wp:attachment":[{"href":"https:\/\/whisky.ad\/fr\/wp-json\/wp\/v2\/media?parent=78814"}],"wp:term":[{"taxonomy":"product_brand","embeddable":true,"href":"https:\/\/whisky.ad\/fr\/wp-json\/wp\/v2\/product_brand?post=78814"},{"taxonomy":"product_cat","embeddable":true,"href":"https:\/\/whisky.ad\/fr\/wp-json\/wp\/v2\/product_cat?post=78814"},{"taxonomy":"product_tag","embeddable":true,"href":"https:\/\/whisky.ad\/fr\/wp-json\/wp\/v2\/product_tag?post=78814"}],"curies":[{"name":"wp","href":"https:\/\/api.w.org\/{rel}","templated":true}]}}