{"id":78811,"date":"2023-12-09T15:33:44","date_gmt":"2023-12-09T14:33:44","guid":{"rendered":"https:\/\/whisky.ad\/product\/bladnoch-the-samhla-collection-the-sage\/"},"modified":"2024-01-05T11:59:49","modified_gmt":"2024-01-05T10:59:49","slug":"bladnoch-the-samhla-collection-the-sage","status":"publish","type":"product","link":"https:\/\/whisky.ad\/fr\/produit\/bladnoch-the-samhla-collection-the-sage\/","title":{"rendered":"Bladnoch the Samhla Collection: The Sage"},"content":{"rendered":"","protected":false},"excerpt":{"rendered":"<h5>Price and availability on demand<\/h5>\n<div class=\"simple-text\">\n<p>https:\/\/whisky.ad\/contact\/<\/p>\n<p>Repr\u00e9sentant notre avenir, ce whisky a \u00e9t\u00e9 tir\u00e9 de deux parfaits American Oak Red Wine Hogsheads distill\u00e9s en 2008, l&#8217;ann\u00e9e de la naissance de Sage, la fille de David Prior. Lorsque nous produisons du whisky, nous pensons \u00e0 l&#8217;avenir, en veillant \u00e0 ce que nos whiskies soient durables pour les d\u00e9cennies \u00e0 venir. Dans nos entrep\u00f4ts, nous d\u00e9posons des f\u00fbts innovants de la plus haute qualit\u00e9, de sorte qu&#8217;un jour nous puissions remettre un &#8220;coffre au tr\u00e9sor&#8221; de whisky \u00e0 la g\u00e9n\u00e9ration suivante. Nous ne connaissons pas le monde dont ils h\u00e9riteront dans plusieurs d\u00e9cennies, mais nous nous effor\u00e7ons de leur fournir tout ce dont ils auront besoin pour r\u00e9ussir leur propre parcours. <\/p>\n<\/div>\n<ul>\n<li>\n<h5>NEZ\/AR\u00d4ME<\/h5>\n<p>Herbes florales avec cerises noires enrob\u00e9es de chocolat, soup\u00e7ons de b\u00e2tons de cannelle et de miel.<\/li>\n<li>\n<h5>GO\u00dbT\/APPR\u00c9CIATION<\/h5>\n<p>Cerises noires, avec confiture de fraises et poivre noir concass\u00e9.<\/li>\n<li>\n<h5>Acabado<\/h5>\n<p>Fruit\u00e9 avec une chaleur de poivre noir.<\/li>\n<\/ul>\n","protected":false},"featured_media":81032,"comment_status":"open","ping_status":"closed","template":"","meta":{"_acf_changed":false},"product_brand":[],"product_cat":[317,318,341,514,629],"product_tag":[],"class_list":{"0":"post-78811","1":"product","2":"type-product","3":"status-publish","4":"has-post-thumbnail","6":"product_cat-ecosse","7":"product_cat-bladnoch-fr","8":"product_cat-rare-de-collection","9":"product_cat-the-samhla-collection-fr","10":"product_cat-lowland-fr","12":"first","13":"instock","14":"taxable","15":"shipping-taxable","16":"purchasable","17":"product-type-simple"},"acf":[],"aioseo_notices":[],"jetpack_sharing_enabled":true,"_links":{"self":[{"href":"https:\/\/whisky.ad\/fr\/wp-json\/wp\/v2\/product\/78811","targetHints":{"allow":["GET"]}}],"collection":[{"href":"https:\/\/whisky.ad\/fr\/wp-json\/wp\/v2\/product"}],"about":[{"href":"https:\/\/whisky.ad\/fr\/wp-json\/wp\/v2\/types\/product"}],"replies":[{"embeddable":true,"href":"https:\/\/whisky.ad\/fr\/wp-json\/wp\/v2\/comments?post=78811"}],"wp:featuredmedia":[{"embeddable":true,"href":"https:\/\/whisky.ad\/fr\/wp-json\/wp\/v2\/media\/81032"}],"wp:attachment":[{"href":"https:\/\/whisky.ad\/fr\/wp-json\/wp\/v2\/media?parent=78811"}],"wp:term":[{"taxonomy":"product_brand","embeddable":true,"href":"https:\/\/whisky.ad\/fr\/wp-json\/wp\/v2\/product_brand?post=78811"},{"taxonomy":"product_cat","embeddable":true,"href":"https:\/\/whisky.ad\/fr\/wp-json\/wp\/v2\/product_cat?post=78811"},{"taxonomy":"product_tag","embeddable":true,"href":"https:\/\/whisky.ad\/fr\/wp-json\/wp\/v2\/product_tag?post=78811"}],"curies":[{"name":"wp","href":"https:\/\/api.w.org\/{rel}","templated":true}]}}