{"id":78776,"date":"2023-07-29T18:42:17","date_gmt":"2023-07-29T17:42:17","guid":{"rendered":"https:\/\/whisky.ad\/product\/les-vieilles-vignes-rouge-2016075l-145\/"},"modified":"2024-01-12T11:20:02","modified_gmt":"2024-01-12T10:20:02","slug":"les-vieilles-vignes-rouge-2016075l-145","status":"publish","type":"product","link":"https:\/\/whisky.ad\/fr\/produit\/les-vieilles-vignes-rouge-2016075l-145\/","title":{"rendered":"Les Vieilles Vignes rouge 20160,75L. 14,5%"},"content":{"rendered":"<div class=\"flex flex-grow flex-col gap-3\">\n<div class=\"min-h-[20px] flex items-start overflow-x-auto whitespace-pre-wrap break-words flex-col gap-4\">\n<div class=\"markdown prose w-full break-words dark:prose-invert light\">\n<p>\u00c9labor\u00e9 par Plaimont Winery, Saint Mont Les Vieilles Vignes 2016 est un vin rouge robuste et sec, dot\u00e9 d&#8217;un assemblage cors\u00e9 de Tannat, Pinenc et Cabernet Sauvignon. En bouche, il s\u00e9duit par son profil riche et audacieux, mettant en valeur des fruits noirs noirs intenses, des herbes savoureuses et des \u00e9pices profondes. Cette exp\u00e9rience de saveurs concentr\u00e9es offre un excellent rapport qualit\u00e9-prix aux amateurs de vin. Associez-le harmonieusement \u00e0 un succulent sanglier BBQ \u00e0 la broche. Accords culinaires : Ce vin polyvalent compl\u00e8te les r\u00f4tis de gibier, le canard r\u00f4ti et le plat fran\u00e7ais classique Coq au Vin, am\u00e9liorant le voyage culinaire avec son caract\u00e8re savoureux.   <\/p>\n<\/div>\n<\/div>\n<\/div>\n","protected":false},"excerpt":{"rendered":"<div class=\"flex flex-grow flex-col gap-3\">\n<div class=\"min-h-[20px] flex items-start overflow-x-auto whitespace-pre-wrap break-words flex-col gap-4\">\n<div class=\"markdown prose w-full break-words dark:prose-invert light\">\n<p>\u00c9labor\u00e9 par Plaimont Winery, Saint Mont Les Vieilles Vignes 2016 est un vin rouge robuste et sec, dot\u00e9 d&#8217;un assemblage cors\u00e9 de Tannat, Pinenc et Cabernet Sauvignon. En bouche, il s\u00e9duit par son profil riche et audacieux, mettant en valeur des fruits noirs noirs intenses, des herbes savoureuses et des \u00e9pices profondes. Cette exp\u00e9rience de saveurs concentr\u00e9es offre un excellent rapport qualit\u00e9-prix aux amateurs de vin. Associez-le harmonieusement \u00e0 un succulent sanglier BBQ \u00e0 la broche. Accords culinaires : Ce vin polyvalent compl\u00e8te les r\u00f4tis de gibier, le canard r\u00f4ti et le plat fran\u00e7ais classique Coq au Vin, am\u00e9liorant le voyage culinaire avec son caract\u00e8re savoureux.   <\/p>\n<\/div>\n<\/div>\n<\/div>\n","protected":false},"featured_media":76954,"comment_status":"open","ping_status":"closed","template":"","meta":{"_acf_changed":false},"product_brand":[],"product_cat":[389,511],"product_tag":[],"class_list":{"0":"post-78776","1":"product","2":"type-product","3":"status-publish","4":"has-post-thumbnail","6":"product_cat-wine-fr","7":"product_cat-saint-mont-fr","9":"first","10":"instock","11":"taxable","12":"shipping-taxable","13":"product-type-simple"},"acf":[],"aioseo_notices":[],"jetpack_sharing_enabled":true,"_links":{"self":[{"href":"https:\/\/whisky.ad\/fr\/wp-json\/wp\/v2\/product\/78776","targetHints":{"allow":["GET"]}}],"collection":[{"href":"https:\/\/whisky.ad\/fr\/wp-json\/wp\/v2\/product"}],"about":[{"href":"https:\/\/whisky.ad\/fr\/wp-json\/wp\/v2\/types\/product"}],"replies":[{"embeddable":true,"href":"https:\/\/whisky.ad\/fr\/wp-json\/wp\/v2\/comments?post=78776"}],"wp:featuredmedia":[{"embeddable":true,"href":"https:\/\/whisky.ad\/fr\/wp-json\/wp\/v2\/media\/76954"}],"wp:attachment":[{"href":"https:\/\/whisky.ad\/fr\/wp-json\/wp\/v2\/media?parent=78776"}],"wp:term":[{"taxonomy":"product_brand","embeddable":true,"href":"https:\/\/whisky.ad\/fr\/wp-json\/wp\/v2\/product_brand?post=78776"},{"taxonomy":"product_cat","embeddable":true,"href":"https:\/\/whisky.ad\/fr\/wp-json\/wp\/v2\/product_cat?post=78776"},{"taxonomy":"product_tag","embeddable":true,"href":"https:\/\/whisky.ad\/fr\/wp-json\/wp\/v2\/product_tag?post=78776"}],"curies":[{"name":"wp","href":"https:\/\/api.w.org\/{rel}","templated":true}]}}