{"id":78772,"date":"2021-08-03T13:00:36","date_gmt":"2021-08-03T12:00:36","guid":{"rendered":"https:\/\/whisky.ad\/product\/le-grand-louis-rouge-bordeaux-aoc\/"},"modified":"2021-08-03T13:00:36","modified_gmt":"2021-08-03T12:00:36","slug":"le-grand-louis-rouge-bordeaux-aoc","status":"publish","type":"product","link":"https:\/\/whisky.ad\/fr\/produit\/le-grand-louis-rouge-bordeaux-aoc\/","title":{"rendered":"Le Grand Louis, Rouge, Bordeaux AOC"},"content":{"rendered":"<table width=\"811\">\n<tbody>\n<tr>\n<td><strong>Faits concernant le vin<\/strong><\/td>\n<\/tr>\n<\/tbody>\n<\/table>\n<ul>\n<li>Vignoble : Caves de Rauzan<\/li>\n<li>Raisins : Cabernet Sauvignon, Merlot<\/li>\n<li>R\u00e9gion : France \/ Bordeaux<\/li>\n<li>Style du vin : Bordeaux rouge<\/li>\n<li>Alcohol content: 12%<\/li>\n<li>Vivino: 3,9\/5<\/li>\n<\/ul>\n<p><strong>Vinification :<\/strong> Afin de pr\u00e9server les ar\u00f4mes de fruits frais des raisins, une partie de ce vin est ferment\u00e9e et micro-oxyg\u00e9n\u00e9e dans des cuves en acier inoxydable \u00e0 basse temp\u00e9rature. Apr\u00e8s la fermentation malolactique, le vin est assembl\u00e9 avec des vins vinifi\u00e9s traditionnellement. <strong>Notes de d\u00e9gustation :<\/strong> Ce vin a une robe rouge fonc\u00e9 avec de l\u00e9gers reflets cuivr\u00e9s. Le nez pr\u00e9sente des ar\u00f4mes de fruits rouges et d&#8217;\u00e9pices. En bouche, il se r\u00e9v\u00e8le bien structur\u00e9, avec les tanins du Cabernet Sauvignon. <strong>Accords avec les mets :<\/strong> Parfait pour les barbecues et les Bordeaux au verre. <\/p>\n","protected":false},"excerpt":{"rendered":"<table width=\"811\">\n<tbody>\n<tr>\n<td><strong>Faits concernant le vin<\/strong><\/td>\n<\/tr>\n<\/tbody>\n<\/table>\n<ul>\n<li>Vignoble : Caves de Rauzan<\/li>\n<li>Raisins : Cabernet Sauvignon, Merlot<\/li>\n<li>R\u00e9gion : France \/ Bordeaux<\/li>\n<li>Style du vin : Bordeaux rouge<\/li>\n<li>Alcohol content: 12%<\/li>\n<li>Vivino: 3,9\/5<\/li>\n<\/ul>\n","protected":false},"featured_media":76384,"comment_status":"open","ping_status":"closed","template":"","meta":{"_acf_changed":false},"product_brand":[],"product_cat":[389,404],"product_tag":[],"class_list":{"0":"post-78772","1":"product","2":"type-product","3":"status-publish","4":"has-post-thumbnail","6":"product_cat-wine-fr","7":"product_cat-bordeaux-fr","9":"first","10":"instock","11":"taxable","12":"shipping-taxable","13":"purchasable","14":"product-type-simple"},"acf":[],"aioseo_notices":[],"jetpack_sharing_enabled":true,"_links":{"self":[{"href":"https:\/\/whisky.ad\/fr\/wp-json\/wp\/v2\/product\/78772","targetHints":{"allow":["GET"]}}],"collection":[{"href":"https:\/\/whisky.ad\/fr\/wp-json\/wp\/v2\/product"}],"about":[{"href":"https:\/\/whisky.ad\/fr\/wp-json\/wp\/v2\/types\/product"}],"replies":[{"embeddable":true,"href":"https:\/\/whisky.ad\/fr\/wp-json\/wp\/v2\/comments?post=78772"}],"wp:featuredmedia":[{"embeddable":true,"href":"https:\/\/whisky.ad\/fr\/wp-json\/wp\/v2\/media\/76384"}],"wp:attachment":[{"href":"https:\/\/whisky.ad\/fr\/wp-json\/wp\/v2\/media?parent=78772"}],"wp:term":[{"taxonomy":"product_brand","embeddable":true,"href":"https:\/\/whisky.ad\/fr\/wp-json\/wp\/v2\/product_brand?post=78772"},{"taxonomy":"product_cat","embeddable":true,"href":"https:\/\/whisky.ad\/fr\/wp-json\/wp\/v2\/product_cat?post=78772"},{"taxonomy":"product_tag","embeddable":true,"href":"https:\/\/whisky.ad\/fr\/wp-json\/wp\/v2\/product_tag?post=78772"}],"curies":[{"name":"wp","href":"https:\/\/api.w.org\/{rel}","templated":true}]}}