{"id":78769,"date":"2023-07-24T16:52:39","date_gmt":"2023-07-24T15:52:39","guid":{"rendered":"https:\/\/whisky.ad\/product\/kyoto-miyako-murasaki-obi-black-belt-43-70cl\/"},"modified":"2023-07-24T16:52:39","modified_gmt":"2023-07-24T15:52:39","slug":"kyoto-miyako-murasaki-obi-black-belt-43-70cl","status":"publish","type":"product","link":"https:\/\/whisky.ad\/fr\/produit\/kyoto-miyako-murasaki-obi-black-belt-43-70cl\/","title":{"rendered":"Kyoto Miyako \u2013 Murasaki OBI Black Belt \u2013 43\u00b0 \u2013 70cL"},"content":{"rendered":"","protected":false},"excerpt":{"rendered":"<p>Un authentique whisky de type bourbon vieilli en f\u00fbts de ch\u00eane am\u00e9ricain, m\u00e9lang\u00e9 \u00e0 du malt soigneusement s\u00e9lectionn\u00e9 et achev\u00e9 dans des f\u00fbts de bourbon. Notes de d\u00e9gustation :<\/p>\n<ul>\n<li>Nez : Vanille<\/li>\n<li>En bouche : Vanille et notes fruit\u00e9es<\/li>\n<li>Finale : Longue et persistante<\/li>\n<\/ul>\n<p>La distillerie Kyoto Miyako est la premi\u00e8re distillerie de whisky de Kyoto. Elle est situ\u00e9e \u00e0 Kyotamba-Cho, au c\u0153ur d&#8217;une nature magnifique. Deux types d&#8217;alambics sont utilis\u00e9s : l&#8217;un avec un col de cygne allong\u00e9 et l&#8217;autre plus court et arrondi. Le mod\u00e8le le plus arrondi produit un alcool au go\u00fbt relativement prononc\u00e9, tandis que le mod\u00e8le le plus bomb\u00e9 produit un alcool au go\u00fbt d\u00e9licieux et doux. L&#8217;utilisation de diff\u00e9rentes formes d&#8217;alambics permet d&#8217;obtenir une large gamme de saveurs de whisky. Le fait d&#8217;\u00eatre entour\u00e9 de montagnes comme le mont Chorogatake entra\u00eene une diff\u00e9rence de temp\u00e9rature importante entre le jour et la nuit, ce qui acc\u00e9l\u00e8re le processus de vieillissement du whisky, une \u00e9tape essentielle de sa production.     <\/p>\n","protected":false},"featured_media":76891,"comment_status":"open","ping_status":"closed","template":"","meta":{"_acf_changed":false},"product_brand":[],"product_cat":[357,446,508],"product_tag":[],"class_list":{"0":"post-78769","1":"product","2":"type-product","3":"status-publish","4":"has-post-thumbnail","6":"product_cat-whisky-by-brand-fr","7":"product_cat-kyoto-fr","8":"product_cat-japan-fr","10":"first","11":"instock","12":"taxable","13":"shipping-taxable","14":"purchasable","15":"product-type-simple"},"acf":[],"aioseo_notices":[],"jetpack_sharing_enabled":true,"_links":{"self":[{"href":"https:\/\/whisky.ad\/fr\/wp-json\/wp\/v2\/product\/78769","targetHints":{"allow":["GET"]}}],"collection":[{"href":"https:\/\/whisky.ad\/fr\/wp-json\/wp\/v2\/product"}],"about":[{"href":"https:\/\/whisky.ad\/fr\/wp-json\/wp\/v2\/types\/product"}],"replies":[{"embeddable":true,"href":"https:\/\/whisky.ad\/fr\/wp-json\/wp\/v2\/comments?post=78769"}],"wp:featuredmedia":[{"embeddable":true,"href":"https:\/\/whisky.ad\/fr\/wp-json\/wp\/v2\/media\/76891"}],"wp:attachment":[{"href":"https:\/\/whisky.ad\/fr\/wp-json\/wp\/v2\/media?parent=78769"}],"wp:term":[{"taxonomy":"product_brand","embeddable":true,"href":"https:\/\/whisky.ad\/fr\/wp-json\/wp\/v2\/product_brand?post=78769"},{"taxonomy":"product_cat","embeddable":true,"href":"https:\/\/whisky.ad\/fr\/wp-json\/wp\/v2\/product_cat?post=78769"},{"taxonomy":"product_tag","embeddable":true,"href":"https:\/\/whisky.ad\/fr\/wp-json\/wp\/v2\/product_tag?post=78769"}],"curies":[{"name":"wp","href":"https:\/\/api.w.org\/{rel}","templated":true}]}}