{"id":78766,"date":"2023-07-24T17:11:27","date_gmt":"2023-07-24T16:11:27","guid":{"rendered":"https:\/\/whisky.ad\/product\/kumano-mizunara-cask-07l-43\/"},"modified":"2023-07-24T17:11:27","modified_gmt":"2023-07-24T16:11:27","slug":"kumano-mizunara-cask-07l-43","status":"publish","type":"product","link":"https:\/\/whisky.ad\/fr\/produit\/kumano-mizunara-cask-07l-43\/","title":{"rendered":"KUMANO MIZUNARA CASK 0,7l 43%"},"content":{"rendered":"","protected":false},"excerpt":{"rendered":"<div class=\"flex flex-grow flex-col gap-3\">\n<div class=\"min-h-[20px] flex items-start overflow-x-auto whitespace-pre-wrap break-words flex-col gap-4\">\n<div class=\"markdown prose w-full break-words dark:prose-invert light\">\n<p>Le malt \u00e9cossais et le malt japonais sont m\u00e9lang\u00e9s et vieillis pendant au moins 3 ans dans des f\u00fbts de ch\u00eane, puis finis dans un f\u00fbt de ch\u00eane japonais &#8220;Mizunara&#8221; avec un vieillissement suppl\u00e9mentaire de 6 mois. Ce whisky a un ar\u00f4me unique et un go\u00fbt relativement doux. Il se caract\u00e9rise par des notes douces et fruit\u00e9es et une saveur profonde qui combine des ar\u00f4mes bois\u00e9s et de fruits secs. Notes de d\u00e9gustation :<\/p>\n<div class=\"flex flex-grow flex-col gap-3\">\n<div class=\"min-h-[20px] flex items-start overflow-x-auto whitespace-pre-wrap break-words flex-col gap-4\">\n<div class=\"markdown prose w-full break-words dark:prose-invert light\">\n<ul>\n<li>Aspect : Dor\u00e9.<\/li>\n<li>Nez : Doux et agr\u00e9able avec des notes de c\u00e9r\u00e9ales et de fruits.<\/li>\n<li>En bouche : Saveurs malt\u00e9es, fruits secs et ar\u00f4mes bois\u00e9s d\u00e9licats gr\u00e2ce \u00e0 la finition du f\u00fbt de Mizunara. Bien \u00e9quilibr\u00e9. <\/li>\n<li>Finition : Finale longue et douce.<\/li>\n<\/ul>\n<\/div>\n<\/div>\n<\/div>\n<\/div>\n<\/div>\n<\/div>\n","protected":false},"featured_media":76897,"comment_status":"open","ping_status":"closed","template":"","meta":{"_acf_changed":false},"product_brand":[],"product_cat":[357,441,508],"product_tag":[],"class_list":{"0":"post-78766","1":"product","2":"type-product","3":"status-publish","4":"has-post-thumbnail","6":"product_cat-whisky-by-brand-fr","7":"product_cat-kumano-fr","8":"product_cat-japan-fr","10":"first","11":"instock","12":"taxable","13":"shipping-taxable","14":"purchasable","15":"product-type-simple"},"acf":[],"aioseo_notices":[],"jetpack_sharing_enabled":true,"_links":{"self":[{"href":"https:\/\/whisky.ad\/fr\/wp-json\/wp\/v2\/product\/78766","targetHints":{"allow":["GET"]}}],"collection":[{"href":"https:\/\/whisky.ad\/fr\/wp-json\/wp\/v2\/product"}],"about":[{"href":"https:\/\/whisky.ad\/fr\/wp-json\/wp\/v2\/types\/product"}],"replies":[{"embeddable":true,"href":"https:\/\/whisky.ad\/fr\/wp-json\/wp\/v2\/comments?post=78766"}],"wp:featuredmedia":[{"embeddable":true,"href":"https:\/\/whisky.ad\/fr\/wp-json\/wp\/v2\/media\/76897"}],"wp:attachment":[{"href":"https:\/\/whisky.ad\/fr\/wp-json\/wp\/v2\/media?parent=78766"}],"wp:term":[{"taxonomy":"product_brand","embeddable":true,"href":"https:\/\/whisky.ad\/fr\/wp-json\/wp\/v2\/product_brand?post=78766"},{"taxonomy":"product_cat","embeddable":true,"href":"https:\/\/whisky.ad\/fr\/wp-json\/wp\/v2\/product_cat?post=78766"},{"taxonomy":"product_tag","embeddable":true,"href":"https:\/\/whisky.ad\/fr\/wp-json\/wp\/v2\/product_tag?post=78766"}],"curies":[{"name":"wp","href":"https:\/\/api.w.org\/{rel}","templated":true}]}}