{"id":78763,"date":"2023-07-25T12:26:03","date_gmt":"2023-07-25T11:26:03","guid":{"rendered":"https:\/\/whisky.ad\/product\/kumano-hinoki-cask-finish-whisky-40-0-5l\/"},"modified":"2023-07-25T12:26:03","modified_gmt":"2023-07-25T11:26:03","slug":"kumano-hinoki-cask-finish-whisky-40-0-5l","status":"publish","type":"product","link":"https:\/\/whisky.ad\/fr\/produit\/kumano-hinoki-cask-finish-whisky-40-0-5l\/","title":{"rendered":"KUMANO HINOKI CASK FINISH WHISKY 40% 0.5L"},"content":{"rendered":"","protected":false},"excerpt":{"rendered":"<div class=\"flex flex-grow flex-col gap-3\">\n<div class=\"min-h-[20px] flex items-start overflow-x-auto whitespace-pre-wrap break-words flex-col gap-4\">\n<div class=\"markdown prose w-full break-words dark:prose-invert light\">\n<p>Kumano Hinoki Cask Finish, un m\u00e9lange unique de malt compos\u00e9 d&#8217;un malt de 3 ans d&#8217;\u00e2ge et d&#8217;un pot malt fra\u00eechement distill\u00e9, vieillis de mani\u00e8re experte pendant 6 mois suppl\u00e9mentaires dans des f\u00fbts Hinoki. Cette cr\u00e9ation remarquable est le premier whisky japonais au monde \u00e0 \u00eatre vieilli dans ces f\u00fbts de Hinoki (cypr\u00e8s japonais), consid\u00e9r\u00e9s comme sacr\u00e9s dans la foi shinto\u00efste en tant qu&#8217;arbre de Dieu. En bouche, le Kumano Hinoki Cask Finish ravit par sa douceur velout\u00e9e et sa fra\u00eecheur vivifiante, laissant une d\u00e9licieuse touche de miel en fin de bouche. D\u00e9couvrez le mariage harmonieux de la tradition et de l&#8217;innovation dans ce whisky japonais exceptionnel. <\/p>\n<div class=\"flex flex-grow flex-col gap-3\">\n<div class=\"min-h-[20px] flex items-start overflow-x-auto whitespace-pre-wrap break-words flex-col gap-4\">\n<div class=\"markdown prose w-full break-words dark:prose-invert light\">\n<p>Notes de d\u00e9gustation :<\/p>\n<ul>\n<li>Aspect : Une couleur or brillante et limpide brille dans le verre.<\/li>\n<li>Nez : L&#8217;ar\u00f4me est une d\u00e9licieuse combinaison de malt et de fra\u00eecheur, cr\u00e9ant un bouquet s\u00e9duisant.<\/li>\n<li>En bouche : En bouche, vous d\u00e9couvrirez un m\u00e9lange harmonieux de douceur et de fra\u00eecheur, accentu\u00e9 par des nuances bois\u00e9es distinctes attribu\u00e9es \u00e0 la finition en f\u00fbt d&#8217;Hinoki.<\/li>\n<li>Finale : La finale est agr\u00e9ment\u00e9e d&#8217;une douce douceur de miel, laissant derri\u00e8re elle un arri\u00e8re-go\u00fbt l\u00e9ger et satisfaisant.<\/li>\n<\/ul>\n<\/div>\n<\/div>\n<\/div>\n<\/div>\n<\/div>\n<\/div>\n","protected":false},"featured_media":76900,"comment_status":"open","ping_status":"closed","template":"","meta":{"_acf_changed":false},"product_brand":[],"product_cat":[357,441,508],"product_tag":[],"class_list":{"0":"post-78763","1":"product","2":"type-product","3":"status-publish","4":"has-post-thumbnail","6":"product_cat-whisky-by-brand-fr","7":"product_cat-kumano-fr","8":"product_cat-japan-fr","10":"first","11":"instock","12":"taxable","13":"shipping-taxable","14":"purchasable","15":"product-type-simple"},"acf":[],"aioseo_notices":[],"jetpack_sharing_enabled":true,"_links":{"self":[{"href":"https:\/\/whisky.ad\/fr\/wp-json\/wp\/v2\/product\/78763","targetHints":{"allow":["GET"]}}],"collection":[{"href":"https:\/\/whisky.ad\/fr\/wp-json\/wp\/v2\/product"}],"about":[{"href":"https:\/\/whisky.ad\/fr\/wp-json\/wp\/v2\/types\/product"}],"replies":[{"embeddable":true,"href":"https:\/\/whisky.ad\/fr\/wp-json\/wp\/v2\/comments?post=78763"}],"wp:featuredmedia":[{"embeddable":true,"href":"https:\/\/whisky.ad\/fr\/wp-json\/wp\/v2\/media\/76900"}],"wp:attachment":[{"href":"https:\/\/whisky.ad\/fr\/wp-json\/wp\/v2\/media?parent=78763"}],"wp:term":[{"taxonomy":"product_brand","embeddable":true,"href":"https:\/\/whisky.ad\/fr\/wp-json\/wp\/v2\/product_brand?post=78763"},{"taxonomy":"product_cat","embeddable":true,"href":"https:\/\/whisky.ad\/fr\/wp-json\/wp\/v2\/product_cat?post=78763"},{"taxonomy":"product_tag","embeddable":true,"href":"https:\/\/whisky.ad\/fr\/wp-json\/wp\/v2\/product_tag?post=78763"}],"curies":[{"name":"wp","href":"https:\/\/api.w.org\/{rel}","templated":true}]}}