{"id":78760,"date":"2023-07-23T14:16:08","date_gmt":"2023-07-23T13:16:08","guid":{"rendered":"https:\/\/whisky.ad\/product\/jura-30-yo\/"},"modified":"2023-07-23T14:16:08","modified_gmt":"2023-07-23T13:16:08","slug":"jura-30-yo","status":"publish","type":"product","link":"https:\/\/whisky.ad\/fr\/produit\/jura-30-yo\/","title":{"rendered":"Jura 30 YO"},"content":{"rendered":"","protected":false},"excerpt":{"rendered":"<div class=\"col-md-9 col-sm-9\">\n<p id=\"ContentPlaceHolder1_pageH1\" class=\"page_header\"><strong>Islay Jura 30 Year Old 1992, Hunter Laing, 70cl, 49.2%<\/strong><\/p>\n<\/div>\n<p>En novembre 1992, l&#8217;ing\u00e9nieux processus de distillation du Jura a donn\u00e9 naissance \u00e0 ce single malt exceptionnel, qui a emprunt\u00e9 une extraordinaire voie de maturation en trouvant son refuge dans un baril de rouille au cours des trois derni\u00e8res d\u00e9cennies. L&#8217;aboutissement de ce splendide processus de vieillissement a conduit \u00e0 sa mise sur le march\u00e9 en f\u00e9vrier 2023, o\u00f9 39 bouteilles seulement ont trouv\u00e9 leur place dans la prestigieuse collection Old &amp; Rare Platinum, savamment \u00e9labor\u00e9e par l&#8217;embouteilleur ind\u00e9pendant Hunter Laing. <\/p>\n","protected":false},"featured_media":76885,"comment_status":"open","ping_status":"closed","template":"","meta":{"_acf_changed":false},"product_brand":[],"product_cat":[439,317,341,357],"product_tag":[],"class_list":{"0":"post-78760","1":"product","2":"type-product","3":"status-publish","4":"has-post-thumbnail","6":"product_cat-jura-fr","7":"product_cat-ecosse","8":"product_cat-rare-de-collection","9":"product_cat-whisky-by-brand-fr","11":"first","12":"instock","13":"taxable","14":"shipping-taxable","15":"product-type-simple"},"acf":[],"aioseo_notices":[],"jetpack_sharing_enabled":true,"_links":{"self":[{"href":"https:\/\/whisky.ad\/fr\/wp-json\/wp\/v2\/product\/78760","targetHints":{"allow":["GET"]}}],"collection":[{"href":"https:\/\/whisky.ad\/fr\/wp-json\/wp\/v2\/product"}],"about":[{"href":"https:\/\/whisky.ad\/fr\/wp-json\/wp\/v2\/types\/product"}],"replies":[{"embeddable":true,"href":"https:\/\/whisky.ad\/fr\/wp-json\/wp\/v2\/comments?post=78760"}],"wp:featuredmedia":[{"embeddable":true,"href":"https:\/\/whisky.ad\/fr\/wp-json\/wp\/v2\/media\/76885"}],"wp:attachment":[{"href":"https:\/\/whisky.ad\/fr\/wp-json\/wp\/v2\/media?parent=78760"}],"wp:term":[{"taxonomy":"product_brand","embeddable":true,"href":"https:\/\/whisky.ad\/fr\/wp-json\/wp\/v2\/product_brand?post=78760"},{"taxonomy":"product_cat","embeddable":true,"href":"https:\/\/whisky.ad\/fr\/wp-json\/wp\/v2\/product_cat?post=78760"},{"taxonomy":"product_tag","embeddable":true,"href":"https:\/\/whisky.ad\/fr\/wp-json\/wp\/v2\/product_tag?post=78760"}],"curies":[{"name":"wp","href":"https:\/\/api.w.org\/{rel}","templated":true}]}}