{"id":78756,"date":"2018-11-13T10:35:37","date_gmt":"2018-11-13T09:35:37","guid":{"rendered":"https:\/\/whisky.ad\/product\/imagin-stockholm-dry-gin-0-7l-40\/"},"modified":"2018-11-13T10:35:37","modified_gmt":"2018-11-13T09:35:37","slug":"imagin-stockholm-dry-gin-0-7l-40","status":"publish","type":"product","link":"https:\/\/whisky.ad\/fr\/produit\/imagin-stockholm-dry-gin-0-7l-40\/","title":{"rendered":"IMAGIN Stockholm Dry Gin 0.7L. 40%"},"content":{"rendered":"","protected":false},"excerpt":{"rendered":"<p>Una ginebra sueca brillantemente elaborada que lleva un t\u00edtulo imaginativo&#8230; Fiel a su nombre, esta ginebra seca posee una llamativa tonalidad azul, y este deleite visual no es una mera ilusi\u00f3n del envase: la botella de cristal transparente lo confirma. Elaborada con una armoniosa mezcla de trece ingredientes bot\u00e1nicos, adem\u00e1s del enebro, esta ginebra logra un delicioso equilibrio entre sus componentes de especias, hierbas y c\u00edtricos.  <\/p>\n","protected":false},"featured_media":75766,"comment_status":"open","ping_status":"closed","template":"","meta":{"_acf_changed":false},"product_brand":[],"product_cat":[416],"product_tag":[505],"class_list":{"0":"post-78756","1":"product","2":"type-product","3":"status-publish","4":"has-post-thumbnail","6":"product_cat-gin-fr","7":"product_tag-sweden-fr","9":"first","10":"instock","11":"taxable","12":"shipping-taxable","13":"purchasable","14":"product-type-simple"},"acf":[],"aioseo_notices":[],"jetpack_sharing_enabled":true,"_links":{"self":[{"href":"https:\/\/whisky.ad\/fr\/wp-json\/wp\/v2\/product\/78756","targetHints":{"allow":["GET"]}}],"collection":[{"href":"https:\/\/whisky.ad\/fr\/wp-json\/wp\/v2\/product"}],"about":[{"href":"https:\/\/whisky.ad\/fr\/wp-json\/wp\/v2\/types\/product"}],"replies":[{"embeddable":true,"href":"https:\/\/whisky.ad\/fr\/wp-json\/wp\/v2\/comments?post=78756"}],"wp:featuredmedia":[{"embeddable":true,"href":"https:\/\/whisky.ad\/fr\/wp-json\/wp\/v2\/media\/75766"}],"wp:attachment":[{"href":"https:\/\/whisky.ad\/fr\/wp-json\/wp\/v2\/media?parent=78756"}],"wp:term":[{"taxonomy":"product_brand","embeddable":true,"href":"https:\/\/whisky.ad\/fr\/wp-json\/wp\/v2\/product_brand?post=78756"},{"taxonomy":"product_cat","embeddable":true,"href":"https:\/\/whisky.ad\/fr\/wp-json\/wp\/v2\/product_cat?post=78756"},{"taxonomy":"product_tag","embeddable":true,"href":"https:\/\/whisky.ad\/fr\/wp-json\/wp\/v2\/product_tag?post=78756"}],"curies":[{"name":"wp","href":"https:\/\/api.w.org\/{rel}","templated":true}]}}