{"id":78753,"date":"2023-08-27T20:35:32","date_gmt":"2023-08-27T19:35:32","guid":{"rendered":"https:\/\/whisky.ad\/product\/hyde-no-9-iberian-cask-0-7l-43\/"},"modified":"2023-08-27T20:35:32","modified_gmt":"2023-08-27T19:35:32","slug":"hyde-no-9-iberian-cask-0-7l-43","status":"publish","type":"product","link":"https:\/\/whisky.ad\/fr\/produit\/hyde-no-9-iberian-cask-0-7l-43\/","title":{"rendered":"Hyde No.9 Iberian Cask 0.7L 43%"},"content":{"rendered":"","protected":false},"excerpt":{"rendered":"<div class=\"flex flex-grow flex-col gap-3 max-w-full\">\n<div class=\"min-h-[20px] flex flex-col items-start gap-3 overflow-x-auto whitespace-pre-wrap break-words\">\n<div class=\"markdown prose w-full break-words dark:prose-invert light\">\n<p>Le neuvi\u00e8me produit de la prestigieuse s\u00e9rie de whiskeys irlandais Hyde porte le nom de &#8220;Iberian Cask&#8221;. Cette version du whiskey single malt irlandais a \u00e9t\u00e9 soigneusement affin\u00e9e dans des f\u00fbts qui ont autrefois abrit\u00e9 du vin de Porto. Le r\u00e9sultat est un voyage sensoriel qui d\u00e9voile de succulentes notes de fruits rouges, accompagn\u00e9es de l&#8217;\u00e9treinte r\u00e9confortante du caramel chaud, de la subtilit\u00e9 de la nectarine et de l&#8217;essence de malt \u00e0 chaque gorg\u00e9e. C&#8217;est vraiment un choix exquis pour se faire plaisir apr\u00e8s le d\u00eener. Nez : Plongez dans les parfums s\u00e9duisants de cassis et de framboise s\u00e9ch\u00e9e, compl\u00e9t\u00e9s par les tons accueillants du sabl\u00e9 et la fra\u00eecheur de l&#8217;herbe coup\u00e9e. Bouche : Une exp\u00e9rience gustative d\u00e9licieuse vous attend, offrant la succulence de l&#8217;abricot cuit, la pr\u00e9sence continue de la framboise et un soup\u00e7on de melon miel, le tout enrob\u00e9 de g\u00e9n\u00e9reuses couches de vanille. Finale : La finale introduit une gracieuse \u00e9mergence d&#8217;\u00e9pices douces, ajoutant une touche finale \u00e0 ce remarquable voyage sensoriel.   <\/p>\n<\/div>\n<\/div>\n<\/div>\n","protected":false},"featured_media":77212,"comment_status":"open","ping_status":"closed","template":"","meta":{"_acf_changed":false},"product_brand":[],"product_cat":[436,502,357],"product_tag":[],"class_list":{"0":"post-78753","1":"product","2":"type-product","3":"status-publish","4":"has-post-thumbnail","6":"product_cat-hyde-fr","7":"product_cat-ireland-fr","8":"product_cat-whisky-by-brand-fr","10":"first","11":"instock","12":"taxable","13":"shipping-taxable","14":"purchasable","15":"product-type-simple"},"acf":[],"aioseo_notices":[],"jetpack_sharing_enabled":true,"_links":{"self":[{"href":"https:\/\/whisky.ad\/fr\/wp-json\/wp\/v2\/product\/78753","targetHints":{"allow":["GET"]}}],"collection":[{"href":"https:\/\/whisky.ad\/fr\/wp-json\/wp\/v2\/product"}],"about":[{"href":"https:\/\/whisky.ad\/fr\/wp-json\/wp\/v2\/types\/product"}],"replies":[{"embeddable":true,"href":"https:\/\/whisky.ad\/fr\/wp-json\/wp\/v2\/comments?post=78753"}],"wp:featuredmedia":[{"embeddable":true,"href":"https:\/\/whisky.ad\/fr\/wp-json\/wp\/v2\/media\/77212"}],"wp:attachment":[{"href":"https:\/\/whisky.ad\/fr\/wp-json\/wp\/v2\/media?parent=78753"}],"wp:term":[{"taxonomy":"product_brand","embeddable":true,"href":"https:\/\/whisky.ad\/fr\/wp-json\/wp\/v2\/product_brand?post=78753"},{"taxonomy":"product_cat","embeddable":true,"href":"https:\/\/whisky.ad\/fr\/wp-json\/wp\/v2\/product_cat?post=78753"},{"taxonomy":"product_tag","embeddable":true,"href":"https:\/\/whisky.ad\/fr\/wp-json\/wp\/v2\/product_tag?post=78753"}],"curies":[{"name":"wp","href":"https:\/\/api.w.org\/{rel}","templated":true}]}}