{"id":78750,"date":"2023-08-27T20:30:35","date_gmt":"2023-08-27T19:30:35","guid":{"rendered":"https:\/\/whisky.ad\/product\/hyde-no-6-presidents-reserve-0-7l-46\/"},"modified":"2023-08-27T20:30:35","modified_gmt":"2023-08-27T19:30:35","slug":"hyde-no-6-presidents-reserve-0-7l-46","status":"publish","type":"product","link":"https:\/\/whisky.ad\/fr\/produit\/hyde-no-6-presidents-reserve-0-7l-46\/","title":{"rendered":"Hyde No.6 President\u2019s Reserve 0.7L 46%"},"content":{"rendered":"","protected":false},"excerpt":{"rendered":"<div class=\"flex flex-grow flex-col gap-3 max-w-full\">\n<div class=\"min-h-[20px] flex flex-col items-start gap-3 overflow-x-auto whitespace-pre-wrap break-words\">\n<div class=\"markdown prose w-full break-words dark:prose-invert light\">\n<p>La collection Hyde accueille la version n\u00b0 6, m\u00e9ticuleusement \u00e9labor\u00e9e \u00e0 partir d&#8217;une fusion de single malt irlandais et de single grain whiskey irlandais. Ce m\u00e9lange harmonieux a \u00e9t\u00e9 habilement assembl\u00e9 et a ensuite subi une finition en f\u00fbts de sherry, aboutissant \u00e0 une mise en bouteille \u00e0 un taux de 46 % d&#8217;alcool brut. Pr\u00e9parez-vous \u00e0 embrasser une douceur fruit\u00e9e robuste harmonis\u00e9e par de g\u00e9n\u00e9reuses nuances de vanille. Nez : D\u00e9couvrez les senteurs invitantes qui rappellent le miel arrosant les toasts, l&#8217;essence r\u00e9confortante du pain de malt, accompagn\u00e9es d&#8217;un soup\u00e7on subtil de grain de caf\u00e9. Bouche : Embarquez pour un voyage agr\u00e9able en bouche, caract\u00e9ris\u00e9 par l&#8217;\u00e9clat des baies rouges fra\u00eeches et l&#8217;attrait doux de la pomme cuite au four. Plongez dans les saveurs nuanc\u00e9es du pain d&#8217;\u00e9pices et la riche \u00e9treinte du c\u00e8dre. Finale : Elle se termine par une \u00e9l\u00e9gante note cr\u00e9meuse de vanille qui s&#8217;harmonise avec une touche all\u00e9chante de clou de girofle, laissant une impression satisfaisante et persistante.  <\/p>\n<\/div>\n<\/div>\n<\/div>\n","protected":false},"featured_media":77209,"comment_status":"open","ping_status":"closed","template":"","meta":{"_acf_changed":false},"product_brand":[],"product_cat":[357,436,502],"product_tag":[],"class_list":{"0":"post-78750","1":"product","2":"type-product","3":"status-publish","4":"has-post-thumbnail","6":"product_cat-whisky-by-brand-fr","7":"product_cat-hyde-fr","8":"product_cat-ireland-fr","10":"first","11":"instock","12":"taxable","13":"shipping-taxable","14":"purchasable","15":"product-type-simple"},"acf":[],"aioseo_notices":[],"jetpack_sharing_enabled":true,"_links":{"self":[{"href":"https:\/\/whisky.ad\/fr\/wp-json\/wp\/v2\/product\/78750","targetHints":{"allow":["GET"]}}],"collection":[{"href":"https:\/\/whisky.ad\/fr\/wp-json\/wp\/v2\/product"}],"about":[{"href":"https:\/\/whisky.ad\/fr\/wp-json\/wp\/v2\/types\/product"}],"replies":[{"embeddable":true,"href":"https:\/\/whisky.ad\/fr\/wp-json\/wp\/v2\/comments?post=78750"}],"wp:featuredmedia":[{"embeddable":true,"href":"https:\/\/whisky.ad\/fr\/wp-json\/wp\/v2\/media\/77209"}],"wp:attachment":[{"href":"https:\/\/whisky.ad\/fr\/wp-json\/wp\/v2\/media?parent=78750"}],"wp:term":[{"taxonomy":"product_brand","embeddable":true,"href":"https:\/\/whisky.ad\/fr\/wp-json\/wp\/v2\/product_brand?post=78750"},{"taxonomy":"product_cat","embeddable":true,"href":"https:\/\/whisky.ad\/fr\/wp-json\/wp\/v2\/product_cat?post=78750"},{"taxonomy":"product_tag","embeddable":true,"href":"https:\/\/whisky.ad\/fr\/wp-json\/wp\/v2\/product_tag?post=78750"}],"curies":[{"name":"wp","href":"https:\/\/api.w.org\/{rel}","templated":true}]}}