{"id":78747,"date":"2023-08-27T20:24:55","date_gmt":"2023-08-27T19:24:55","guid":{"rendered":"https:\/\/whisky.ad\/product\/hyde-no-5-the-aras-cask-0-7l-46\/"},"modified":"2023-08-27T20:24:55","modified_gmt":"2023-08-27T19:24:55","slug":"hyde-no-5-the-aras-cask-0-7l-46","status":"publish","type":"product","link":"https:\/\/whisky.ad\/fr\/produit\/hyde-no-5-the-aras-cask-0-7l-46\/","title":{"rendered":"Hyde No.5 The \u00c1ras Cask 0.7L 46%"},"content":{"rendered":"<div class=\"flex flex-grow flex-col gap-3 max-w-full\">\n<div class=\"min-h-[20px] flex flex-col items-start gap-3 overflow-x-auto whitespace-pre-wrap break-words\">\n<div class=\"markdown prose w-full break-words dark:prose-invert light\">\n<p>Faisant partie de la gamme Hyde d&#8217;Hibernia Distillers, le No.5 \u00c1ras Cask est un whiskey irlandais \u00e0 grain unique de 6 ans d&#8217;\u00e2ge. Cette expression unique a subi une p\u00e9riode de finition dans des f\u00fbts ayant contenu du vin de Bourgogne, ce qui conf\u00e8re au whiskey une douceur incomparable. Nez : D\u00e9lectez-vous des ar\u00f4mes de fraises et de cerises, entrem\u00eal\u00e9s de l\u00e9g\u00e8res vagues de sucre brun. Bouche : Le palais pr\u00e9sente des saveurs de brioches glac\u00e9es, accompagn\u00e9es de la chaleur de la cannelle, de l&#8217;\u00e9clat du pamplemousse et d&#8217;une d\u00e9licate touche de vanille. Finale : Elle se termine par une \u00e9l\u00e9gante combinaison de fruits secs et la richesse du moka, assurant une fin m\u00e9morable et satisfaisante. <\/p>\n<\/div>\n<\/div>\n<\/div>\n","protected":false},"excerpt":{"rendered":"<p>Faisant partie de la gamme Hyde d&#8217;Hibernia Distillers, le No.5 \u00c1ras Cask est un whiskey irlandais \u00e0 grain unique de 6 ans d&#8217;\u00e2ge. Cette expression unique a subi une p\u00e9riode de finition dans des f\u00fbts ayant contenu du vin de Bourgogne, ce qui conf\u00e8re au whiskey une douceur incomparable. Nez : D\u00e9lectez-vous des ar\u00f4mes de [&hellip;]<\/p>\n","protected":false},"featured_media":77206,"comment_status":"open","ping_status":"closed","template":"","meta":{"_acf_changed":false},"product_brand":[],"product_cat":[436,502,357],"product_tag":[],"class_list":{"0":"post-78747","1":"product","2":"type-product","3":"status-publish","4":"has-post-thumbnail","6":"product_cat-hyde-fr","7":"product_cat-ireland-fr","8":"product_cat-whisky-by-brand-fr","10":"first","11":"instock","12":"taxable","13":"shipping-taxable","14":"purchasable","15":"product-type-simple"},"acf":[],"aioseo_notices":[],"jetpack_sharing_enabled":true,"_links":{"self":[{"href":"https:\/\/whisky.ad\/fr\/wp-json\/wp\/v2\/product\/78747","targetHints":{"allow":["GET"]}}],"collection":[{"href":"https:\/\/whisky.ad\/fr\/wp-json\/wp\/v2\/product"}],"about":[{"href":"https:\/\/whisky.ad\/fr\/wp-json\/wp\/v2\/types\/product"}],"replies":[{"embeddable":true,"href":"https:\/\/whisky.ad\/fr\/wp-json\/wp\/v2\/comments?post=78747"}],"wp:featuredmedia":[{"embeddable":true,"href":"https:\/\/whisky.ad\/fr\/wp-json\/wp\/v2\/media\/77206"}],"wp:attachment":[{"href":"https:\/\/whisky.ad\/fr\/wp-json\/wp\/v2\/media?parent=78747"}],"wp:term":[{"taxonomy":"product_brand","embeddable":true,"href":"https:\/\/whisky.ad\/fr\/wp-json\/wp\/v2\/product_brand?post=78747"},{"taxonomy":"product_cat","embeddable":true,"href":"https:\/\/whisky.ad\/fr\/wp-json\/wp\/v2\/product_cat?post=78747"},{"taxonomy":"product_tag","embeddable":true,"href":"https:\/\/whisky.ad\/fr\/wp-json\/wp\/v2\/product_tag?post=78747"}],"curies":[{"name":"wp","href":"https:\/\/api.w.org\/{rel}","templated":true}]}}