{"id":78744,"date":"2023-08-27T20:20:50","date_gmt":"2023-08-27T19:20:50","guid":{"rendered":"https:\/\/whisky.ad\/product\/hyde-no-4-presidents-cask-0-7l-46\/"},"modified":"2023-08-27T20:20:50","modified_gmt":"2023-08-27T19:20:50","slug":"hyde-no-4-presidents-cask-0-7l-46","status":"publish","type":"product","link":"https:\/\/whisky.ad\/fr\/produit\/hyde-no-4-presidents-cask-0-7l-46\/","title":{"rendered":"Hyde No.4 President\u2019s Cask 0.7l 46%"},"content":{"rendered":"","protected":false},"excerpt":{"rendered":"<p>Un whisky irland\u00e9s de malta de 6 a\u00f1os, miembro distinguido de la l\u00ednea Hyde. La versi\u00f3n No.4 President&#8217;s Cask se ha sometido a un viaje de acabado en barricas previamente habitadas por delicioso ron, infundiendo al whisky con vibrantes impresiones de sabrosas frutas tropicales y seductoras especias ex\u00f3ticas. Nariz: Una atractiva mezcla de fruta de la pasi\u00f3n, ciruelas estofadas y un animado matiz de cinco especias, que ofrece un deleite sensorial. Boca: Se inicia con una base maltosa, acompa\u00f1ada de abundantes notas cremosas de vainilla. A medida que avanza la degustaci\u00f3n, el whisky despliega capas de pi\u00f1a seca y mango, creando un tapiz de sabores. Final: La conclusi\u00f3n est\u00e1 marcada por una animada interacci\u00f3n de cilantro picante, higos matizados y la reconfortante esencia del pan con mantequilla, ofreciendo un cierre memorable y sabroso.  <\/p>\n","protected":false},"featured_media":77203,"comment_status":"open","ping_status":"closed","template":"","meta":{"_acf_changed":false},"product_brand":[],"product_cat":[357,436,502],"product_tag":[],"class_list":{"0":"post-78744","1":"product","2":"type-product","3":"status-publish","4":"has-post-thumbnail","6":"product_cat-whisky-by-brand-fr","7":"product_cat-hyde-fr","8":"product_cat-ireland-fr","10":"first","11":"instock","12":"taxable","13":"shipping-taxable","14":"purchasable","15":"product-type-simple"},"acf":[],"aioseo_notices":[],"jetpack_sharing_enabled":true,"_links":{"self":[{"href":"https:\/\/whisky.ad\/fr\/wp-json\/wp\/v2\/product\/78744","targetHints":{"allow":["GET"]}}],"collection":[{"href":"https:\/\/whisky.ad\/fr\/wp-json\/wp\/v2\/product"}],"about":[{"href":"https:\/\/whisky.ad\/fr\/wp-json\/wp\/v2\/types\/product"}],"replies":[{"embeddable":true,"href":"https:\/\/whisky.ad\/fr\/wp-json\/wp\/v2\/comments?post=78744"}],"wp:featuredmedia":[{"embeddable":true,"href":"https:\/\/whisky.ad\/fr\/wp-json\/wp\/v2\/media\/77203"}],"wp:attachment":[{"href":"https:\/\/whisky.ad\/fr\/wp-json\/wp\/v2\/media?parent=78744"}],"wp:term":[{"taxonomy":"product_brand","embeddable":true,"href":"https:\/\/whisky.ad\/fr\/wp-json\/wp\/v2\/product_brand?post=78744"},{"taxonomy":"product_cat","embeddable":true,"href":"https:\/\/whisky.ad\/fr\/wp-json\/wp\/v2\/product_cat?post=78744"},{"taxonomy":"product_tag","embeddable":true,"href":"https:\/\/whisky.ad\/fr\/wp-json\/wp\/v2\/product_tag?post=78744"}],"curies":[{"name":"wp","href":"https:\/\/api.w.org\/{rel}","templated":true}]}}