{"id":78741,"date":"2023-08-27T20:17:07","date_gmt":"2023-08-27T19:17:07","guid":{"rendered":"https:\/\/whisky.ad\/product\/hyde-no-12-pot-still-cask-0-7l-46\/"},"modified":"2023-08-27T20:17:07","modified_gmt":"2023-08-27T19:17:07","slug":"hyde-no-12-pot-still-cask-0-7l-46","status":"publish","type":"product","link":"https:\/\/whisky.ad\/fr\/produit\/hyde-no-12-pot-still-cask-0-7l-46\/","title":{"rendered":"Hyde No.12 Pot Still Cask 0.7l 46%"},"content":{"rendered":"","protected":false},"excerpt":{"rendered":"<div class=\"flex flex-grow flex-col gap-3 max-w-full\">\n<div class=\"min-h-[20px] flex flex-col items-start gap-3 overflow-x-auto whitespace-pre-wrap break-words\">\n<div class=\"markdown prose w-full break-words dark:prose-invert light\">\n<p>Hyde Whiskey \u00e9largit sa gamme de produits et pr\u00e9sente un nouveau produit captivant : HYDE No. 12. Cet exceptionnel Single Pot Still est soumis \u00e0 un double processus de maturation dans des f\u00fbts de sherry et de bourbon. Attendez-vous \u00e0 une fusion harmonieuse d&#8217;onctuosit\u00e9 et d&#8217;\u00e9pices, marqu\u00e9e par la pr\u00e9sence de gingembre, de cannelle et de noix de muscade, qui culmine dans une finale douce et satisfaisante de vanille et de miel. Nez : Doucement infus\u00e9 d&#8217;une touche d&#8217;\u00e9pices, accompagn\u00e9 d&#8217;une essence fruit\u00e9e qui se transforme en une douceur r\u00e9confortante de ch\u00eane mielleux. Bouche : Elle r\u00e9v\u00e8le un d\u00e9licieux jeu d&#8217;onctuosit\u00e9 et d&#8217;\u00e9pices, caract\u00e9ris\u00e9 par la pr\u00e9sence vivifiante du gingembre, de la cannelle et de la noix de muscade. Ce voyage harmonieux se termine par une combinaison d\u00e9lectable de vanille et de miel, qui laisse une impression durable. Finale : Une finale luxueusement prolong\u00e9e, avec des nuances cr\u00e9meuses et biscuit\u00e9es qui remontent \u00e0 la mouture originale d&#8217;orge et d&#8217;avoine.  <\/p>\n<\/div>\n<\/div>\n<\/div>\n","protected":false},"featured_media":77200,"comment_status":"open","ping_status":"closed","template":"","meta":{"_acf_changed":false},"product_brand":[],"product_cat":[502,357,436],"product_tag":[],"class_list":{"0":"post-78741","1":"product","2":"type-product","3":"status-publish","4":"has-post-thumbnail","6":"product_cat-ireland-fr","7":"product_cat-whisky-by-brand-fr","8":"product_cat-hyde-fr","10":"first","11":"instock","12":"taxable","13":"shipping-taxable","14":"purchasable","15":"product-type-simple"},"acf":[],"aioseo_notices":[],"jetpack_sharing_enabled":true,"_links":{"self":[{"href":"https:\/\/whisky.ad\/fr\/wp-json\/wp\/v2\/product\/78741","targetHints":{"allow":["GET"]}}],"collection":[{"href":"https:\/\/whisky.ad\/fr\/wp-json\/wp\/v2\/product"}],"about":[{"href":"https:\/\/whisky.ad\/fr\/wp-json\/wp\/v2\/types\/product"}],"replies":[{"embeddable":true,"href":"https:\/\/whisky.ad\/fr\/wp-json\/wp\/v2\/comments?post=78741"}],"wp:featuredmedia":[{"embeddable":true,"href":"https:\/\/whisky.ad\/fr\/wp-json\/wp\/v2\/media\/77200"}],"wp:attachment":[{"href":"https:\/\/whisky.ad\/fr\/wp-json\/wp\/v2\/media?parent=78741"}],"wp:term":[{"taxonomy":"product_brand","embeddable":true,"href":"https:\/\/whisky.ad\/fr\/wp-json\/wp\/v2\/product_brand?post=78741"},{"taxonomy":"product_cat","embeddable":true,"href":"https:\/\/whisky.ad\/fr\/wp-json\/wp\/v2\/product_cat?post=78741"},{"taxonomy":"product_tag","embeddable":true,"href":"https:\/\/whisky.ad\/fr\/wp-json\/wp\/v2\/product_tag?post=78741"}],"curies":[{"name":"wp","href":"https:\/\/api.w.org\/{rel}","templated":true}]}}