{"id":78738,"date":"2023-08-27T20:11:20","date_gmt":"2023-08-27T19:11:20","guid":{"rendered":"https:\/\/whisky.ad\/product\/hyde-no-11-peated-single-malt-0-7l-43\/"},"modified":"2023-08-27T20:11:20","modified_gmt":"2023-08-27T19:11:20","slug":"hyde-no-11-peated-single-malt-0-7l-43","status":"publish","type":"product","link":"https:\/\/whisky.ad\/fr\/produit\/hyde-no-11-peated-single-malt-0-7l-43\/","title":{"rendered":"Hyde No.11 Peated Single Malt 0.7l 43%"},"content":{"rendered":"","protected":false},"excerpt":{"rendered":"<div class=\"flex flex-grow flex-col gap-3 max-w-full\">\n<div class=\"min-h-[20px] flex flex-col items-start gap-3 overflow-x-auto whitespace-pre-wrap break-words\">\n<div class=\"markdown prose w-full break-words dark:prose-invert light\">\n<p>Cette \u00e9dition limit\u00e9e est une exclusivit\u00e9 de Hyde Irish Whiskey. Il porte fi\u00e8rement la distinction d&#8217;\u00eatre non filtr\u00e9 \u00e0 froid et d&#8217;avoir \u00e9t\u00e9 gracieusement vieilli pendant une dur\u00e9e minimale de 8 ans dans des f\u00fbts d&#8217;ex-bourbon. No.11 se distingue par une \u00e9tiquette comm\u00e9morative portant l&#8217;ann\u00e9e 1949, en hommage au premier pr\u00e9sident de l&#8217;Irlande, Douglas Hyde. Nez : D\u00e9licatement impr\u00e9gn\u00e9e d&#8217;une touche de fum\u00e9e, cette expression r\u00e9v\u00e8le des parfums rappelant la poire, la pomme verte et les fruits secs. Bouche : Elle d\u00e9voile une base malt\u00e9e biscuit\u00e9e, compl\u00e9t\u00e9e par une douce infusion de miel sucr\u00e9 et la chaleur du ch\u00eane grill\u00e9. La texture est riche, cors\u00e9e et d\u00e9licieusement cr\u00e9meuse en bouche.  <\/p>\n<\/div>\n<\/div>\n<\/div>\n","protected":false},"featured_media":77197,"comment_status":"open","ping_status":"closed","template":"","meta":{"_acf_changed":false},"product_brand":[],"product_cat":[357,436,502],"product_tag":[],"class_list":{"0":"post-78738","1":"product","2":"type-product","3":"status-publish","4":"has-post-thumbnail","6":"product_cat-whisky-by-brand-fr","7":"product_cat-hyde-fr","8":"product_cat-ireland-fr","10":"first","11":"instock","12":"taxable","13":"shipping-taxable","14":"purchasable","15":"product-type-simple"},"acf":[],"aioseo_notices":[],"jetpack_sharing_enabled":true,"_links":{"self":[{"href":"https:\/\/whisky.ad\/fr\/wp-json\/wp\/v2\/product\/78738","targetHints":{"allow":["GET"]}}],"collection":[{"href":"https:\/\/whisky.ad\/fr\/wp-json\/wp\/v2\/product"}],"about":[{"href":"https:\/\/whisky.ad\/fr\/wp-json\/wp\/v2\/types\/product"}],"replies":[{"embeddable":true,"href":"https:\/\/whisky.ad\/fr\/wp-json\/wp\/v2\/comments?post=78738"}],"wp:featuredmedia":[{"embeddable":true,"href":"https:\/\/whisky.ad\/fr\/wp-json\/wp\/v2\/media\/77197"}],"wp:attachment":[{"href":"https:\/\/whisky.ad\/fr\/wp-json\/wp\/v2\/media?parent=78738"}],"wp:term":[{"taxonomy":"product_brand","embeddable":true,"href":"https:\/\/whisky.ad\/fr\/wp-json\/wp\/v2\/product_brand?post=78738"},{"taxonomy":"product_cat","embeddable":true,"href":"https:\/\/whisky.ad\/fr\/wp-json\/wp\/v2\/product_cat?post=78738"},{"taxonomy":"product_tag","embeddable":true,"href":"https:\/\/whisky.ad\/fr\/wp-json\/wp\/v2\/product_tag?post=78738"}],"curies":[{"name":"wp","href":"https:\/\/api.w.org\/{rel}","templated":true}]}}