{"id":78735,"date":"2023-08-27T20:06:30","date_gmt":"2023-08-27T19:06:30","guid":{"rendered":"https:\/\/whisky.ad\/product\/hyde-no-10-banyuls-single-cask-0-7l-43\/"},"modified":"2023-08-27T20:06:30","modified_gmt":"2023-08-27T19:06:30","slug":"hyde-no-10-banyuls-single-cask-0-7l-43","status":"publish","type":"product","link":"https:\/\/whisky.ad\/fr\/produit\/hyde-no-10-banyuls-single-cask-0-7l-43\/","title":{"rendered":"Hyde No.10 Banyuls Single Cask 0.7l 43%"},"content":{"rendered":"","protected":false},"excerpt":{"rendered":"<div class=\"flex flex-grow flex-col gap-3 max-w-full\">\n<div class=\"min-h-[20px] flex flex-col items-start gap-3 overflow-x-auto whitespace-pre-wrap break-words\">\n<div class=\"markdown prose w-full break-words dark:prose-invert light\">\n<p>HYDE no.10, un whisky single malt exceptionnel qui a subi un processus de finition particulier dans un f\u00fbt de vin rouge Banyuls Grand Cru. Ce f\u00fbt remarquable abrite le c\u00e9l\u00e8bre vin de dessert doux fran\u00e7ais \u00e9labor\u00e9 \u00e0 partir de 75 % de raisins rouges grenache gris provenant de la pittoresque C\u00f4te Vermeille, dans les Pyr\u00e9n\u00e9es-Orientales, en France. Le Banyuls Grand Cru m\u00fbrit dans des f\u00fbts de ch\u00eane blanc pendant au moins 30 mois avant d&#8217;\u00eatre mis en bouteille. Malgr\u00e9 la capacit\u00e9 du f\u00fbt de 225 litres, seulement 60 bouteilles ont \u00e9t\u00e9 r\u00e9serv\u00e9es exclusivement au march\u00e9 irlandais par l&#8217;interm\u00e9diaire de l&#8217;estim\u00e9e Celtic Whiskey Company. Nez : Un ensemble harmonieux se d\u00e9ploie, comprenant des \u00e9l\u00e9ments robustes de vanille, de ch\u00eane grill\u00e9, de gingembre s\u00e9ch\u00e9 et de guimauve, tous impeccablement \u00e9quilibr\u00e9s. Bouche : Les caract\u00e9ristiques du ch\u00eane am\u00e9ricain occupent le devant de la sc\u00e8ne, accompagn\u00e9es d&#8217;une douceur subtile et d&#8217;accents robustes de c\u00e9r\u00e9ales et de vanille. Finale : Ce whisky peut \u00eatre consomm\u00e9 sans probl\u00e8me \u00e0 l&#8217;\u00e9tat pur et se termine par une finale exceptionnellement douce et persistante qui n&#8217;a pas besoin d&#8217;\u00eatre embellie.  <\/p>\n<\/div>\n<\/div>\n<\/div>\n<div class=\"flex justify-between lg:block\">\n<div class=\"text-gray-400 flex self-end lg:self-center justify-center mt-2 gap-2 md:gap-3 lg:gap-1 lg:absolute lg:top-0 lg:translate-x-full lg:right-0 lg:mt-0 lg:pl-2 visible\"><\/div>\n<\/div>\n","protected":false},"featured_media":77194,"comment_status":"open","ping_status":"closed","template":"","meta":{"_acf_changed":false},"product_brand":[],"product_cat":[502,357,436],"product_tag":[],"class_list":{"0":"post-78735","1":"product","2":"type-product","3":"status-publish","4":"has-post-thumbnail","6":"product_cat-ireland-fr","7":"product_cat-whisky-by-brand-fr","8":"product_cat-hyde-fr","10":"first","11":"instock","12":"taxable","13":"shipping-taxable","14":"purchasable","15":"product-type-simple"},"acf":[],"aioseo_notices":[],"jetpack_sharing_enabled":true,"_links":{"self":[{"href":"https:\/\/whisky.ad\/fr\/wp-json\/wp\/v2\/product\/78735","targetHints":{"allow":["GET"]}}],"collection":[{"href":"https:\/\/whisky.ad\/fr\/wp-json\/wp\/v2\/product"}],"about":[{"href":"https:\/\/whisky.ad\/fr\/wp-json\/wp\/v2\/types\/product"}],"replies":[{"embeddable":true,"href":"https:\/\/whisky.ad\/fr\/wp-json\/wp\/v2\/comments?post=78735"}],"wp:featuredmedia":[{"embeddable":true,"href":"https:\/\/whisky.ad\/fr\/wp-json\/wp\/v2\/media\/77194"}],"wp:attachment":[{"href":"https:\/\/whisky.ad\/fr\/wp-json\/wp\/v2\/media?parent=78735"}],"wp:term":[{"taxonomy":"product_brand","embeddable":true,"href":"https:\/\/whisky.ad\/fr\/wp-json\/wp\/v2\/product_brand?post=78735"},{"taxonomy":"product_cat","embeddable":true,"href":"https:\/\/whisky.ad\/fr\/wp-json\/wp\/v2\/product_cat?post=78735"},{"taxonomy":"product_tag","embeddable":true,"href":"https:\/\/whisky.ad\/fr\/wp-json\/wp\/v2\/product_tag?post=78735"}],"curies":[{"name":"wp","href":"https:\/\/api.w.org\/{rel}","templated":true}]}}