{"id":78732,"date":"2023-08-27T19:58:59","date_gmt":"2023-08-27T18:58:59","guid":{"rendered":"https:\/\/whisky.ad\/product\/hyde-8-year-old-cask-strength-whiskey-0-7l-59\/"},"modified":"2023-08-27T19:58:59","modified_gmt":"2023-08-27T18:58:59","slug":"hyde-8-year-old-cask-strength-whiskey-0-7l-59","status":"publish","type":"product","link":"https:\/\/whisky.ad\/fr\/produit\/hyde-8-year-old-cask-strength-whiskey-0-7l-59\/","title":{"rendered":"Hyde 8 Year Old Cask Strength Whiskey 0.7l 59%"},"content":{"rendered":"","protected":false},"excerpt":{"rendered":"<div class=\"flex flex-grow flex-col gap-3 max-w-full\">\n<div class=\"min-h-[20px] flex flex-col items-start gap-3 overflow-x-auto whitespace-pre-wrap break-words\">\n<div class=\"markdown prose w-full break-words dark:prose-invert light\">\n<p>Cr\u00e9\u00e9 en \u00e9dition limit\u00e9e par Hibernia Distillers, ce whiskey se pr\u00e9sente comme un whiskey irlandais \u00e0 grain unique ayant subi une triple distillation et n&#8217;ayant pas \u00e9t\u00e9 filtr\u00e9 pendant le processus de refroidissement. Sa puissance est \u00e9vidente, ce qui incite \u00e0 le diluer avec de l&#8217;eau ou, pour ceux qui sont enclins \u00e0 l&#8217;explorer, \u00e0 l&#8217;accompagner d&#8217;une bi\u00e8re au gingembre piquante et d&#8217;une tranche d&#8217;orange s\u00e9duisante. Nez : L&#8217;essence vigoureuse d&#8217;\u00e9pices \u00e0 grain unique danse au milieu d&#8217;une succulente douceur de caramel et d&#8217;un soup\u00e7on de vanille. Bouche : Ancr\u00e9e par le ch\u00eane grill\u00e9 et l&#8217;orge dor\u00e9, cette expression r\u00e9v\u00e8le un c\u0153ur enrichi par des nuances de poivre noir concass\u00e9, de caramel au beurre et le croquant des pommes vertes. Finale : Une \u00e9treinte durable de richesse terreuse d\u00e9riv\u00e9e de la gousse de vanille persiste doucement. <\/p>\n<\/div>\n<\/div>\n<\/div>\n","protected":false},"featured_media":77191,"comment_status":"open","ping_status":"closed","template":"","meta":{"_acf_changed":false},"product_brand":[],"product_cat":[357,436,502],"product_tag":[],"class_list":{"0":"post-78732","1":"product","2":"type-product","3":"status-publish","4":"has-post-thumbnail","6":"product_cat-whisky-by-brand-fr","7":"product_cat-hyde-fr","8":"product_cat-ireland-fr","10":"first","11":"instock","12":"taxable","13":"shipping-taxable","14":"purchasable","15":"product-type-simple"},"acf":[],"aioseo_notices":[],"jetpack_sharing_enabled":true,"_links":{"self":[{"href":"https:\/\/whisky.ad\/fr\/wp-json\/wp\/v2\/product\/78732","targetHints":{"allow":["GET"]}}],"collection":[{"href":"https:\/\/whisky.ad\/fr\/wp-json\/wp\/v2\/product"}],"about":[{"href":"https:\/\/whisky.ad\/fr\/wp-json\/wp\/v2\/types\/product"}],"replies":[{"embeddable":true,"href":"https:\/\/whisky.ad\/fr\/wp-json\/wp\/v2\/comments?post=78732"}],"wp:featuredmedia":[{"embeddable":true,"href":"https:\/\/whisky.ad\/fr\/wp-json\/wp\/v2\/media\/77191"}],"wp:attachment":[{"href":"https:\/\/whisky.ad\/fr\/wp-json\/wp\/v2\/media?parent=78732"}],"wp:term":[{"taxonomy":"product_brand","embeddable":true,"href":"https:\/\/whisky.ad\/fr\/wp-json\/wp\/v2\/product_brand?post=78732"},{"taxonomy":"product_cat","embeddable":true,"href":"https:\/\/whisky.ad\/fr\/wp-json\/wp\/v2\/product_cat?post=78732"},{"taxonomy":"product_tag","embeddable":true,"href":"https:\/\/whisky.ad\/fr\/wp-json\/wp\/v2\/product_tag?post=78732"}],"curies":[{"name":"wp","href":"https:\/\/api.w.org\/{rel}","templated":true}]}}