{"id":78729,"date":"2018-11-13T17:47:40","date_gmt":"2018-11-13T16:47:40","guid":{"rendered":"https:\/\/whisky.ad\/product\/hobe-nordic-silver-filtered-vodka-700ml-39-2-vol\/"},"modified":"2023-12-09T11:34:22","modified_gmt":"2023-12-09T10:34:22","slug":"hobe-nordic-silver-filtered-vodka-700ml-39-2-vol","status":"publish","type":"product","link":"https:\/\/whisky.ad\/fr\/produit\/hobe-nordic-silver-filtered-vodka-700ml-39-2-vol\/","title":{"rendered":"Hobe Nordic Silver Filtered Vodka (700ml 39.2% vol.)"},"content":{"rendered":"<p><img decoding=\"async\" src=\"https:\/\/liviko.ee\/static\/Bloody_Mary_Hobe-1-250x380.jpg\" alt=\"H\u00d5BE Bloody Mary\" data-index=\"0\" data-href=\"https:\/\/liviko.ee\/static\/Bloody_Mary_Hobe-1-395x600.jpg\" data-width=\"395\" data-height=\"600\"><\/p>\n","protected":false},"excerpt":{"rendered":"<p>La vodka H\u00f5be est une vodka haut de gamme de la gamme Viru Valge, con\u00e7ue pour c\u00e9l\u00e9brer les grandes occasions. La filtration H\u00f5be prend presque trois fois plus de temps que la m\u00e9thode de production ordinaire, mais le produit final en vaut largement la peine. La H\u00f5be est fabriqu\u00e9e en petits lots et les finitions post-production sont r\u00e9alis\u00e9es \u00e0 la main. H\u00f5be signifie &#8220;argent&#8221; en anglais et la vodka porte ce nom pour une bonne raison : elle passe par un syst\u00e8me de filtration en cascade \u00e0 plusieurs niveaux &#8211; d&#8217;abord un filtre \u00e0 charbon, puis 29 \u00e9l\u00e9ments filtrants en argent qui donnent \u00e0 la boisson son go\u00fbt pur. Enfin, la vodka entre dans un filtre de polissage, qui lui conf\u00e8re son \u00e9clat unique. Gr\u00e2ce \u00e0 cette m\u00e9thode de filtration, H\u00f5be a un volume alcoolique de 39,2 % exactement &#8211; le volume auquel la vodka filtr\u00e9e \u00e0 l&#8217;argent acquiert le meilleur \u00e9quilibre entre l&#8217;ar\u00f4me propre et le go\u00fbt vif.  <\/p>\n","protected":false},"featured_media":75754,"comment_status":"open","ping_status":"closed","template":"","meta":{"_acf_changed":false},"product_brand":[],"product_cat":[347,418],"product_tag":[499,493],"class_list":{"0":"post-78729","1":"product","2":"type-product","3":"status-publish","4":"has-post-thumbnail","6":"product_cat-spirits-fr","7":"product_cat-vodka-fr","8":"product_tag-silver-fr","9":"product_tag-estonia-fr","11":"first","12":"instock","13":"taxable","14":"shipping-taxable","15":"purchasable","16":"product-type-simple"},"acf":[],"aioseo_notices":[],"jetpack_sharing_enabled":true,"_links":{"self":[{"href":"https:\/\/whisky.ad\/fr\/wp-json\/wp\/v2\/product\/78729","targetHints":{"allow":["GET"]}}],"collection":[{"href":"https:\/\/whisky.ad\/fr\/wp-json\/wp\/v2\/product"}],"about":[{"href":"https:\/\/whisky.ad\/fr\/wp-json\/wp\/v2\/types\/product"}],"replies":[{"embeddable":true,"href":"https:\/\/whisky.ad\/fr\/wp-json\/wp\/v2\/comments?post=78729"}],"wp:featuredmedia":[{"embeddable":true,"href":"https:\/\/whisky.ad\/fr\/wp-json\/wp\/v2\/media\/75754"}],"wp:attachment":[{"href":"https:\/\/whisky.ad\/fr\/wp-json\/wp\/v2\/media?parent=78729"}],"wp:term":[{"taxonomy":"product_brand","embeddable":true,"href":"https:\/\/whisky.ad\/fr\/wp-json\/wp\/v2\/product_brand?post=78729"},{"taxonomy":"product_cat","embeddable":true,"href":"https:\/\/whisky.ad\/fr\/wp-json\/wp\/v2\/product_cat?post=78729"},{"taxonomy":"product_tag","embeddable":true,"href":"https:\/\/whisky.ad\/fr\/wp-json\/wp\/v2\/product_tag?post=78729"}],"curies":[{"name":"wp","href":"https:\/\/api.w.org\/{rel}","templated":true}]}}